{"id":617,"date":"2016-08-09T14:04:12","date_gmt":"2016-08-09T14:04:12","guid":{"rendered":"http:\/\/doutoradoja.sites.uff.br\/?page_id=617"},"modified":"2025-05-08T19:59:41","modified_gmt":"2025-05-08T19:59:41","slug":"professores","status":"publish","type":"page","link":"http:\/\/ppgdin.uff.br\/?page_id=617","title":{"rendered":"Professores"},"content":{"rendered":"<p><span style=\"color: #000080\"><strong>Coordenador<\/strong><\/span><\/p>\n<p><a href=\"http:\/\/lattes.cnpq.br\/1643533929253579\">PL\u00cdNIO LACERDA MARTINS<\/a><\/p>\n<p><span style=\"color: #000080\"><strong>Vice Coordenador<\/strong><\/span><\/p>\n<p><a href=\"http:\/\/lattes.cnpq.br\/9382635353783283\">GILVAN LUIZ HANSEN<\/a><\/p>\n<p><span style=\"color: #000080\"><strong>Professores Permanentes<\/strong><\/span><\/p>\n<p><a href=\"http:\/\/buscatextual.cnpq.br\/buscatextual\/visualizacv.do?id=K4734060P2&amp;tokenCaptchar=03AGdBq26T5n9YebCJNA6U0t-Gv58K-xkjKKJv8rcn69XPw_rX5UyZy33j4T2lYvu075WXN4G0jGHkIDlSpXKyaSVLVmY_o450TaAAc5T2x3VQN-vWWjfKssM_kPI8opGHhyTulqTh1eTGKu8a27dD05U7fF5RmSID22Bo3PZpkHrKKH5txdf2blK5YrBuTerEGXJ03X-QfRmRTrNpBtTfMvSSaKzyTDB0HGTLQbHvqLPIJBoSFKkLhfMuev2r2YeMd4HSaLRAjcpyV64JXmn0pa9d9Fwi5wp_RoqBDjUIDtL1juYoggT46KiD47xIpbANSr8a7NTGUuN2uILoDL5dBFxyEAb5l8pzsMMJgo2CsTwgVSdS1HDJbF5UIufqyaG-EqiopkOAMb5E3HmBIco-2ZDR9X4Qwe8gORVkn8vUOaG45jz0FjX14SzKPRrgPhw4x4JQ9iGIY-dQm2NxQUDx9nXr2ozvkrXzVjOVMbzVmGFjARlghSHKX1Asw2A8peBh6mruR0G71w5U3GfvdRMFPejmNddj8V7yEA\">ADRIANA DIAS VIEIRA<\/a><\/p>\n<p><a href=\"https:\/\/lattes.cnpq.br\/1342995859695951\">ALEXANDER SEIXAS DA COSTA<\/a><\/p>\n<p><a href=\"http:\/\/buscatextual.cnpq.br\/buscatextual\/visualizacv.do?id=K4239007Z9&amp;tokenCaptchar=03AGdBq24HM5XeCgdvwT-ZskPu_0GqNezFHnYqhiFFGpZuDdFT5Qo8HwAOMQnyuTHEIStVuGHcZdBH_fnjocjYepFS0eeDkM4nqkWkdSnw3WBsBCQZsAGmohnd-xDzUyKUovyv0b08lpTu-fo-96xy4etqODLsL9QnWmhRjEEtLi_1ikSaG4MJDCW8Q9IfkSSZZ-GlyKGzqP5qQihknP_lMXBqWFh26yEDU1zR10iLuwxCmo1t5023RE0vITmUw-FBG2Tn1GlO2XwGHOrazRvwRLvT0DEuyLJ2nNtvwGyrn-rcQjEJX0v8DZfypVsK03A4iNdnnGoiepe1aPJ5NVfoAgRkErRd2Lkg4EyM-1hHzb6SgtWMdqJx7n_6eULwo2lh4ZkowxCmNAdKAMDC8eWW-ebkJgZBLYaf28HElx4OIL3dDOtzgtYkAS6ml7Hz5VVIQOGuIUzjFP9WNT4NHJwu0m1h_ons4nNwKg\">ANDR\u00c9 SADDY<\/a><\/p>\n<p><a href=\"http:\/\/lattes.cnpq.br\/5756015483623650\">BENEDICTO DE VASCONCELLOS LUNA GON\u00c7ALVES PATR\u00c3O<\/a><\/p>\n<p><a href=\"http:\/\/buscatextual.cnpq.br\/buscatextual\/visualizacv.do?id=K4272698Z5&amp;tokenCaptchar=03AOLTBLQ75RGALLEqlonnSER3957rnIEUTDfMkSvqzcSL7nqKeVoqHVO4-XUGeymt7rJuCCzQlbNmv7xDDky_ngligoM71YdbrI6V-23jXei9Spfs8o9GYvRuos4ntBsFLHZ463xEIXbAuLHoK0v31y1S1sMzHFkx5rRA3wKWChv_iHMx_7g-9izcZ6wiJe68QwKketmTxsUNqpEXcq57EkOYMAZzoQcsSCSJGjIj1ubXOEre6zhPwGI4brhJFl5FL1ZLmGVR2Mywr9WCqqi2U_BafCobzcOZSx3b7xJhdlvUnuMD9bc8105zoyi1yNCmQZlC2Dvp6NBfNJnAwlGprUcNXx-6A0zHpxA1bLp9vDqgoCwrd2lRUzVBkIPBVD70RjoriKq66C2tWO_UlXaK_Ok-9dRP_7hJPBDWXvXtcUsUZEeVCLoXbL7t4cc1BJeb8zhwNV8XxXGhg04aFNg4hIIGTFk_t916zf55612gDag4aJTkSiSZ0C9OImP7mcoBxh5RsrzT92dB\">CELIA BARBOSA ABREU<\/a><\/p>\n<p><a href=\"http:\/\/lattes.cnpq.br\/8032320515863835\">CIBELE CARNEIRO DA CUNHA MACEDO SANTOS<\/a><\/p>\n<p><a href=\"http:\/\/buscatextual.cnpq.br\/buscatextual\/visualizacv.do?id=K4138959U7&amp;tokenCaptchar=03AGdBq24AzN7-5-KW6z9VXiSdm3G29DZaxZb2YTkwoGJn0ZIwJKwbTq86OA2UoozSB8VfA4Z1jThNBqa9JNOka21fO8Gb1z_tdAmRGXMvKEc4iPKKhpl53QLqfADcY3F4Wf7ClS-TbdnFBGq3N5euMJYd-S-nnx32IGPshhFWcxQ3ckqWo8gdmPBx-iu52gG1uDGSidKeKs-eb0s5ktyQxwpJio_lAyTBx3Zmc58OkWilOhnLS1vTAxEyOxumwBnIvYvEpeo2Y4E-DpaTNeV62Y4QozUnP2ls2Bq65Tc07l_Tauk0vpwXIBVPAFovXi77P29prjRGmxFmCZ1LEYvcOq8JJtp9RvMh52YJqNCrSvNOHzs1u3_ontv7F9YnS9vJKxACgu_4BGswot02Q6uNy-X9mykL52roe_bEDejeIHfeej-7BTvX8DVOf_ta1r0cddXb6WTdmDJZTqb0fGoZ7sgBdz6dkGUe-iUwSLFVLJ-3PkLR4zQLuMf4ecxFLQFhjuSrvCAFJzHR7IJOEz7V7ihHqNeHiO3FlQ\">CLARISSA MARIA BEATRIZ BRANDAO DE CARVALHO KOWARSKI<\/a><\/p>\n<p><a href=\"http:\/\/lattes.cnpq.br\/4620285328081573\">DANIELA JULIANO SILVA<\/a><\/p>\n<p><a href=\"http:\/\/EDSON ALVISI NEVES\" data-wplink-url-error=\"true\">EDSON ALVISI NEVES<\/a><\/p>\n<p><a href=\"http:\/\/buscatextual.cnpq.br\/buscatextual\/visualizacv.do?id=K4797456A6&amp;tokenCaptchar=03AIIukzglD-BkP3OtYGlG5jcUxDSgfhiAOIJ5bpfqLMiAcEb-GYpMBvWjDMYtBfSnIXtInbrGXx2ikKp33TbltV60gk4VuR0a5LJIGlEpn2Bgngy_ShhammbxRYjdLbW08BTlGK2p50N2xdW67k18DvZ26Bo0LtWzFz7A1XJiWEEIeGAfGEc3RxJxMS3osSSb9LmmoWbP60n0g2iZVEz4T2Bfty2FSzJ5Pq1wHtXs0XF9U50CoGMCJRidjFw5Zr_n5ssrqKrZNGk-TA_8S_1wGezP_TItMQlY3QfOv3kuQHPAWw1exICb9-6AQjLFzEI7MwR1Tf6XKVTmQJ6Fee-hjSZLGQ5ztZciGPY7WSzQkphIVUC1Svev8n1kaCRTxXzYxmmfIjccJYQAoz44r9A15wsePTzxwiaqQncm6RuFGzn8d_omJziF-dC5pxIXQmbXO91CWdOdj6JIYTiicsuLXSwueRm-2-t1ES4yciZqwM2MkChTO4kl4eitHUM5sNJkLyFnpTQiWxLeLWvg9hPWu6qvv6Ps8MpgXA\">EDUARDO MANUEL VAL<\/a><\/p>\n<p><a href=\"http:\/\/buscatextual.cnpq.br\/buscatextual\/visualizacv.do?id=K4239270P5&amp;tokenCaptchar=03AOLTBLQo1l0DTlS0NxW2KyIi_F0eaie13-TnTbX5s3sjfFzepGwUPhDomlnGw8dp0QyDyP0jS-nukjDvl9uThY4mvI-rx5OLnyC9OGPUyNOCE0tOVaJgc5mOoeFJSwUKmIDcLiMJrdgVswjBb5I-8GhNTj6b9CCUtq4DTogRxdZw2bPOh4-gCbxx5iMdvn2EY6uBKbngMZpW0cRNkJW_vJG89SzaaBJWlISnTZHAZdStRf-RPsMKIIfE-ZD3mG7yIE8ozG2x-nSzBfACl75sA1xSWe8bjBOY3SFcCKkLCglxBAalwsomnZruDu8RPoqrkWnrevkFSHtI9aCqEbUJB9rIi0QEq1zWBPYuiw90OKYylkzKPE1YazgBNbbex55eAbA8zAifsTMn2haiGV8BNAAvoPQPMl54StcPoMgD3BVKYbnkmuUGOKyOA5oSW_Z_AAgYfGhD966TYvr6QlgVhQSwxYV8jbGGkau2a4nOudOeJS-lJToCEKlum4M8tYj_wVer1ttlnn0D\">FERNANDA PONTES PIMENTEL<\/a><\/p>\n<p><a href=\"http:\/\/buscatextual.cnpq.br\/buscatextual\/visualizacv.do?id=K4713496J8&amp;tokenCaptchar=03AOLTBLTRncH23bgUh2bh8SpFm4bMnrfZPrpEXalrB511RZy70GZpGhiNv_3tRZmhpFQEMJTXpjGu0WDhnpZzeZFWScGhxL2R0H3xXbj4HN4mJ1y20OzeBvkEQvqFPPpweOy_CS3MeeJ3rrJz34DkqoXFpIqKVd_RjdgHRn6nRvR0A3jJ27w8h_qvQDDIdAccesE73ROkr5g6aNE3knpifA5FLGJTGIOisAVBQv5SFOLClvGJBWuOYbsV_oHl_zhtC7iZPDC15chAS_KXu3ONbrkVzJmbeu2uFm29cVS3Nqdz_yFolv9Et1cTZAH--ocLh2T_J-2dhJpam62l6yjRa8Y4B-4bsSuCGfxfW6z4MfdiKRtZGHIdYv2pRehpCI4BpoJC0dl4AdAKbM9sTjEEY8fbZ4oxBJaWJ7filkl-894MOXNhCOFfcg_VdDO9Zn89bC8e7IzLFo7SOaKzc7XZG69CSpq4ZWrQPCHfg69mLM4xDa6eu6XZq9vj8MaklY_NHzCIbm7UkkNE\">FERNANDO GAMA DE MIRANDA NETTO<\/a><\/p>\n<p><a href=\"http:\/\/buscatextual.cnpq.br\/buscatextual\/visualizacv.do?id=K4766764P9&amp;tokenCaptchar=03AGdBq26uftXj-taKoAnhfbQSy8t0ZtQWUbcECB5-sK6Gtr7iWHHJIsyxY08iRfSt8kdrT8AHwAvEn0IV6HG3HCMl91qYBQCPDbY5ivFtOl6P_x-ddV7yoblx44U_gX5ZdXX9pwXY2gUWEYNpB-DusQEWzNNZrCmarK9G_eIHsSRlX9Xc8OzeoJ2Yb1ucrCosIjUkbcCVBLeCpOr5EN0aiPyumLEql8dZkyEB09g9ZHwxWjwbdgMJcsyOA-5OGTEeWEvtZ9dcT3YVupnNO2uz8AtcHZjKq5hesHCtQGI2x3YgDAUJjQfacG7JZ0muezpQYD1RZAjC-9GeCtIvibzvwMck0wgLrfW73LYN8lsUwoFZ83_gvLoxt9PrBy1ieSNSadjKYOhB24cSGrayw0fu-F16Eb5AIbewg-iJAr2wnk6U_j7PfAO4hAtUJrmAJLYvobe73EGjv3JbS6Jkc59DED5yPRbkr-dbFEFGLKyOUmDgD9g7mgvKnpC0D8N0Dc4Qs5nz9RwGzRXB3nphyyd9b2he1b5wLTkZnA\">GILVAN LUIZ HANSEN<\/a><\/p>\n<p><a href=\"http:\/\/buscatextual.cnpq.br\/buscatextual\/visualizacv.do?id=K4246990A3&amp;tokenCaptchar=03AGdBq25KaXRXr936FMuvEKe_fSUCvNvVxR2AnepJHAyAOWMWvLEO56AsESpjMRY4YE8-0cqf4cxlWe8S5iMnhKvQAhXOvtHG58_jll3hS55QdJz494JbJ0k3QssyH4xT9hRafdsGyRWUYLTbQSQuI7Qyw2ppU-N-4pDeTd0unGbWrI-G1PtbpwGUY7ruaJJ9ZasZIrOY7PreZbvpqFyKXj2yelHlnSG7ADvxtvGuZHrPVdQsGztOQCtoKyWJk3LeJTe0067wtS8SHtA68NhggxGtBJHEos0vwlUg4XNUTEiYW6UCk_c6NqbNpI8ZG9aWrq2eS0B619tDxBS9p4Nv6d2_C4MC_kjiXdgqZu50MVoP0kfBolN3UBl_Ulpub6ARJsdd6YOgYZEhhsRWXV7jUUtnntHPxu8mgE7vdyIg1mf9uGlGXFwgKeG4E0CwjCwtzu3FxcOg1ez1ZqHJ1RBAFWFqU4VhG7XHSgfwvGAttRCX7HHFfKS0-i0NHFoRftDTESrJ-f0gfsCEF0ygxE8ziqYPyOikAw7HfQ\">GUILHERME MAGALH\u00c3ES MARTINS<\/a><\/p>\n<p><a href=\"http:\/\/buscatextual.cnpq.br\/buscatextual\/visualizacv.do?id=K4768914T1\">JOAQUIM LEONEL DE REZENDE ALVIM<\/a><\/p>\n<p><a href=\"http:\/\/lattes.cnpq.br\/6315272077158811\">JOSE ANTONIO CALLEGARI<\/a><\/p>\n<p><a href=\"http:\/\/lattes.cnpq.br\/5471746328944280\">LEONARDO COSTA DE PAULA<\/a><\/p>\n<p><a href=\"http:\/\/lattes.cnpq.br\/8297241559743172\">LET\u00cdCIA VIRGINIA LEIDENS<\/a><\/p>\n<p><a href=\"https:\/\/lattes.cnpq.br\/0207380938984292\">L\u00cdVIA PITELLI ZAMARIAN HOUAISS<\/a><\/p>\n<p><a href=\"http:\/\/buscatextual.cnpq.br\/buscatextual\/visualizacv.do?id=K4988706U6&amp;tokenCaptchar=03ANYolqubVeEbWOlNZyMK1eeWim2cQcimdRjL6hMzqSSAS4UcpO38avUYK39FdUuHcRUGf-8VwD0RXb9lFF1jhrhgH6nhdgTlknOuS9owbKrbO2WklET74A-05cG3mOXtAvp6rkxGgvq-mljyiqklB-Ecs6UvzD9wMG5cuF7smsM6vk6VWfTiUkHOpz98MgePgeJeGod8e07MnwCLf2jMo3bXNtvCXW9S-pPllVzbT_qi50LU2a2A0s-3QaxXs-sRGdKNdK2gKiiIT3QIro0AV2K2OeTWG6v6A0ehAm08ZJ8EH1ys_2U0G27eb-QsY95cC93HJuXeA2pqaxyPhCM9xI_P1luG2Idl-D5RpE-FtqV5LYprchvNt3t3SkULafs7_sGRxKVJhf7AD7jcvzeHpdM0ZZrL07pIAkGdUQVK5C49wAdPI9scRJzblqdtz3oWqJ_4PhtTqOzEaXjIsSLEbOM5C6FFied4XBbL7VHonCwrU6zW-IFC3l-44T-nv4b8s8PGHr_xObKP20AAwN6FETcFC95s5i-xxQ\">L\u00daCIA SOUZA D&#8217;AQUINO<\/a><\/p>\n<p><a href=\"http:\/\/lattes.cnpq.br\/6176375843765831\">LUCIO PICAN\u00c7O FACCI<\/a><\/p>\n<p><a href=\"http:\/\/buscatextual.cnpq.br\/buscatextual\/visualizacv.do?id=K4268060U6&amp;tokenCaptchar=03ANYolqsy9ptukn7rhiO3uiP96KwZMK8e1M1Z9scnaSysaTv6A8AuG0aXJmwZVpLYyNIqsI4M6R0Oh_V7gQEarPOuslMEQnIDY5th4HI5Y6w8RmlAHNR1ceLSoRHI-ztyoFOX58_vPZVP22WZuSuBKAH5_jGBE1cJjjsXVwbh_FUvLhYXEFYMinPKccw6DsbFJhzo9ZWTsKBwb6gl08Xz1YNraf0wvf_omx0IcUvhmNcLJi79q6NMoZIyelIXiYea9pCQfyWlwuWkNT2J6r1aortRE7yooSrRQEYkSMgfrPJNcF5haVLWESBFI_N-_KmqEEHdSDK4o-etAKBlDESuS9jM50GEsz_fOIgDxr17LrhHlmeiJLxuOMcQ5wnOx0_TTa_n0iGKN5Xkw7f6PLuF-Ey2MFw-nExULAg-HIroyl2jvhp1jGU-QtnjdjvT9HvHTYEi4ClZYpaXgp1jXLqfhzLWUcUyCquOmqRuOf7H-QvKyvG25F1qkh-9wAQYTcbpge1f-xxF0XqjbJU8fls901Eyc3g0JoHFJA\">MARCELO PEREIRA DE ALMEIDA<\/a><\/p>\n<p><a href=\"http:\/\/buscatextual.cnpq.br\/buscatextual\/visualizacv.do?id=K4229182P6&amp;tokenCaptchar=03AGdBq25sUFOSqf0jvejH1AUgQvJ3TuzgzVNaDWRYUl9tLILKb36RVp1CLA7DxSPVk12_2YuNQ9ZmS-2a-QRdDJR6R7yNh2h4hw00lU_tjT0nc_j8O1SLYavostYf8aszxAyPk4wPRtDKbKahszH_a6e0dn246bC90DjGufK-usEhwaX0H_5YTseTlr569ZxAd1ekBe-zdlv7V2HGjD29ttDcRcCccFT3QnzzSXeDn-Y_pFSnBtCQRMmJU7JpaEe9l7A6ZnIceMDQtV2FEqioaGtKnHvXzRxAMGYwaRpeP5uz7-2KTD-lbl3FLC_WpqwQsf_r5GturkDQMCm9sNKbMgVFDQLxtmxXnzlBw5M2p6EeH4HzKeuAi-ZxvmZnZmcWVLUJBpZkCo2Uj2eujpPLJXcNhWYRteBQXGidUnByH5SYoADajXK-JHh0QMDDO77hqxp0X2NkkV58Oxhu12OB0ZnjBvuC-ZoFng\">M\u00c1RCIA MICHELE GARCIA DUARTE<\/a><\/p>\n<p><a href=\"http:\/\/buscatextual.cnpq.br\/buscatextual\/visualizacv.do?id=K4728906U4&amp;tokenCaptchar=03AGdBq25qgbXmvJ27rkjyucIDjCphnhN3o1xAr2cvSV1EciuNgXNTscLaIYOmTbL12YcERFl9BmK0tM_r-oG0oAAlVPLckAOsLVkwZhBoYjOgl3ZcxP-3FHjof5d9Pvdg8iidSM99bbQtD5VkvHfGHxCDoht5Oq16dlIB65lMwooY_jbPxRU0A7d7XRYaCSASLJagZcpOq47zPp1WbZU5yKrofXK9poE2eJwDl3smlBUouBxWwF4Sff8oN6ZnetB4SYTZrVrOhQd55AvVGc0V1G6dJelrgtjnCEhDFZBRWw8seHA_bhOtVQ5hICMGDBW-5qMoiEYp0IIw9hvrR6DNoR0Qrh9bMMkL48DErX01C8MrWrIHBtYl84cSJ7dtTc3AQH85fZWL-MqMl-rktp6f6s915IVUo8Z1PMz3QDn96nu8GaNuEgN3uMnty8nRQ4TbGaFeb1MY67LOSEDY4b5Hl_skrD_2GsINjdUIhRBSCpgeqZCCW8KZ6mJ1nfuLEuFKQRmG_juRL37_Q16vpXjUJrwKxlZT02hCWA\">MARCO AURELIO LAGRECA CASAMASSO<\/a><\/p>\n<p><a href=\"http:\/\/buscatextual.cnpq.br\/buscatextual\/visualizacv.do?id=K4798214H0&amp;tokenCaptchar=03AGdBq278W9nOor4dqocbGbjL1pyIXPfyX80tVcFFDYvOGz9ZCY1eSm3ifF6NzVar4DtuCKjJyYc7l7oGM_5hHZBSdpxA71LFGqlEpJhV0pJa7Dhydaa_c_CKb2FgMgCcIcnGnDe4ZCoeYWIg4_ViSJCIXWmyiJxhxBlbN-g_6BM4KmrQHLaWawsY30Gkok99_v2uIq_AtVjievXptdDxBuJ8KaW-zC4P9Y85OBcIyyzmKt502CIy6mEE85QQq9InQh0sryeO2Kh10C6_MvzQSCr3saU4uLY3uszUd5CYYIOYODJL_Y46vpOY5QcE2VkdfaTzkmZ_FCLh0oGiGVZah97WdSkxnMK3MdHOcLD12yJrXn9M0jSGilfhs7sNBT70-hVRunjEKC44o0EFU_OFn9wsNXR4xBr0i43ZqN1gOX53GYyIY7R4QhcEIRv_ue8ESEOmE-b8Nl0WAtbDH0tUR05rl90bisqFESv-uWkdGAPVuV9cmzz9WFoc6FyfWOVKhjqqfYMEO30Rz27WVYRYky7BzKYNPWsUNw\">NILTON CESAR DA SILVA FLORES<\/a><\/p>\n<p><a href=\"http:\/\/lattes.cnpq.br\/0508324195650992\">OZ\u00c9AS CORR\u00caA LOPES FILHO<\/a><\/p>\n<p><a href=\"http:\/\/buscatextual.cnpq.br\/buscatextual\/visualizacv.do?id=K4756734P3&amp;tokenCaptchar=03AGdBq24PtVRRp_1uZxaNFAy00AE9WCTHB6bzsAvvdwCnSaEBF_Bx4aB3GiwY6WmbnpQO45mL42Y7EtBm9BAXdmmFrNwmtN9NW09kXzwtTuNjcFajxTqh9riWkyFU7lFq3hvis02vH0pfR9LY_OeXpp4G8AVvsXfaxm1_MB9wL-Iohkiu4lLaRv4RTRCoZX7NSNbloQS6H-RuwngRmG1RMszBC9UfTEPKIb1M_ErJL7FoeqUm6_kfywRC86RSl3Mp_q8poG5Q0GSbj3FD1AM7CnOzTEuVEA6eyWqyS99jpRFS5gh0AXgbRU3ka1jSxtPys2dHWwi_iWPcB5ERpR6gQtkaI1cZ70JWybpjkpPgsZrO3vgzniq-fDfKhbto76bn9p-UPywOkCzSXiDqJQd3VpRRbk7MXoQl7PgPT1_q20bTMdurbGMGy9NLdPppQ42SZRPsxMBcLlzUHdFYoTOyt3s9EiSvect1mQ\"><span style=\"color: #3366ff\">PL\u00cdNIO LACERDA MARTINS<\/span><\/a><\/p>\n<p><a href=\"http:\/\/lattes.cnpq.br\/3335676792859375\">PRISCILA PETEREIT DE PAOLA GON\u00c7ALVES<\/a><\/p>\n<p><a href=\"http:\/\/buscatextual.cnpq.br\/buscatextual\/visualizacv.do?id=K4758676U4&amp;tokenCaptchar=03AGdBq24jtLdXBMJbL-O4Us3-BZnCdRt58gtLZIxLPkP2h_ATwX1k2f3amJvwMJUQsnGzIOpZllo6nUITGza9GEgT_HGk0AdAH3wtC8ya2ztHbbTgZ1sG7ct699ZoH0ALNXcrDr7zFaZS2dyM_aLgSq7JYm8g6XMWsTTHyUz5HZrr4quaZ1Sgj7_pvl9pi3U0lpfLdLTQe0iIV3fzNeGOc3tUsPiqtg5J3HYJWo6uPT8Qo-BoVS6-0F97JyATTaJhDVUhEDRsabAk-WfikHoBhPd1bTPgfqVkKJ_JdOn21_ty0jE_v61SXTiCl4Hdp6lC81OFXJ2k3L1X22owbg0L9pzPK1Xz_tbsCJuq0z2jAQoldbbG0TsldY8pIYIj5qwj8jzb7QtBA7-Y7Y1QP3egk71Ktotei9nST4IgG46AqUHnB0VM_SBbarmBkOPd_du9vJ5Kok_WyCj8QoJ68DRFLzEp8J6sLjhJeX8ixL2IxcEwpTlzPp3tA-A5hC4yUk2RdYqnHCa8KUw2kLI57J0mfjxbrFC7fiDnVQ\">ROG\u00c9RIO PACHECO ALVES<\/a><\/p>\n<p><a href=\"http:\/\/buscatextual.cnpq.br\/buscatextual\/visualizacv.do?id=K4761634J8&amp;tokenCaptchar=03AOLTBLTfj_zZAhMJDdPsRQTRT6kyctv4ppx7Yh609ats6hdAqT00I59wBJe6Lac6BRmWFtyyrjncGuuCXWsdVOMpmclNWxMuu8j5xI7scVQIVEV5ByBm6oedIst3JiBWPmCh-03sxZewK4WiyUhkoeqpi3ino3HmN9r89ho8ukaFRPhaHQGTGfBdP-CoZdh2gNPPWEUG7HLvDvaJhZ0qaGtrXVLePciPMI_uY_i9j4vX0AkLAgV_TxfCSiCJzQqOzRFoPyvGQE24_pXoym3h3xoNCnrMeGEGUiBrfmocduDTTJEvP3PY-5kd8rBE1EKmLDPDRUlH3dyFRGLfzourqsnVEO-Y-Y9YdY8gnUbCbS0ohkwUyNCO-1BTEUV0M1vc3XBVl8ikEYkTTKW3WpNb_niAivd38WMPV2ZoaDD-R9iteOn1IK5b8w8vEf-hKiSqQPcD2y85tDE35OR1NYqaBRpnhIPimHaeH-SPhOq6mwsC1DarSISvalAdjIEkIAw6iUW43sk9V3xl\">RONALDO JOAQUIM DA SILVEIRA LOB\u00c3O<\/a><\/p>\n<p><a href=\"http:\/\/buscatextual.cnpq.br\/buscatextual\/visualizacv.do?id=K4439348Z6\">SERGIO GUSTAVO DE MATTOS PAUSEIRO<\/a><\/p>\n\n\n<p><br><br><br><br><\/p>\n","protected":false},"excerpt":{"rendered":"<p>Coordenador PL\u00cdNIO LACERDA MARTINS Vice Coordenador GILVAN LUIZ HANSEN Professores Permanentes ADRIANA DIAS VIEIRA ALEXANDER SEIXAS DA COSTA ANDR\u00c9 SADDY BENEDICTO DE VASCONCELLOS LUNA GON\u00c7ALVES PATR\u00c3O CELIA BARBOSA ABREU CIBELE CARNEIRO DA CUNHA MACEDO SANTOS CLARISSA MARIA BEATRIZ BRANDAO DE CARVALHO KOWARSKI DANIELA JULIANO SILVA EDSON ALVISI NEVES EDUARDO MANUEL VAL FERNANDA PONTES PIMENTEL FERNANDO [&hellip;]<\/p>\n","protected":false},"author":5,"featured_media":0,"parent":0,"menu_order":0,"comment_status":"closed","ping_status":"closed","template":"","meta":{"_exactmetrics_skip_tracking":false,"_exactmetrics_sitenote_active":false,"_exactmetrics_sitenote_note":"","_exactmetrics_sitenote_category":0,"footnotes":""},"categories":[],"tags":[],"class_list":["post-617","page","type-page","status-publish","hentry"],"_links":{"self":[{"href":"http:\/\/ppgdin.uff.br\/index.php?rest_route=\/wp\/v2\/pages\/617","targetHints":{"allow":["GET"]}}],"collection":[{"href":"http:\/\/ppgdin.uff.br\/index.php?rest_route=\/wp\/v2\/pages"}],"about":[{"href":"http:\/\/ppgdin.uff.br\/index.php?rest_route=\/wp\/v2\/types\/page"}],"author":[{"embeddable":true,"href":"http:\/\/ppgdin.uff.br\/index.php?rest_route=\/wp\/v2\/users\/5"}],"replies":[{"embeddable":true,"href":"http:\/\/ppgdin.uff.br\/index.php?rest_route=%2Fwp%2Fv2%2Fcomments&post=617"}],"version-history":[{"count":36,"href":"http:\/\/ppgdin.uff.br\/index.php?rest_route=\/wp\/v2\/pages\/617\/revisions"}],"predecessor-version":[{"id":4606,"href":"http:\/\/ppgdin.uff.br\/index.php?rest_route=\/wp\/v2\/pages\/617\/revisions\/4606"}],"wp:attachment":[{"href":"http:\/\/ppgdin.uff.br\/index.php?rest_route=%2Fwp%2Fv2%2Fmedia&parent=617"}],"wp:term":[{"taxonomy":"category","embeddable":true,"href":"http:\/\/ppgdin.uff.br\/index.php?rest_route=%2Fwp%2Fv2%2Fcategories&post=617"},{"taxonomy":"post_tag","embeddable":true,"href":"http:\/\/ppgdin.uff.br\/index.php?rest_route=%2Fwp%2Fv2%2Ftags&post=617"}],"curies":[{"name":"wp","href":"https:\/\/api.w.org\/{rel}","templated":true}]}}