{"id":614,"date":"2016-08-09T14:01:25","date_gmt":"2016-08-09T14:01:25","guid":{"rendered":"http:\/\/doutoradoja.sites.uff.br\/?page_id=614"},"modified":"2024-11-26T16:20:22","modified_gmt":"2024-11-26T16:20:22","slug":"614-2","status":"publish","type":"page","link":"http:\/\/ppgdin.uff.br\/?page_id=614","title":{"rendered":"Representantes"},"content":{"rendered":"<div id=\"lipsum\"><\/div>\n<div><\/div>\n<div><\/div>\n<h2 style=\"text-align: left\"><strong><span style=\"color: #333399\">Colegiado<\/span><\/strong><\/h2>\n<div><\/div>\n<h4><strong><span style=\"color: #3366ff\">DOCENTES:\u00a0\u00a0<\/span><\/strong><\/h4>\n<h4><\/h4>\n<h4>C\u00c9LIA BARBOSA ABREU<\/h4>\n<h4>GILVAN LUIZ HANSEN<\/h4>\n<h4>PL\u00cdNIO LACERDA MARTINS<\/h4>\n<h4>PRISCILA PETEREIT DE PAOLA GONCALVES<\/h4>\n<h4>SERGIO GUSTAVO DE MATTOS PAUSEIRO<\/h4>\n<h4><strong><span style=\"color: #3366ff\">DISCENTES:\u00a0<\/span><\/strong><\/h4>\n<h4>LILIA NUNES SILVA (Titular)<\/h4>\n<h4>NAT\u00c1LIA REGUEIRA DE OLIVEIRA (Suplente)<\/h4>\n<h4><\/h4>\n<hr \/>\n<h4><\/h4>\n<h2 style=\"text-align: left\"><strong><span style=\"color: #333399\">Comiss\u00e3o de bolsas e Acompanhamento Acad\u00eamico<\/span><\/strong><\/h2>\n<h4><\/h4>\n<h4><strong><span style=\"color: #3366ff\">DOCENTES:\u00a0\u00a0<\/span><\/strong><\/h4>\n<h4><\/h4>\n<h4>SERGIO GUSTAVO DE MATTOS PAUSEIRO (Titular)<\/h4>\n<h4>FERNANDA PONTES PIMENTEL (Suplente);<\/h4>\n<h4>ROG\u00c9RIO PACHECO ALVES (Titular)<\/h4>\n<h4>ADRIANA DIAS VIEIRA (Suplente);<\/h4>\n<h4><strong><span style=\"color: #3366ff\">DISCENTES:\u00a0<\/span><\/strong><\/h4>\n<h4><\/h4>\n<div>\n<h4>FL\u00c1VIA DANTAS SOARES (Titular)<\/h4>\n<h4>DANIELLE NASCIMENTO DE SOUZA LINHARES (Suplente)<\/h4>\n<\/div>\n<hr \/>\n<div><strong><span style=\"color: #3366ff\">\u00a0<\/span><\/strong><\/div>\n<div>\n<h2 style=\"text-align: left\"><strong><span style=\"color: #333399\">Comiss\u00e3o de Gest\u00e3o Or\u00e7ament\u00e1ria e Planejamento Administrativo<\/span><\/strong><\/h2>\n<div><\/div>\n<h4><strong><span style=\"color: #3366ff\">DOCENTES:\u00a0\u00a0<\/span><\/strong><\/h4>\n<h4><\/h4>\n<\/div>\n<h4>M\u00c1RCIA MICHELE GARCIA DUARTE (Titular)<\/h4>\n<h4>LEONARDO COSTA DE PAULA (Suplente);<\/h4>\n<h4>DANIELA JULIANO SILVA (Titular)<\/h4>\n<h4>CIBELE CARNEIRO DA CUNHA MACEDO SANTOS (Suplente);<\/h4>\n<h4><strong><span style=\"color: #3366ff\">DISCENTES:\u00a0<\/span><\/strong><\/h4>\n<h4><\/h4>\n<div>\n<h4>PATR\u00cdCIA LEVIN DE CARVALHO CIDADE (Titular)<\/h4>\n<h4>CAMILA BRAGA CORR\u00caA (Suplente)<\/h4>\n<\/div>\n<hr \/>\n<div><\/div>\n<div>\n<h2 style=\"text-align: left\"><strong><span style=\"color: #333399\">Comiss\u00e3o de Avalia\u00e7\u00e3o de Qualidade e Desempenho<\/span><\/strong><\/h2>\n<div><\/div>\n<h4><strong><span style=\"color: #3366ff\">DOCENTES:\u00a0\u00a0<\/span><\/strong><\/h4>\n<\/div>\n<h4><\/h4>\n<div>\n<h4>OZEAS CORREA LOPES FILHO (Titular)<\/h4>\n<h4>RONALDO JOAQUIM DA SILVEIRA LOB\u00c3O (Suplente);<\/h4>\n<h4>L\u00daCIA SOUZA D&#8217;AQUINO (Titular)<\/h4>\n<h4>LETICIA VIRGINIA LEIDENS (Suplente);<\/h4>\n<h4><strong><span style=\"color: #3366ff\">DISCENTES:\u00a0<\/span><\/strong><\/h4>\n<h4><\/h4>\n<div>\n<h4>FELIPE DOS SANTOS JOSEPH (Titular)<\/h4>\n<h4>MARIA JOS\u00c9 MARCOS (Suplente);<\/h4>\n<\/div>\n<\/div>\n","protected":false},"excerpt":{"rendered":"<p>Colegiado DOCENTES:\u00a0\u00a0 C\u00c9LIA BARBOSA ABREU GILVAN LUIZ HANSEN PL\u00cdNIO LACERDA MARTINS PRISCILA PETEREIT DE PAOLA GONCALVES SERGIO GUSTAVO DE MATTOS PAUSEIRO DISCENTES:\u00a0 LILIA NUNES SILVA (Titular) NAT\u00c1LIA REGUEIRA DE OLIVEIRA (Suplente) Comiss\u00e3o de bolsas e Acompanhamento Acad\u00eamico DOCENTES:\u00a0\u00a0 SERGIO GUSTAVO DE MATTOS PAUSEIRO (Titular) FERNANDA PONTES PIMENTEL (Suplente); ROG\u00c9RIO PACHECO ALVES (Titular) ADRIANA DIAS VIEIRA [&hellip;]<\/p>\n","protected":false},"author":5,"featured_media":0,"parent":0,"menu_order":0,"comment_status":"closed","ping_status":"closed","template":"","meta":{"_exactmetrics_skip_tracking":false,"_exactmetrics_sitenote_active":false,"_exactmetrics_sitenote_note":"","_exactmetrics_sitenote_category":0,"footnotes":""},"categories":[],"tags":[],"class_list":["post-614","page","type-page","status-publish","hentry"],"_links":{"self":[{"href":"http:\/\/ppgdin.uff.br\/index.php?rest_route=\/wp\/v2\/pages\/614","targetHints":{"allow":["GET"]}}],"collection":[{"href":"http:\/\/ppgdin.uff.br\/index.php?rest_route=\/wp\/v2\/pages"}],"about":[{"href":"http:\/\/ppgdin.uff.br\/index.php?rest_route=\/wp\/v2\/types\/page"}],"author":[{"embeddable":true,"href":"http:\/\/ppgdin.uff.br\/index.php?rest_route=\/wp\/v2\/users\/5"}],"replies":[{"embeddable":true,"href":"http:\/\/ppgdin.uff.br\/index.php?rest_route=%2Fwp%2Fv2%2Fcomments&post=614"}],"version-history":[{"count":12,"href":"http:\/\/ppgdin.uff.br\/index.php?rest_route=\/wp\/v2\/pages\/614\/revisions"}],"predecessor-version":[{"id":4494,"href":"http:\/\/ppgdin.uff.br\/index.php?rest_route=\/wp\/v2\/pages\/614\/revisions\/4494"}],"wp:attachment":[{"href":"http:\/\/ppgdin.uff.br\/index.php?rest_route=%2Fwp%2Fv2%2Fmedia&parent=614"}],"wp:term":[{"taxonomy":"category","embeddable":true,"href":"http:\/\/ppgdin.uff.br\/index.php?rest_route=%2Fwp%2Fv2%2Fcategories&post=614"},{"taxonomy":"post_tag","embeddable":true,"href":"http:\/\/ppgdin.uff.br\/index.php?rest_route=%2Fwp%2Fv2%2Ftags&post=614"}],"curies":[{"name":"wp","href":"https:\/\/api.w.org\/{rel}","templated":true}]}}