{"id":4593,"date":"2025-04-08T23:52:58","date_gmt":"2025-04-08T23:52:58","guid":{"rendered":"http:\/\/ppgdin.uff.br\/?page_id=4593"},"modified":"2025-04-08T23:52:58","modified_gmt":"2025-04-08T23:52:58","slug":"ano-2025","status":"publish","type":"page","link":"http:\/\/ppgdin.uff.br\/?page_id=4593","title":{"rendered":"ANO 2025"},"content":{"rendered":"\n<p class=\"has-vivid-red-color has-text-color\" style=\"font-size:30px\"><strong>Turma 2025.1<\/strong><\/p>\n\n\n\n<p class=\"has-medium-font-size\">Andr\u00e9ia Alvarenga de Moura Meneses<\/p>\n\n\n\n<p class=\"has-medium-font-size\">Camila Pavi Garcia Rosa<\/p>\n\n\n\n<p class=\"has-medium-font-size\"><a href=\"http:\/\/lattes.cnpq.br\/3443836158867612\">Cristiano \u00c1lvares Valladares do Lago<\/a><\/p>\n\n\n\n<p class=\"has-medium-font-size\">Gabriel de Assis Rangel Crespo<\/p>\n\n\n\n<p class=\"has-medium-font-size\">Gustavo Silva Gusm\u00e3o Dos Santos<\/p>\n\n\n\n<p class=\"has-medium-font-size\">Jader Esteves da Silva<\/p>\n\n\n\n<p class=\"has-medium-font-size\">Jos\u00e9 Claudio Torres Vasconcelos<\/p>\n\n\n\n<p class=\"has-medium-font-size\"><a href=\"http:\/\/lattes.cnpq.br\/9153187006847748\">Juliana Mattos dos Santos Joaquim<\/a><\/p>\n\n\n\n<p class=\"has-medium-font-size\">K\u00e9zia Sayonara Franco Rodrigues Medeiros<\/p>\n\n\n\n<p class=\"has-medium-font-size\">Larissa Ladeira Resende Ara\u00fajo<\/p>\n\n\n\n<p class=\"has-medium-font-size\"><a href=\"https:\/\/lattes.cnpq.br\/4389230045145790\">Lu\u00eds Ant\u00f4nio Gon\u00e7alves Pires<\/a><\/p>\n\n\n\n<p class=\"has-medium-font-size\">Luiz Gustavo Cavalcanti De Ara\u00fajo<\/p>\n\n\n\n<p class=\"has-medium-font-size\">Marilha Boldt<\/p>\n\n\n\n<p class=\"has-medium-font-size\"><a href=\"http:\/\/lattes.cnpq.br\/0141068651769932\">Nicole Estev\u00e3o dos Santos<\/a><\/p>\n\n\n\n<p class=\"has-medium-font-size\">Rocinio Oliveira Fragoso Neto<\/p>\n\n\n\n<p class=\"has-medium-font-size\">Sergio da Silva<\/p>\n\n\n\n<p class=\"has-medium-font-size\">Tatiana Trommer Barbosa<\/p>\n\n\n\n<p class=\"has-medium-font-size\">Vinicius da Concei\u00e7\u00e3o Betini Ferreira<\/p>\n\n\n\n<p class=\"has-medium-font-size\"><a href=\"http:\/\/lattes.cnpq.br\/8483624623270630\">Vin\u00edcius Silva do Lameiro<\/a><\/p>\n\n\n\n<p class=\"has-medium-font-size\">Vitor Luiz de Andrade<\/p>\n","protected":false},"excerpt":{"rendered":"<p>Turma 2025.1 Andr\u00e9ia Alvarenga de Moura Meneses Camila Pavi Garcia Rosa Cristiano \u00c1lvares Valladares do Lago Gabriel de Assis Rangel Crespo Gustavo Silva Gusm\u00e3o Dos Santos Jader Esteves da Silva Jos\u00e9 Claudio Torres Vasconcelos Juliana Mattos dos Santos Joaquim K\u00e9zia Sayonara Franco Rodrigues Medeiros Larissa Ladeira Resende Ara\u00fajo Lu\u00eds Ant\u00f4nio Gon\u00e7alves Pires Luiz Gustavo Cavalcanti [&hellip;]<\/p>\n","protected":false},"author":5,"featured_media":0,"parent":0,"menu_order":0,"comment_status":"closed","ping_status":"closed","template":"","meta":{"_exactmetrics_skip_tracking":false,"_exactmetrics_sitenote_active":false,"_exactmetrics_sitenote_note":"","_exactmetrics_sitenote_category":0,"footnotes":""},"categories":[],"tags":[],"class_list":["post-4593","page","type-page","status-publish","hentry"],"_links":{"self":[{"href":"http:\/\/ppgdin.uff.br\/index.php?rest_route=\/wp\/v2\/pages\/4593","targetHints":{"allow":["GET"]}}],"collection":[{"href":"http:\/\/ppgdin.uff.br\/index.php?rest_route=\/wp\/v2\/pages"}],"about":[{"href":"http:\/\/ppgdin.uff.br\/index.php?rest_route=\/wp\/v2\/types\/page"}],"author":[{"embeddable":true,"href":"http:\/\/ppgdin.uff.br\/index.php?rest_route=\/wp\/v2\/users\/5"}],"replies":[{"embeddable":true,"href":"http:\/\/ppgdin.uff.br\/index.php?rest_route=%2Fwp%2Fv2%2Fcomments&post=4593"}],"version-history":[{"count":1,"href":"http:\/\/ppgdin.uff.br\/index.php?rest_route=\/wp\/v2\/pages\/4593\/revisions"}],"predecessor-version":[{"id":4594,"href":"http:\/\/ppgdin.uff.br\/index.php?rest_route=\/wp\/v2\/pages\/4593\/revisions\/4594"}],"wp:attachment":[{"href":"http:\/\/ppgdin.uff.br\/index.php?rest_route=%2Fwp%2Fv2%2Fmedia&parent=4593"}],"wp:term":[{"taxonomy":"category","embeddable":true,"href":"http:\/\/ppgdin.uff.br\/index.php?rest_route=%2Fwp%2Fv2%2Fcategories&post=4593"},{"taxonomy":"post_tag","embeddable":true,"href":"http:\/\/ppgdin.uff.br\/index.php?rest_route=%2Fwp%2Fv2%2Ftags&post=4593"}],"curies":[{"name":"wp","href":"https:\/\/api.w.org\/{rel}","templated":true}]}}