{"id":4480,"date":"2024-11-23T03:40:14","date_gmt":"2024-11-23T03:40:14","guid":{"rendered":"http:\/\/ppgdin.uff.br\/?page_id=4480"},"modified":"2025-04-03T17:06:08","modified_gmt":"2025-04-03T17:06:08","slug":"edital-de-credenciamento-para-novos-docentes-2025-1","status":"publish","type":"page","link":"http:\/\/ppgdin.uff.br\/?page_id=4480","title":{"rendered":"EDITAL DE CREDENCIAMENTO PARA NOVOS DOCENTES &#8211; 2025.1"},"content":{"rendered":"\n<p><\/p>\n\n\n\n<div style=\"height:48px\" aria-hidden=\"true\" class=\"wp-block-spacer\"><\/div>\n\n\n\n<p class=\"has-text-align-center has-vivid-red-color has-text-color\" style=\"font-size:22px\"><strong>RESULTADO FINAL<\/strong><\/p>\n\n\n\n<div style=\"height:8px\" aria-hidden=\"true\" class=\"wp-block-spacer\"><\/div>\n\n\n\n<p class=\"has-medium-font-size\">Para acesso ao resultado final <a href=\"http:\/\/ppgdin.uff.br\/wp-content\/uploads\/sites\/5\/2025\/04\/CREDENCIAMENTO-PARA-NOVOS-DOCENTES-\u2013-2025.1-RESULTADO-FINAL.pdf\"><strong>CLIQUE AQUI<\/strong><\/a><\/p>\n\n\n\n<div style=\"height:25px\" aria-hidden=\"true\" class=\"wp-block-spacer\"><\/div>\n\n\n\n<hr class=\"wp-block-separator\" \/>\n\n\n\n<div style=\"height:31px\" aria-hidden=\"true\" class=\"wp-block-spacer\"><\/div>\n\n\n\n<p class=\"has-medium-font-size\"><strong>Edital<\/strong>&nbsp;de credenciamento para novos docentes para in\u00edcio no <strong>primeiro per\u00edodo de 2025.<\/strong><\/p>\n\n\n\n<p class=\"has-medium-font-size\">Per\u00edodo de inscri\u00e7\u00f5es: &nbsp; <strong>02 de dezembro <u>at\u00e9 as 18h<\/u> do dia 19 de dezembro de 2024<\/strong>.<\/p>\n\n\n\n<p class=\"has-medium-font-size\">Informa\u00e7\u00f5es vide edital.<\/p>\n\n\n\n<p class=\"has-medium-font-size\"><strong><a href=\"https:\/\/drive.google.com\/file\/d\/12-qm7HmWt9_LLI9J7esmA4Yl26Qfw5qE\/view?usp=sharing\">Ver Edital<\/a><\/strong><\/p>\n\n\n\n<div style=\"height:7px\" aria-hidden=\"true\" class=\"wp-block-spacer\"><\/div>\n\n\n\n<hr class=\"wp-block-separator\" \/>\n\n\n\n<div style=\"height:6px\" aria-hidden=\"true\" class=\"wp-block-spacer\"><\/div>\n\n\n\n<p class=\"has-medium-font-size\"><strong>Inscri\u00e7\u00e3o&nbsp;<\/strong><a href=\"https:\/\/forms.gle\/c31DbUnZf8SBBiMa6\"><strong>CLIQUE AQUI<\/strong>&nbsp;(link para acesso ao formul\u00e1rio de inscri\u00e7\u00e3o).<\/a><\/p>\n\n\n\n<p class=\"has-medium-font-size\">OBS.: para preenchimento do formul\u00e1rio de inscri\u00e7\u00e3o \u00e9 necess\u00e1rio estar logado em uma conta gmail.<\/p>\n","protected":false},"excerpt":{"rendered":"<p>RESULTADO FINAL Para acesso ao resultado final CLIQUE AQUI Edital&nbsp;de credenciamento para novos docentes para in\u00edcio no primeiro per\u00edodo de 2025. Per\u00edodo de inscri\u00e7\u00f5es: &nbsp; 02 de dezembro at\u00e9 as 18h do dia 19 de dezembro de 2024. Informa\u00e7\u00f5es vide edital. Ver Edital Inscri\u00e7\u00e3o&nbsp;CLIQUE AQUI&nbsp;(link para acesso ao formul\u00e1rio de inscri\u00e7\u00e3o). OBS.: para preenchimento do [&hellip;]<\/p>\n","protected":false},"author":5,"featured_media":0,"parent":0,"menu_order":0,"comment_status":"closed","ping_status":"closed","template":"","meta":{"_exactmetrics_skip_tracking":false,"_exactmetrics_sitenote_active":false,"_exactmetrics_sitenote_note":"","_exactmetrics_sitenote_category":0,"footnotes":""},"categories":[2],"tags":[],"class_list":["post-4480","page","type-page","status-publish","hentry","category-destaques"],"_links":{"self":[{"href":"http:\/\/ppgdin.uff.br\/index.php?rest_route=\/wp\/v2\/pages\/4480","targetHints":{"allow":["GET"]}}],"collection":[{"href":"http:\/\/ppgdin.uff.br\/index.php?rest_route=\/wp\/v2\/pages"}],"about":[{"href":"http:\/\/ppgdin.uff.br\/index.php?rest_route=\/wp\/v2\/types\/page"}],"author":[{"embeddable":true,"href":"http:\/\/ppgdin.uff.br\/index.php?rest_route=\/wp\/v2\/users\/5"}],"replies":[{"embeddable":true,"href":"http:\/\/ppgdin.uff.br\/index.php?rest_route=%2Fwp%2Fv2%2Fcomments&post=4480"}],"version-history":[{"count":4,"href":"http:\/\/ppgdin.uff.br\/index.php?rest_route=\/wp\/v2\/pages\/4480\/revisions"}],"predecessor-version":[{"id":4584,"href":"http:\/\/ppgdin.uff.br\/index.php?rest_route=\/wp\/v2\/pages\/4480\/revisions\/4584"}],"wp:attachment":[{"href":"http:\/\/ppgdin.uff.br\/index.php?rest_route=%2Fwp%2Fv2%2Fmedia&parent=4480"}],"wp:term":[{"taxonomy":"category","embeddable":true,"href":"http:\/\/ppgdin.uff.br\/index.php?rest_route=%2Fwp%2Fv2%2Fcategories&post=4480"},{"taxonomy":"post_tag","embeddable":true,"href":"http:\/\/ppgdin.uff.br\/index.php?rest_route=%2Fwp%2Fv2%2Ftags&post=4480"}],"curies":[{"name":"wp","href":"https:\/\/api.w.org\/{rel}","templated":true}]}}