{"id":4431,"date":"2024-09-28T02:22:38","date_gmt":"2024-09-28T02:22:38","guid":{"rendered":"http:\/\/ppgdin.uff.br\/?page_id=4431"},"modified":"2024-11-06T15:49:15","modified_gmt":"2024-11-06T15:49:15","slug":"ano-2024","status":"publish","type":"page","link":"http:\/\/ppgdin.uff.br\/?page_id=4431","title":{"rendered":"ANO 2024"},"content":{"rendered":"\n<p class=\"has-vivid-red-color has-text-color\" style=\"font-size:30px\"><strong>Turma 2024.1<\/strong><\/p>\n\n\n\n<p class=\"has-medium-font-size\"><a href=\"http:\/\/lattes.cnpq.br\/7803878676329927\">Fagner Vin\u00edcius de Oliveira <\/a><\/p>\n\n\n\n<p class=\"has-medium-font-size\"><a href=\"http:\/\/lattes.cnpq.br\/1309931539303377\">Felipe dos Santos Joseph<\/a><\/p>\n\n\n\n<p class=\"has-medium-font-size\"><a href=\"http:\/\/lattes.cnpq.br\/5762513420564772\">Gleison Heringer Vieira Domingues<\/a><\/p>\n\n\n\n<p class=\"has-medium-font-size\"><a href=\"http:\/\/lattes.cnpq.br\/1316656371294910\">Guadalupe Louro Turos Couto<\/a><\/p>\n\n\n\n<p class=\"has-medium-font-size\"><a href=\"http:\/\/lattes.cnpq.br\/4538185513305449\">H\u00e9lio Borges Monteiro Neto<\/a><\/p>\n\n\n\n<p class=\"has-medium-font-size\"><a href=\"http:\/\/lattes.cnpq.br\/1816386586625098\">J\u00falio C\u00e9sar Moreira de Jesus<\/a><\/p>\n\n\n\n<p class=\"has-medium-font-size\"><a href=\"http:\/\/lattes.cnpq.br\/1393294322603504\">Patr\u00edcia Filomena Fonseca Amaral<\/a><\/p>\n\n\n\n<p class=\"has-medium-font-size\"><a href=\"http:\/\/lattes.cnpq.br\/1479875303578531\">Simone Brilhante de Mattos<\/a><\/p>\n\n\n\n<p><\/p>\n\n\n\n<hr class=\"wp-block-separator\" \/>\n\n\n\n<p class=\"has-vivid-red-color has-text-color\" style=\"font-size:30px\"><strong>Turma 2024.2<\/strong><\/p>\n\n\n\n<p class=\"has-medium-font-size\"><a href=\"http:\/\/lattes.cnpq.br\/1341380466201588\">Camila Braga Corr\u00eaa<\/a><\/p>\n\n\n\n<p class=\"has-medium-font-size\"><a href=\"http:\/\/lattes.cnpq.br\/6684834019408254\">Claudia Perini Mantovani<\/a><\/p>\n\n\n\n<p class=\"has-medium-font-size\"><a href=\"http:\/\/lattes.cnpq.br\/1435693140985093\">Fabio Carlos Nascimento Wanderley<\/a><\/p>\n\n\n\n<p class=\"has-medium-font-size\">Gabriela J\u00e9ssica da Silveira<\/p>\n\n\n\n<p class=\"has-medium-font-size\"><a href=\"http:\/\/lattes.cnpq.br\/4577080616306098\">Karla Roberta da Fonseca Nunes<\/a><\/p>\n\n\n\n<p class=\"has-medium-font-size\"><a href=\"http:\/\/lattes.cnpq.br\/2324225159456367\">Leonardo Oliveira Tognoc<\/a><\/p>\n\n\n\n<p class=\"has-medium-font-size\">Lu\u00e3 Nogueira Jung<\/p>\n\n\n\n<p class=\"has-medium-font-size\"><a href=\"http:\/\/lattes.cnpq.br\/7759944473331637\">Luis Renato Ribeiro Pereira de Almeida<\/a><\/p>\n\n\n\n<p class=\"has-medium-font-size\"><a href=\"http:\/\/lattes.cnpq.br\/8711613567762646\">Maria Roberta Manh\u00e3es Gaio Filardi<\/a><\/p>\n\n\n\n<p class=\"has-medium-font-size\"><a href=\"http:\/\/lattes.cnpq.br\/4817470238727947\">Orlando de Souza Padeiro Filho<\/a><\/p>\n\n\n\n<p class=\"has-medium-font-size\"><a href=\"http:\/\/lattes.cnpq.br\/2459625121570278\">Raoni Victor Ribeiro de Araujo<\/a><\/p>\n","protected":false},"excerpt":{"rendered":"<p>Turma 2024.1 Fagner Vin\u00edcius de Oliveira Felipe dos Santos Joseph Gleison Heringer Vieira Domingues Guadalupe Louro Turos Couto H\u00e9lio Borges Monteiro Neto J\u00falio C\u00e9sar Moreira de Jesus Patr\u00edcia Filomena Fonseca Amaral Simone Brilhante de Mattos Turma 2024.2 Camila Braga Corr\u00eaa Claudia Perini Mantovani Fabio Carlos Nascimento Wanderley Gabriela J\u00e9ssica da Silveira Karla Roberta da Fonseca [&hellip;]<\/p>\n","protected":false},"author":5,"featured_media":0,"parent":0,"menu_order":0,"comment_status":"closed","ping_status":"closed","template":"","meta":{"_exactmetrics_skip_tracking":false,"_exactmetrics_sitenote_active":false,"_exactmetrics_sitenote_note":"","_exactmetrics_sitenote_category":0,"footnotes":""},"categories":[],"tags":[],"class_list":["post-4431","page","type-page","status-publish","hentry"],"_links":{"self":[{"href":"http:\/\/ppgdin.uff.br\/index.php?rest_route=\/wp\/v2\/pages\/4431","targetHints":{"allow":["GET"]}}],"collection":[{"href":"http:\/\/ppgdin.uff.br\/index.php?rest_route=\/wp\/v2\/pages"}],"about":[{"href":"http:\/\/ppgdin.uff.br\/index.php?rest_route=\/wp\/v2\/types\/page"}],"author":[{"embeddable":true,"href":"http:\/\/ppgdin.uff.br\/index.php?rest_route=\/wp\/v2\/users\/5"}],"replies":[{"embeddable":true,"href":"http:\/\/ppgdin.uff.br\/index.php?rest_route=%2Fwp%2Fv2%2Fcomments&post=4431"}],"version-history":[{"count":7,"href":"http:\/\/ppgdin.uff.br\/index.php?rest_route=\/wp\/v2\/pages\/4431\/revisions"}],"predecessor-version":[{"id":4464,"href":"http:\/\/ppgdin.uff.br\/index.php?rest_route=\/wp\/v2\/pages\/4431\/revisions\/4464"}],"wp:attachment":[{"href":"http:\/\/ppgdin.uff.br\/index.php?rest_route=%2Fwp%2Fv2%2Fmedia&parent=4431"}],"wp:term":[{"taxonomy":"category","embeddable":true,"href":"http:\/\/ppgdin.uff.br\/index.php?rest_route=%2Fwp%2Fv2%2Fcategories&post=4431"},{"taxonomy":"post_tag","embeddable":true,"href":"http:\/\/ppgdin.uff.br\/index.php?rest_route=%2Fwp%2Fv2%2Ftags&post=4431"}],"curies":[{"name":"wp","href":"https:\/\/api.w.org\/{rel}","templated":true}]}}