{"id":4336,"date":"2024-06-13T20:04:07","date_gmt":"2024-06-13T20:04:07","guid":{"rendered":"http:\/\/ppgdin.uff.br\/?page_id=4336"},"modified":"2025-03-22T00:38:03","modified_gmt":"2025-03-22T00:38:03","slug":"edital-doutorado-2024-2-processo-seletivo","status":"publish","type":"page","link":"http:\/\/ppgdin.uff.br\/?page_id=4336","title":{"rendered":"EDITAL DOUTORADO 2024.2 (PROCESSO SELETIVO)"},"content":{"rendered":"\n<div class=\"wp-block-image\"><figure class=\"alignleft\"><img loading=\"lazy\" decoding=\"async\" width=\"100\" height=\"154\" src=\"http:\/\/ppgdin.uff.br\/wp-content\/uploads\/sites\/5\/2019\/10\/PPGDIN-e1572531848831.png\" alt=\"\" class=\"wp-image-1605\" \/><\/figure><\/div>\n\n\n\n<p class=\"has-text-align-center has-vivid-red-color has-text-color has-medium-font-size\"><\/p>\n\n\n\n<p class=\"has-text-align-center has-vivid-red-color has-text-color\" style=\"font-size:25px\"><\/p>\n\n\n\n<p><\/p>\n\n\n\n<p class=\"has-text-align-center has-vivid-red-color has-text-color\" style=\"font-size:25px\"> <\/p>\n\n\n\n<div style=\"height:40px\" aria-hidden=\"true\" class=\"wp-block-spacer\"><\/div>\n\n\n\n<p class=\"has-text-align-center has-vivid-red-color has-text-color\" style=\"font-size:25px\">  <strong>RESULTADO FINAL<\/strong><\/p>\n\n\n\n<div style=\"height:40px\" aria-hidden=\"true\" class=\"wp-block-spacer\"><\/div>\n\n\n\n<p class=\"has-medium-font-size\"><strong><a href=\"https:\/\/drive.google.com\/file\/d\/1ZwbZ_46oOXMwWhKq7x0c0S0hieTL90Bi\/view?usp=sharing\">RESULTADO FINAL &#8211; SELETIVO DOUTORADO 2024.2 (clique aqui)<\/a><\/strong><\/p>\n\n\n\n<div style=\"height:27px\" aria-hidden=\"true\" class=\"wp-block-spacer\"><\/div>\n\n\n\n<ul class=\"wp-block-list\"><li><a href=\"http:\/\/ppgdin.uff.br\/?page_id=3988\"><strong>Pr\u00e9-matr\u00edcula<\/strong><\/a><\/li><\/ul>\n\n\n\n<ul class=\"wp-block-list\"><li><a style=\"font-weight: bold\" href=\"http:\/\/ppgdin.uff.br\/?page_id=3989\">Matr\u00edcula<\/a><\/li><\/ul>\n\n\n\n<div style=\"height:27px\" aria-hidden=\"true\" class=\"wp-block-spacer\"><\/div>\n\n\n\n<p class=\"has-black-color has-text-color has-background has-medium-font-size\" style=\"background-color:#f0d9d9\">A Coordena\u00e7\u00e3o do Programa convoca a todos os aprovados para reuni\u00e3o a ser realizada no <strong>dia 05\/09 (quinta-feira) \u00e0s 10h<\/strong> no Audit\u00f3rio da Faculdade de Direito \u2013 Campus I (Rua Presidente Pedreira, 62 \u2013 Ing\u00e1 \u2013 Niter\u00f3i).<\/p>\n\n\n\n<p class=\"has-text-align-center has-medium-font-size\">Favor chegar, para a reuni\u00e3o, com anteced\u00eancia de 30 minutos e&nbsp;<strong>trazer notebook<\/strong>.<\/p>\n\n\n\n<div style=\"height:40px\" aria-hidden=\"true\" class=\"wp-block-spacer\"><\/div>\n\n\n\n<hr class=\"wp-block-separator\" \/>\n\n\n\n<p class=\"has-text-align-center has-vivid-red-color has-text-color has-medium-font-size\"><\/p>\n\n\n\n<p class=\"has-text-align-center has-vivid-red-color has-text-color\" style=\"font-size:25px\"><strong>RESULTADO PRELIMINAR<\/strong><\/p>\n\n\n\n<div style=\"height:40px\" aria-hidden=\"true\" class=\"wp-block-spacer\"><\/div>\n\n\n\n<p class=\"has-medium-font-size\"><strong><a href=\"http:\/\/ppgdin.uff.br\/wp-content\/uploads\/sites\/5\/2025\/03\/RESULTADO-PRELIMINAR-DOUTORADO-2025.1-TABELA_DE_AVALIACAO-FINAL.pdf\">RESULTADO PRELIMINAR &#8211; SELETIVO DOUTORADO 2024.2 (clique aqui)<\/a><\/strong><\/p>\n\n\n\n<p class=\"has-medium-font-size\"><strong>OBS.:<\/strong> Publica\u00e7\u00e3o do resultado preliminar realizada \u00e0s 13:00 do dia 27\/08\/2024 (hor\u00e1rio de Bras\u00edlia).<\/p>\n\n\n\n<div style=\"height:40px\" aria-hidden=\"true\" class=\"wp-block-spacer\"><\/div>\n\n\n\n<hr class=\"wp-block-separator\" \/>\n\n\n\n<div style=\"height:40px\" aria-hidden=\"true\" class=\"wp-block-spacer\"><\/div>\n\n\n\n<p class=\"has-text-align-center has-vivid-red-color has-text-color\" style=\"font-size:25px\"><strong>INSCRI\u00c7\u00d5ES HOMOLOGADAS <\/strong><\/p>\n\n\n\n<div style=\"height:40px\" aria-hidden=\"true\" class=\"wp-block-spacer\"><\/div>\n\n\n\n<p class=\"has-medium-font-size\"><strong>1) <\/strong>&nbsp;O exame de l\u00ednguas estrangeiras ser\u00e1 realizado no <strong>dia 20\/08\/2024<\/strong> (ter\u00e7a-feira), <strong>\u00e0s 09h da manh\u00e3<\/strong>, na Faculdade de Direito &#8211; <strong>CAMPUS I <\/strong>(Rua Presidente pedreira, 62 &#8211; Ing\u00e1 \u2013 Niter\u00f3i\/RJ).<\/p>\n\n\n\n<p class=\"has-luminous-vivid-orange-color has-text-color has-medium-font-size\"> <strong>A entrada na sala ter\u00e1 in\u00edcio \u00e0s 08:30.<\/strong> <\/p>\n\n\n\n<p class=\"has-medium-font-size\"><strong>2)&nbsp; <\/strong>O exame de l\u00ednguas estrangeiras ter\u00e1 <strong>dura\u00e7\u00e3o total de 4 (quatro) horas<\/strong>, visando a aferir a capacidade de compreens\u00e3o de texto sobre quest\u00f5es afetas ao Programa, sendo <strong>facultado o uso de 1 (um) dicion\u00e1rio impresso\/em papel<\/strong> por idioma escolhido.<\/p>\n\n\n\n<p class=\"has-medium-font-size\"> <strong>3)<\/strong>&nbsp; Ser\u00e1 desclassificado(a) o\/a candidato(a) que <strong>n\u00e3o comparecer no hor\u00e1rio<\/strong>, assim como aquele que faltar a qualquer etapa da sele\u00e7\u00e3o. <\/p>\n\n\n\n<div style=\"height:15px\" aria-hidden=\"true\" class=\"wp-block-spacer\"><\/div>\n\n\n\n<p class=\"has-medium-font-size\"><a href=\"https:\/\/drive.google.com\/file\/d\/1W_hP3PHHLC9A_4JvCTWvJuBBUmAxwcN2\/view?usp=sharing\"><strong>LISTA RETIFICADA COM AS INSCRI\u00c7\u00d5ES HOMOLOGADAS (clique aqui)<\/strong><\/a><\/p>\n\n\n\n<p class=\"has-medium-font-size\"><a href=\"https:\/\/drive.google.com\/file\/d\/1310rO4dC9T9Uy3prPxpy-XrNneHw3po6\/view?usp=sharing\"><strong>LISTA COM AS INSCRI\u00c7\u00d5ES HOMOLOGADAS (clique aqui)<\/strong><\/a><\/p>\n\n\n\n<p class=\"has-medium-font-size\"><strong><a href=\"https:\/\/drive.google.com\/file\/d\/1GbipFVU2F1hVBMpxaxeqiJerU-prFqCk\/view?usp=sharing\">LISTA COM AS INSCRI\u00c7\u00d5ES INDEFERIDAS (clique aqui)<\/a><\/strong><\/p>\n\n\n\n<div style=\"height:15px\" aria-hidden=\"true\" class=\"wp-block-spacer\"><\/div>\n\n\n\n<hr class=\"wp-block-separator\" \/>\n\n\n\n<div style=\"height:40px\" aria-hidden=\"true\" class=\"wp-block-spacer\"><\/div>\n\n\n\n<p class=\"has-text-align-center has-vivid-red-color has-text-color\" style=\"font-size:25px\"> <strong>INSCRI\u00c7\u00c3O<\/strong><\/p>\n\n\n\n<div style=\"height:17px\" aria-hidden=\"true\" class=\"wp-block-spacer\"><\/div>\n\n\n\n<ul class=\"has-medium-font-size wp-block-list\"><li><strong>Formul\u00e1rio eletr\u00f4nico para inscri\u00e7\u00e3o<\/strong>: <a href=\"https:\/\/forms.gle\/TwSSMcoskV5mZqEZ9\"><strong>Clique aqui<\/strong><\/a><\/li><\/ul>\n\n\n\n<div style=\"height:7px\" aria-hidden=\"true\" class=\"wp-block-spacer\"><\/div>\n\n\n\n<div class=\"wp-block-group\"><div class=\"wp-block-group__inner-container is-layout-flow wp-block-group-is-layout-flow\">\n<p class=\"has-text-align-left has-medium-font-size\"><strong>OBS.:<\/strong> para preenchimento do formul\u00e1rio de inscri\u00e7\u00e3o \u00e9 necess\u00e1rio estar logado em uma conta gmail.<\/p>\n<\/div><\/div>\n\n\n\n<div style=\"height:17px\" aria-hidden=\"true\" class=\"wp-block-spacer\"><\/div>\n\n\n\n<hr class=\"wp-block-separator\" \/>\n\n\n\n<div style=\"height:17px\" aria-hidden=\"true\" class=\"wp-block-spacer\"><\/div>\n\n\n\n<p class=\"has-text-align-center has-vivid-red-color has-text-color\" style=\"font-size:25px\"><strong>EDITAL<\/strong><\/p>\n\n\n\n<div style=\"height:17px\" aria-hidden=\"true\" class=\"wp-block-spacer\"><\/div>\n\n\n\n<ul class=\"has-medium-font-size wp-block-list\"><li><span class=\"has-inline-color has-black-color\"><strong>Processo seletivo:<\/strong> Doutorado (segundo semestre de 2024).<\/span><\/li><\/ul>\n\n\n\n<div style=\"height:7px\" aria-hidden=\"true\" class=\"wp-block-spacer\"><\/div>\n\n\n\n<ul class=\"has-medium-font-size wp-block-list\"><li><strong>Per\u00edodo de inscri\u00e7\u00f5es:<\/strong>&nbsp; <\/li><\/ul>\n\n\n\n<div style=\"height:7px\" aria-hidden=\"true\" class=\"wp-block-spacer\"><\/div>\n\n\n\n<div class=\"wp-block-group\"><div class=\"wp-block-group__inner-container is-layout-flow wp-block-group-is-layout-flow\">\n<div class=\"wp-block-group\"><div class=\"wp-block-group__inner-container is-layout-flow wp-block-group-is-layout-flow\">\n<div class=\"wp-block-group\"><div class=\"wp-block-group__inner-container is-layout-flow wp-block-group-is-layout-flow\">\n<p class=\"has-medium-font-size\"><span class=\"has-inline-color has-white-color\">&#8230;&#8230;.<\/span>In\u00edcio &#8211;     <span class=\"has-inline-color has-black-color\"><strong>19\/06\/2024  <\/strong><\/span><\/p>\n\n\n\n<p class=\"has-medium-font-size\"> <span class=\"has-inline-color has-white-color\">&#8230;&#8230;<\/span>T\u00e9rmino &#8211; <span class=\"has-inline-color has-black-color\"><strong>24\/07\/2024 \u00e0s 18h<\/strong> <\/span><\/p>\n\n\n\n<div style=\"height:7px\" aria-hidden=\"true\" class=\"wp-block-spacer\"><\/div>\n<\/div><\/div>\n<\/div><\/div>\n<\/div><\/div>\n\n\n\n<div style=\"height:7px\" aria-hidden=\"true\" class=\"wp-block-spacer\"><\/div>\n\n\n\n<ul class=\"has-medium-font-size wp-block-list\"><li><strong>Acesso ao Edital: <a href=\"https:\/\/drive.google.com\/file\/d\/1gnL2foRBfx-IqqIlDaVmTPE9jeIKn6Q4\/view?usp=sharing\">Clique aqui<\/a><\/strong><\/li><\/ul>\n\n\n\n<div style=\"height:7px\" aria-hidden=\"true\" class=\"wp-block-spacer\"><\/div>\n\n\n\n<ul class=\"has-medium-font-size wp-block-list\"><li><strong>Link para emiss\u00e3o de GRU<\/strong> (conforme item 2.3.4 do Edital): <a rel=\"noreferrer noopener\" href=\"https:\/\/pagtesouro.tesouro.gov.br\/portal-gru\/#\/emissao-gru\" target=\"_blank\">https:\/\/pagtesouro.tesouro.gov.br\/portal-gru\/#\/emissao-gru<\/a><\/li><\/ul>\n\n\n\n<p><\/p>\n","protected":false},"excerpt":{"rendered":"<p>RESULTADO FINAL RESULTADO FINAL &#8211; SELETIVO DOUTORADO 2024.2 (clique aqui) Pr\u00e9-matr\u00edcula Matr\u00edcula A Coordena\u00e7\u00e3o do Programa convoca a todos os aprovados para reuni\u00e3o a ser realizada no dia 05\/09 (quinta-feira) \u00e0s 10h no Audit\u00f3rio da Faculdade de Direito \u2013 Campus I (Rua Presidente Pedreira, 62 \u2013 Ing\u00e1 \u2013 Niter\u00f3i). Favor chegar, para a reuni\u00e3o, com [&hellip;]<\/p>\n","protected":false},"author":5,"featured_media":0,"parent":0,"menu_order":0,"comment_status":"closed","ping_status":"closed","template":"","meta":{"_exactmetrics_skip_tracking":false,"_exactmetrics_sitenote_active":false,"_exactmetrics_sitenote_note":"","_exactmetrics_sitenote_category":0,"footnotes":""},"categories":[2],"tags":[],"class_list":["post-4336","page","type-page","status-publish","hentry","category-destaques"],"_links":{"self":[{"href":"http:\/\/ppgdin.uff.br\/index.php?rest_route=\/wp\/v2\/pages\/4336","targetHints":{"allow":["GET"]}}],"collection":[{"href":"http:\/\/ppgdin.uff.br\/index.php?rest_route=\/wp\/v2\/pages"}],"about":[{"href":"http:\/\/ppgdin.uff.br\/index.php?rest_route=\/wp\/v2\/types\/page"}],"author":[{"embeddable":true,"href":"http:\/\/ppgdin.uff.br\/index.php?rest_route=\/wp\/v2\/users\/5"}],"replies":[{"embeddable":true,"href":"http:\/\/ppgdin.uff.br\/index.php?rest_route=%2Fwp%2Fv2%2Fcomments&post=4336"}],"version-history":[{"count":40,"href":"http:\/\/ppgdin.uff.br\/index.php?rest_route=\/wp\/v2\/pages\/4336\/revisions"}],"predecessor-version":[{"id":4569,"href":"http:\/\/ppgdin.uff.br\/index.php?rest_route=\/wp\/v2\/pages\/4336\/revisions\/4569"}],"wp:attachment":[{"href":"http:\/\/ppgdin.uff.br\/index.php?rest_route=%2Fwp%2Fv2%2Fmedia&parent=4336"}],"wp:term":[{"taxonomy":"category","embeddable":true,"href":"http:\/\/ppgdin.uff.br\/index.php?rest_route=%2Fwp%2Fv2%2Fcategories&post=4336"},{"taxonomy":"post_tag","embeddable":true,"href":"http:\/\/ppgdin.uff.br\/index.php?rest_route=%2Fwp%2Fv2%2Ftags&post=4336"}],"curies":[{"name":"wp","href":"https:\/\/api.w.org\/{rel}","templated":true}]}}