{"id":433,"date":"2016-04-07T14:07:04","date_gmt":"2016-04-07T14:07:04","guid":{"rendered":"http:\/\/doutoradoja.sites.uff.br\/?page_id=433"},"modified":"2019-10-16T17:16:14","modified_gmt":"2019-10-16T17:16:14","slug":"eder-fernandes-monica","status":"publish","type":"page","link":"http:\/\/ppgdin.uff.br\/?page_id=433","title":{"rendered":"Eder Fernandes Monica"},"content":{"rendered":"<p><img loading=\"lazy\" decoding=\"async\" class=\"alignnone wp-image-438\" src=\"http:\/\/ppgdin.uff.br\/wp-content\/uploads\/sites\/5\/2016\/04\/Retrato-Eder-206x300.jpg\" alt=\"Retrato Eder\" width=\"176\" height=\"256\" srcset=\"http:\/\/ppgdin.uff.br\/wp-content\/uploads\/sites\/5\/2016\/04\/Retrato-Eder-206x300.jpg 206w, http:\/\/ppgdin.uff.br\/wp-content\/uploads\/sites\/5\/2016\/04\/Retrato-Eder-768x1120.jpg 768w, http:\/\/ppgdin.uff.br\/wp-content\/uploads\/sites\/5\/2016\/04\/Retrato-Eder-702x1024.jpg 702w, http:\/\/ppgdin.uff.br\/wp-content\/uploads\/sites\/5\/2016\/04\/Retrato-Eder.jpg 2006w\" sizes=\"auto, (max-width: 176px) 100vw, 176px\" \/><\/p>\n<p><strong>\u00c1rea de atua\u00e7\u00e3o:&nbsp;Teoria do Direito, Fundamentos das Rela\u00e7\u00f5es Privadas, Esfera Privada, Sexualidade, Identidade, Democracia, Interpreta\u00e7\u00e3o Jur\u00eddica<\/strong><\/p>\n<p><strong><a href=\"http:\/\/buscatextual.cnpq.br\/buscatextual\/visualizacv.do?id=K4262401E6\">Curr\u00edculo Lattes<\/a><\/strong><\/p>\n<p><strong>Publica\u00e7\u00f5es: &nbsp; &nbsp; &nbsp; &nbsp; &nbsp; &nbsp; &nbsp; &nbsp; &nbsp; &nbsp; &nbsp; &nbsp; &nbsp; &nbsp; &nbsp; &nbsp; &nbsp; &nbsp; &nbsp; &nbsp; &nbsp; &nbsp; &nbsp; &nbsp; &nbsp;&nbsp;<\/strong><\/p>\n<p><em>Livros<\/em><\/p>\n<p><u><\/u><a href=\"http:\/\/ppgsd.uff.br\/index.php\/democracia-estado-de-direito-e-cidadania-enfoques-e-reflexoes\">FERNANDES M., Eder; HANSEN, G. L. (Org.) ; NEVES, Edson Alvisi (Org.) . DEMOCRACIA, ESTADO DE DIREITO E CIDADANIA: enfoques e reflex\u00f5es. 1. ed. Niteroi: Light, 2014. v. 1. 179p<\/a><\/p>\n<p><a href=\"http:\/\/ppgsd.uff.br\/index.php\/democracia-cidadania-e-estado-de-direito\" target=\"_blank\" rel=\"noopener noreferrer\">FERNANDES M., Eder; HANSEN, G. L. (Org.) ; NEVES, Edson Alvisi (Org.) . DEMOCRACIA, CIDADANIA E ESTADO DE DIREITO: ensaios. 1. ed. Niteroi: Light, 2014. v. 1. 182p<\/a><a href=\"http:\/\/lattes.cnpq.br\/3547672971050734\" target=\"_blank\" rel=\"noopener noreferrer\">.<\/a><\/p>\n<p><a href=\"http:\/\/lattes.cnpq.br\/3547672971050734\" target=\"_blank\" rel=\"noopener noreferrer\"><span style=\"color: #3366ff\">FERNANDES M., Eder.&nbsp;ENTRE DIREITOS FUNDAMENTAIS E DEMOCRACIA: superando a dicotomia no direito brasileiro. Niter\u00f3i : EDUFF, 2016, v.1. p.239. &nbsp;<i>Refer\u00eancias adicionais : Brasil\/Portugu\u00eas. Meio de divulga\u00e7\u00e3o: V\u00e1rios, ISBN: 9788522811755<\/i><\/span><\/a><\/p>\n<p class=\"ecxMsoNormal\"><u><\/u><em>Artigos<\/em><\/p>\n<p><a href=\"http:\/\/www.fasb.edu.br\/revista\/index.php\/campojuridico\/article\/view\/93\" target=\"_blank\" rel=\"noopener noreferrer\">FERNANDES M., Eder. Direito e Democracia na Jurisdi\u00e7\u00e3o Constitucional: uma An\u00e1lise a Partir do Princ\u00edpio da Democracia de Habermas. Campo Jur\u00eddico, v. 3, p. 163-188, 2015.<\/a><u><\/u><u><\/u><\/p>\n<p><span style=\"color: #3366ff\"><a style=\"color: #3366ff\" href=\"http:\/\/lattes.cnpq.br\/3547672971050734\" target=\"_blank\" rel=\"noopener noreferrer\">FERNANDES M., Eder<\/a>. O Desafio do multiculturalismo e a proposta de uma identidade constitucional. Cadernos UNDB, v. III, p. 25-46, 2010.<\/span><\/p>\n<p><a href=\"http:\/\/siaiap32.univali.br\/seer\/index.php\/rdp\/article\/view\/6125\">FERNANDES M., Eder. A racionalidade da adequabilidade e a discursividade do princ\u00edpio de coer\u00eancia em Klaus Gunther. Revista Eletr\u00f4nica Direito e Pol\u00edtica, v. 5, p. 119-138, 2010.<\/a><\/p>\n<p><a href=\"http:\/\/www.uel.br\/revistas\/uel\/index.php\/iuris\/article\/view\/4153\">FERNANDES M., Eder. O acesso \u00e0 justi\u00e7a e a proposta habermasiana para um processo civil discursivo. Scientia Iuris (UEL), v. 12, p. 23-41, 2008.<\/a><\/p>\n<p><a href=\"http:\/\/www.confluencias.uff.br\/index.php\/confluencias\/article\/view\/102\">FERNANDES M., Eder. A id\u00e9ia de Patriotismo Constitucional e sua aplica\u00e7\u00e3o no Brasil. Conflu\u00eancias (Niter\u00f3i), v. 2, p. 14-28, 2007.<\/a><\/p>\n<p>&nbsp;<\/p>\n<p><em>Cap\u00edtulos de livros<\/em><\/p>\n<p><u><\/u><span style=\"color: #3366ff\">HANSEN, G. L. ; <a style=\"color: #3366ff\" href=\"http:\/\/lattes.cnpq.br\/3547672971050734\" target=\"_blank\" rel=\"noopener noreferrer\">FERNANDES M., Eder<\/a> . A teoria cr\u00edtica sob o prisma discursivo de Habermas. In: Clodomiro Jos\u00e9 Bannwart J\u00fanior. (Org.). Direito &amp; Teoria Cr\u00edtica. 1ed.Birigui: Boreal, 2015, v. , p. 398-414.<\/span><u><\/u><u><\/u><\/p>\n<p><u><\/u><a href=\"http:\/\/www.omeuevento.pt\/Ficheiros\/Livros_de_Actas_CONLAB_2015.pdf\">FERNANDES M., Eder; CASTRO, Carla Appollin\u00e1rio de . Globaliza\u00e7\u00e3o neoliberal e estado penal: os desafios desta rela\u00e7\u00e3o dial\u00e9tica. In: SILVA, Isabel Corr\u00eaa da; PIGNATELLI, Marina; VIEGAS, Susana de Matos. (Org.). Livro de Atas do 1.o Congresso da Associa\u00e7\u00e3o Internacional das Ci\u00eancias Sociais e Humanas em L\u00edngua Portuguesa. 1ed.Lisboa: Associa\u00e7\u00e3o Internacional de Ci\u00eancias Sociais e Humanas em L\u00edngua Portuguesa, 2015, v. 1, p. 4278-4291.<\/a><u><\/u><u><\/u><\/p>\n<p><span style=\"color: #3366ff\"><a style=\"color: #3366ff\" href=\"http:\/\/lattes.cnpq.br\/3547672971050734\" target=\"_blank\" rel=\"noopener noreferrer\">FERNANDES M., Eder<\/a>. VIOL\u00caNCIA E RESSENTIMENTO: um ensaio sobre as ra\u00edzes da transfobia. In: Adriana Ribeiro Rice Geisler. (Org.). Protagonismo trans: pol\u00edtica, direito e sa\u00fade na perspectiva da integralidade. 1ed.Rio de Janeiro: Alternativa, 2015, v. 1, p. 17-32.<\/span><\/p>\n<p><a href=\"http:\/\/ppgsd.uff.br\/index.php\/democracia-cidadania-e-estado-de-direito\">FERNANDES M., Eder. Por uma hermen\u00eautica minimalista para a jurisdi\u00e7\u00e3o constitucional. In: FERNANDES, Eder; HANSEN, Gilvan L.; NEVES, Edson A.. (Org.). DEMOCRACIA, CIDADANIA E ESTADO DE DIREITO: ensaios. 1ed.Niteroi: Light, 2014, v. 1, p. 77-94.<\/a><\/p>\n<p>&nbsp;<\/p>\n<p><a href=\"http:\/\/ppgsd.uff.br\/index.php\/democracia-estado-de-direito-e-cidadania-enfoques-e-reflexoes\">FERNANDES M., Eder. Neoliberalismo, arranjos democr\u00e1ticos e novas configura\u00e7\u00f5es dos poderes no Brasil. In: FERNANDES, Eder; HANSEN, Gilvan L.; NEVES, Edson A.. (Org.). DEMOCRACIA, ESTADO DE DIREITO E CIDADANIA: enfoques e reflex\u00f5es. 1ed.Niteroi: Light, 2014, v. 1, p. 75-90.<\/a><\/p>\n<p>&nbsp;<\/p>\n<p><a href=\"http:\/\/ppgsd.uff.br\/index.php\/mediacao-um-panorama-atual-vol-ii\">FERNANDES M., Eder; CASTRO, Carla Appollin\u00e1rio de . Os meios alternativos de resolu\u00e7\u00e3o de conflitos penais como instrumentos de supera\u00e7\u00e3o do racismo institucionalizado. In: Delton Ricardo Soares Meirelles; Giselle Picorelli Yacoub Marques. (Org.). MEDIA\u00c7\u00c3O: um panorama atual. 1ed.Niter\u00f3i: PPGSD &#8211; Programa de P\u00f3s-Gradua\u00e7\u00e3o em Sociologia e Direito, 2014, v. II, p. 70-86.<\/a><\/p>\n<p>&nbsp;<\/p>\n<p>&nbsp;<\/p>\n<p>&nbsp;<\/p>\n<p>&nbsp;<\/p>\n<p>&nbsp;<\/p>\n","protected":false},"excerpt":{"rendered":"<p>\u00c1rea de atua\u00e7\u00e3o:&nbsp;Teoria do Direito, Fundamentos das Rela\u00e7\u00f5es Privadas, Esfera Privada, Sexualidade, Identidade, Democracia, Interpreta\u00e7\u00e3o Jur\u00eddica Curr\u00edculo Lattes Publica\u00e7\u00f5es: &nbsp; &nbsp; &nbsp; &nbsp; &nbsp; &nbsp; &nbsp; &nbsp; &nbsp; &nbsp; &nbsp; &nbsp; &nbsp; &nbsp; &nbsp; &nbsp; &nbsp; &nbsp; &nbsp; &nbsp; &nbsp; &nbsp; &nbsp; &nbsp; &nbsp;&nbsp; Livros FERNANDES M., Eder; HANSEN, G. L. (Org.) ; NEVES, Edson [&hellip;]<\/p>\n","protected":false},"author":5,"featured_media":0,"parent":0,"menu_order":0,"comment_status":"closed","ping_status":"closed","template":"","meta":{"_exactmetrics_skip_tracking":false,"_exactmetrics_sitenote_active":false,"_exactmetrics_sitenote_note":"","_exactmetrics_sitenote_category":0,"footnotes":""},"categories":[],"tags":[],"class_list":["post-433","page","type-page","status-publish","hentry"],"_links":{"self":[{"href":"http:\/\/ppgdin.uff.br\/index.php?rest_route=\/wp\/v2\/pages\/433","targetHints":{"allow":["GET"]}}],"collection":[{"href":"http:\/\/ppgdin.uff.br\/index.php?rest_route=\/wp\/v2\/pages"}],"about":[{"href":"http:\/\/ppgdin.uff.br\/index.php?rest_route=\/wp\/v2\/types\/page"}],"author":[{"embeddable":true,"href":"http:\/\/ppgdin.uff.br\/index.php?rest_route=\/wp\/v2\/users\/5"}],"replies":[{"embeddable":true,"href":"http:\/\/ppgdin.uff.br\/index.php?rest_route=%2Fwp%2Fv2%2Fcomments&post=433"}],"version-history":[{"count":12,"href":"http:\/\/ppgdin.uff.br\/index.php?rest_route=\/wp\/v2\/pages\/433\/revisions"}],"predecessor-version":[{"id":1455,"href":"http:\/\/ppgdin.uff.br\/index.php?rest_route=\/wp\/v2\/pages\/433\/revisions\/1455"}],"wp:attachment":[{"href":"http:\/\/ppgdin.uff.br\/index.php?rest_route=%2Fwp%2Fv2%2Fmedia&parent=433"}],"wp:term":[{"taxonomy":"category","embeddable":true,"href":"http:\/\/ppgdin.uff.br\/index.php?rest_route=%2Fwp%2Fv2%2Fcategories&post=433"},{"taxonomy":"post_tag","embeddable":true,"href":"http:\/\/ppgdin.uff.br\/index.php?rest_route=%2Fwp%2Fv2%2Ftags&post=433"}],"curies":[{"name":"wp","href":"https:\/\/api.w.org\/{rel}","templated":true}]}}