{"id":4173,"date":"2024-01-08T21:45:04","date_gmt":"2024-01-08T21:45:04","guid":{"rendered":"http:\/\/ppgdin.uff.br\/?page_id=4173"},"modified":"2024-04-03T14:56:24","modified_gmt":"2024-04-03T14:56:24","slug":"edital-de-estagio-pos-doutoral-2024-1-processo-seletivo","status":"publish","type":"page","link":"http:\/\/ppgdin.uff.br\/?page_id=4173","title":{"rendered":"EDITAL DE EST\u00c1GIO P\u00d3S-DOUTORAL 2024.1 (PROCESSO SELETIVO)"},"content":{"rendered":"\n<div class=\"wp-block-image\"><figure class=\"alignleft\"><img loading=\"lazy\" decoding=\"async\" width=\"100\" height=\"154\" src=\"http:\/\/ppgdin.uff.br\/wp-content\/uploads\/sites\/5\/2019\/10\/PPGDIN-e1572531848831.png\" alt=\"\" class=\"wp-image-1605\" \/><\/figure><\/div>\n\n\n\n<div style=\"height:5px\" aria-hidden=\"true\" class=\"wp-block-spacer\"><\/div>\n\n\n\n<p class=\"has-text-align-center has-vivid-red-color has-text-color has-medium-font-size\"> <strong>RESULTADO FINAL<\/strong><\/p>\n\n\n\n<div style=\"height:36px\" aria-hidden=\"true\" class=\"wp-block-spacer\"><\/div>\n\n\n\n<p class=\"has-medium-font-size\"><a href=\"https:\/\/drive.google.com\/file\/d\/1plHqJZ0J76hZy2KVXGxnA1YP21OGM4LA\/view?usp=sharing\"> <strong>RESULTADO FINAL &#8211; SELETIVO EST\u00c1GIO P\u00d3S-DOUTORAL (clique aqui)<\/strong> <\/a><\/p>\n\n\n\n<p class=\"has-background has-medium-font-size\" style=\"background-color:#fce1e1\">A Coordena\u00e7\u00e3o do Programa convoca a todos os aprovados para estarem presentes na aula inaugural a ser realizada no\u00a0<strong>dia 17\/04 (quarta-feira) \u00e0s 10h<\/strong>\u00a0na Defensoria P\u00fablica &#8211; FESUDEPERJ (sala 03).<\/p>\n\n\n\n<div style=\"height:40px\" aria-hidden=\"true\" class=\"wp-block-spacer\"><\/div>\n\n\n\n<hr class=\"wp-block-separator\" \/>\n\n\n\n<p class=\"has-text-align-center has-vivid-red-color has-text-color has-medium-font-size\"><strong>RESULTADO PRELIMINAR<\/strong> <\/p>\n\n\n\n<div style=\"height:36px\" aria-hidden=\"true\" class=\"wp-block-spacer\"><\/div>\n\n\n\n<p class=\"has-medium-font-size\"><a href=\"https:\/\/drive.google.com\/file\/d\/1KvWkYLkmIQgWaWkk-5SDf9anvDkOJq9q\/view?usp=sharing\"><strong>RESULTADO PRELIMINAR &#8211; SELETIVO EST\u00c1GIO P\u00d3S-DOUTORAL (clique aqui)<\/strong><\/a><\/p>\n\n\n\n<p class=\"has-medium-font-size\"><strong>OBS.: <\/strong>Publica\u00e7\u00e3o do resultado preliminar realizada \u00e0s 18:00 do dia 27\/03\/2024 (hor\u00e1rio de Bras\u00edlia).<\/p>\n\n\n\n<div style=\"height:40px\" aria-hidden=\"true\" class=\"wp-block-spacer\"><\/div>\n\n\n\n<hr class=\"wp-block-separator\" \/>\n\n\n\n<p class=\"has-text-align-center has-vivid-red-color has-text-color has-medium-font-size\"><strong>ETAPA DE ENTREVISTAS &#8211; NOVA DATA<\/strong><\/p>\n\n\n\n<div style=\"height:36px\" aria-hidden=\"true\" class=\"wp-block-spacer\"><\/div>\n\n\n\n<p class=\"has-medium-font-size\">Ap\u00f3s determina\u00e7\u00e3o da coordena\u00e7\u00e3o do programa, informamos que a etapa de entrevistas do processo seletivo para est\u00e1gio p\u00f3s-doutoral ser\u00e1 realizada no&nbsp;<strong>dia 27\/03 (quarta-feira) \u00e0s 10h remotamente (via plataforma Google Meet).<\/strong> O link para acesso \u00e0 sala de espera da entrevista foi enviado para o e-mail dos candidatos.<\/p>\n\n\n\n<div style=\"height:36px\" aria-hidden=\"true\" class=\"wp-block-spacer\"><\/div>\n\n\n\n<hr class=\"wp-block-separator\" \/>\n\n\n\n<p class=\"has-text-align-center has-vivid-red-color has-text-color has-medium-font-size\"><strong>COMUNICADO URGENTE <\/strong> <\/p>\n\n\n\n<div style=\"height:36px\" aria-hidden=\"true\" class=\"wp-block-spacer\"><\/div>\n\n\n\n<p class=\"has-black-color has-white-background-color has-text-color has-background has-medium-font-size\">Informamos que est\u00e1&nbsp;<strong>suspensa a realiza\u00e7\u00e3o presencial das entrevistas<\/strong>&nbsp;do processo seletivo para est\u00e1gio p\u00f3s-doutoral que seriam realizadas na coordena\u00e7\u00e3o do PPGDIN, \u00e0s 9h do dia 22\/03, em conformidade com o <strong>OF\u00cdCIO&nbsp;CIRCULAR&nbsp;N\u00ba 05\/2024\/ESD\/UFF&nbsp;<\/strong>(encaminhado \u00e0s 21:52 de hoje &#8211; 21\/03), que trata da&nbsp;<strong>suspens\u00e3o<\/strong>&nbsp;das atividades presenciais nos&nbsp;<em>campi&nbsp;<\/em>da Faculdade nos dias 22 e 23 de mar\u00e7o de 2024, em raz\u00e3o da decreta\u00e7\u00e3o de ponto facultativo pela Universidade e pela Prefeitura de Niter\u00f3i, tendo em vista os alertas de temporais previstos.<\/p>\n\n\n\n<p class=\"has-black-color has-text-color has-background has-medium-font-size\" style=\"background-color:#fbff00\">Diante desta situa\u00e7\u00e3o inesperada, solicitamos aos candidatos que <strong>estejam atentos a novas comunica\u00e7\u00f5es por e-mail e pelo site do programa ainda amanh\u00e3 (22\/03) <\/strong>para mais informa\u00e7\u00f5es acerca da alternativa a ser adotada pela banca do processo seletivo.<\/p>\n\n\n\n<div style=\"height:40px\" aria-hidden=\"true\" class=\"wp-block-spacer\"><\/div>\n\n\n\n<hr class=\"wp-block-separator\" \/>\n\n\n\n<p class=\"has-text-align-center has-vivid-red-color has-text-color has-medium-font-size\"><strong>INSCRI\u00c7\u00d5ES HOMOLOGADAS <\/strong><\/p>\n\n\n\n<div style=\"height:40px\" aria-hidden=\"true\" class=\"wp-block-spacer\"><\/div>\n\n\n\n<p class=\"has-medium-font-size\"><strong>1) <\/strong>&nbsp;A etapa de avalia\u00e7\u00e3o das candidaturas pela banca de sele\u00e7\u00e3o e entrevistas ser\u00e1 realizada <strong>\u00e0s 09:00 do dia 22\/03\/2024<\/strong>, na Faculdade de Direito &#8211; CAMPUS I<strong> <\/strong>(Rua Presidente pedreira, 62 &#8211; Ing\u00e1 \u2013 Niter\u00f3i\/RJ), na sala da Coordena\u00e7\u00e3o do PPGDIN.<\/p>\n\n\n\n<p class=\"has-medium-font-size\"><strong>2)<\/strong>&nbsp; Ser\u00e1 desclassificado(a) o\/a candidato(a) que <strong>n\u00e3o comparecer no hor\u00e1rio<\/strong>, assim como aquele que faltar. <\/p>\n\n\n\n<div style=\"height:15px\" aria-hidden=\"true\" class=\"wp-block-spacer\"><\/div>\n\n\n\n<p class=\"has-medium-font-size\"><strong><a href=\"https:\/\/drive.google.com\/file\/d\/1cWw1LIrWk2qbmztwBI2_rcyMIK969ueF\/view?usp=sharing\">LISTA COM AS INSCRI\u00c7\u00d5ES HOMOLOGADAS (clique aqui)<\/a><\/strong><\/p>\n\n\n\n<p class=\"has-medium-font-size\"><\/p>\n\n\n\n<div style=\"height:15px\" aria-hidden=\"true\" class=\"wp-block-spacer\"><\/div>\n\n\n\n<hr class=\"wp-block-separator\" \/>\n\n\n\n<p class=\"has-text-align-center has-vivid-red-color has-text-color has-medium-font-size\"><strong>EDITAL<\/strong><\/p>\n\n\n\n<p class=\"has-medium-font-size\"><strong>Edital<\/strong>&nbsp;de processo seletivo para p\u00f3s-doutorado referente ao&nbsp;<strong>primeiro per\u00edodo de 2024.<\/strong><\/p>\n\n\n\n<p class=\"has-medium-font-size\">Per\u00edodo de inscri\u00e7\u00f5es: &nbsp;<strong>01 de fevereiro a 29 de fevereiro de 2024<\/strong>, at\u00e9 \u00e0s 18 horas.<\/p>\n\n\n\n<p class=\"has-medium-font-size\">Informa\u00e7\u00f5es vide edital.<\/p>\n\n\n\n<p class=\"has-medium-font-size\"><\/p>\n\n\n\n<p class=\"has-medium-font-size\"><strong><a href=\"http:\/\/ppgdin.uff.br\/wp-content\/uploads\/sites\/5\/2024\/01\/EDITAL-2024.1-POS-DOUTORADO.pdf\">Ver Edital<\/a><\/strong><\/p>\n\n\n\n<div style=\"height:14px\" aria-hidden=\"true\" class=\"wp-block-spacer\"><\/div>\n\n\n\n<hr class=\"wp-block-separator\" \/>\n\n\n\n<div style=\"height:6px\" aria-hidden=\"true\" class=\"wp-block-spacer\"><\/div>\n\n\n\n<p class=\"has-medium-font-size\"><strong>Inscri\u00e7\u00e3o <\/strong><span class=\"has-inline-color has-cyan-bluish-gray-color\"><a href=\"https:\/\/forms.gle\/Kb1nUgSrXRxPfWLz7\"><strong>CLIQUE AQUI<\/strong> (link para acesso ao formul\u00e1rio de inscri\u00e7\u00e3o)<\/a><\/span><\/p>\n\n\n\n<p class=\"has-medium-font-size\">OBS.: para preenchimento do formul\u00e1rio de inscri\u00e7\u00e3o \u00e9 necess\u00e1rio estar logado em uma conta gmail.<\/p>\n","protected":false},"excerpt":{"rendered":"<p>RESULTADO FINAL RESULTADO FINAL &#8211; SELETIVO EST\u00c1GIO P\u00d3S-DOUTORAL (clique aqui) A Coordena\u00e7\u00e3o do Programa convoca a todos os aprovados para estarem presentes na aula inaugural a ser realizada no\u00a0dia 17\/04 (quarta-feira) \u00e0s 10h\u00a0na Defensoria P\u00fablica &#8211; FESUDEPERJ (sala 03). RESULTADO PRELIMINAR RESULTADO PRELIMINAR &#8211; SELETIVO EST\u00c1GIO P\u00d3S-DOUTORAL (clique aqui) OBS.: Publica\u00e7\u00e3o do resultado preliminar realizada [&hellip;]<\/p>\n","protected":false},"author":5,"featured_media":0,"parent":0,"menu_order":0,"comment_status":"closed","ping_status":"closed","template":"","meta":{"_exactmetrics_skip_tracking":false,"_exactmetrics_sitenote_active":false,"_exactmetrics_sitenote_note":"","_exactmetrics_sitenote_category":0,"footnotes":""},"categories":[2,4],"tags":[],"class_list":["post-4173","page","type-page","status-publish","hentry","category-destaques","category-noticias"],"_links":{"self":[{"href":"http:\/\/ppgdin.uff.br\/index.php?rest_route=\/wp\/v2\/pages\/4173","targetHints":{"allow":["GET"]}}],"collection":[{"href":"http:\/\/ppgdin.uff.br\/index.php?rest_route=\/wp\/v2\/pages"}],"about":[{"href":"http:\/\/ppgdin.uff.br\/index.php?rest_route=\/wp\/v2\/types\/page"}],"author":[{"embeddable":true,"href":"http:\/\/ppgdin.uff.br\/index.php?rest_route=\/wp\/v2\/users\/5"}],"replies":[{"embeddable":true,"href":"http:\/\/ppgdin.uff.br\/index.php?rest_route=%2Fwp%2Fv2%2Fcomments&post=4173"}],"version-history":[{"count":15,"href":"http:\/\/ppgdin.uff.br\/index.php?rest_route=\/wp\/v2\/pages\/4173\/revisions"}],"predecessor-version":[{"id":4303,"href":"http:\/\/ppgdin.uff.br\/index.php?rest_route=\/wp\/v2\/pages\/4173\/revisions\/4303"}],"wp:attachment":[{"href":"http:\/\/ppgdin.uff.br\/index.php?rest_route=%2Fwp%2Fv2%2Fmedia&parent=4173"}],"wp:term":[{"taxonomy":"category","embeddable":true,"href":"http:\/\/ppgdin.uff.br\/index.php?rest_route=%2Fwp%2Fv2%2Fcategories&post=4173"},{"taxonomy":"post_tag","embeddable":true,"href":"http:\/\/ppgdin.uff.br\/index.php?rest_route=%2Fwp%2Fv2%2Ftags&post=4173"}],"curies":[{"name":"wp","href":"https:\/\/api.w.org\/{rel}","templated":true}]}}