{"id":3988,"date":"2023-08-16T01:52:56","date_gmt":"2023-08-16T01:52:56","guid":{"rendered":"http:\/\/ppgdin.uff.br\/?page_id=3988"},"modified":"2023-08-16T02:11:18","modified_gmt":"2023-08-16T02:11:18","slug":"pre-matricula","status":"publish","type":"page","link":"http:\/\/ppgdin.uff.br\/?page_id=3988","title":{"rendered":"Pr\u00e9-Matr\u00edcula"},"content":{"rendered":"\n<hr class=\"wp-block-separator\" \/>\n\n\n\n<p class=\"has-medium-font-size\">O(A) candidato(a) aprovado(a) e classificado(a), tendo enviado, no momento da inscri\u00e7\u00e3o, o <strong>diploma de gradua\u00e7\u00e3o em Direito<\/strong> do curso reconhecido (frente e verso), a <strong>c\u00f3pia do CPF<\/strong> e da <strong>identidade<\/strong>, bem como a ficha cadastral (ANEXO V) corretamente preenchida, ter\u00e1 sua <strong>pr\u00e9-matr\u00edcula<\/strong> efetuada, <code><strong>automaticamente<\/strong> pela Secretaria do Programa<\/code>, junto \u00e0 Pr\u00f3-reitoria de P\u00f3s-Gradua\u00e7\u00e3o desta Universidade (PROPPI).<\/p>\n\n\n\n<div style=\"height:23px\" aria-hidden=\"true\" class=\"wp-block-spacer\"><\/div>\n","protected":false},"excerpt":{"rendered":"<p>O(A) candidato(a) aprovado(a) e classificado(a), tendo enviado, no momento da inscri\u00e7\u00e3o, o diploma de gradua\u00e7\u00e3o em Direito do curso reconhecido (frente e verso), a c\u00f3pia do CPF e da identidade, bem como a ficha cadastral (ANEXO V) corretamente preenchida, ter\u00e1 sua pr\u00e9-matr\u00edcula efetuada, automaticamente pela Secretaria do Programa, junto \u00e0 Pr\u00f3-reitoria de P\u00f3s-Gradua\u00e7\u00e3o desta Universidade [&hellip;]<\/p>\n","protected":false},"author":5,"featured_media":0,"parent":0,"menu_order":0,"comment_status":"closed","ping_status":"closed","template":"","meta":{"_exactmetrics_skip_tracking":false,"_exactmetrics_sitenote_active":false,"_exactmetrics_sitenote_note":"","_exactmetrics_sitenote_category":0,"footnotes":""},"categories":[],"tags":[],"class_list":["post-3988","page","type-page","status-publish","hentry"],"_links":{"self":[{"href":"http:\/\/ppgdin.uff.br\/index.php?rest_route=\/wp\/v2\/pages\/3988","targetHints":{"allow":["GET"]}}],"collection":[{"href":"http:\/\/ppgdin.uff.br\/index.php?rest_route=\/wp\/v2\/pages"}],"about":[{"href":"http:\/\/ppgdin.uff.br\/index.php?rest_route=\/wp\/v2\/types\/page"}],"author":[{"embeddable":true,"href":"http:\/\/ppgdin.uff.br\/index.php?rest_route=\/wp\/v2\/users\/5"}],"replies":[{"embeddable":true,"href":"http:\/\/ppgdin.uff.br\/index.php?rest_route=%2Fwp%2Fv2%2Fcomments&post=3988"}],"version-history":[{"count":3,"href":"http:\/\/ppgdin.uff.br\/index.php?rest_route=\/wp\/v2\/pages\/3988\/revisions"}],"predecessor-version":[{"id":4000,"href":"http:\/\/ppgdin.uff.br\/index.php?rest_route=\/wp\/v2\/pages\/3988\/revisions\/4000"}],"wp:attachment":[{"href":"http:\/\/ppgdin.uff.br\/index.php?rest_route=%2Fwp%2Fv2%2Fmedia&parent=3988"}],"wp:term":[{"taxonomy":"category","embeddable":true,"href":"http:\/\/ppgdin.uff.br\/index.php?rest_route=%2Fwp%2Fv2%2Fcategories&post=3988"},{"taxonomy":"post_tag","embeddable":true,"href":"http:\/\/ppgdin.uff.br\/index.php?rest_route=%2Fwp%2Fv2%2Ftags&post=3988"}],"curies":[{"name":"wp","href":"https:\/\/api.w.org\/{rel}","templated":true}]}}