{"id":3856,"date":"2023-04-12T15:26:46","date_gmt":"2023-04-12T15:26:46","guid":{"rendered":"http:\/\/ppgdin.uff.br\/?page_id=3856"},"modified":"2023-08-15T19:50:31","modified_gmt":"2023-08-15T19:50:31","slug":"ano-2023","status":"publish","type":"page","link":"http:\/\/ppgdin.uff.br\/?page_id=3856","title":{"rendered":"ANO 2023"},"content":{"rendered":"\n<hr class=\"wp-block-separator\" \/>\n\n\n\n<p class=\"has-vivid-red-color has-text-color\" style=\"font-size:30px\"><strong>Turma 2023.1<\/strong><\/p>\n\n\n\n<p class=\"has-medium-font-size\"><a href=\"https:\/\/buscatextual.cnpq.br\/buscatextual\/visualizacv.do?id=K4809627E0&amp;tokenCaptchar=03AKH6MRHwWx2xU_eL4Wkq1AicxgiEJdP6kIfPkZTUxGo1DP4W3Gyt4-xtuIc-Pnwts1abZu2go0lDAxbDebbqEYs90NNRv9Du_s_-MDMqFZ8rhfSTwQPUU0AQJCxLRA95lxazty3PPW1_mhYa1ItOximXoMawX-ELiRLsWnvW6m-ndqmSaGMW3XAbuufe5BKODn5foxxUklTwg8gPf2hOcLycln5mqAckHoKnaxb0eCYIVfNmeKQikrk1egEE8OgWmSjdVg1aTZ57SjC0adtT1uKbqz1o2yw2rMa4mBXq3pRyePsmwhdBzEwUWfANTbe4xUoJquIg9B91UcqRmJOX9_f3hDEIN2eNX5H_BffP-vzUEBAINQgLUUVBMk-0BWlOwCINPDh8PhDlXPhaKwSt-jbsFsbpg-KKo1b76V_UrCC5Odo0ftelRsOEqbFnoTJYHvdHKqBnEuCzIs2-alUoC7WXX9ltv4xniK9k4w63WI9zFy5cFpCKztAARjuHdXF_M2KkflM6AUPXvUQnrQS2gaYNUDE1WjUIJQ\">Bruna Duarte Teixeira Martins Oliveira<\/a><\/p>\n\n\n\n<p class=\"has-medium-font-size\"><a href=\"https:\/\/buscatextual.cnpq.br\/buscatextual\/visualizacv.do?id=K2533089D4&amp;tokenCaptchar=03AKH6MREflrceO53AFLap1Ewc1Vf3_dUPOLM6PHEmBFsq4_ur7OWucPrS3iuOFcQLtfpF2yyvWiBFrt5h_KvIgrWbMFToyHo5GJCS14LbmVPuC6IdVkDd-0tgCM4N3SukoEtXhICEDF1hScU9-d7cBP6Cp3AFpwirEbGPXxfIrQCK6E85xWU51pp-2umoI983Najhe49NYntW47lgqt2seCaNEujGBcG8rhEl8C79nEFxPF72OwHkyf_LnadI_I1Pe8B_nCmRqFmfPcbtHLmYc3DgoRucGsmBSDvF_ScZFuRbqvbgs0fWPm0yTO_6ILSxMu7Qc3S8aLtsgvQ-LyQ2vgrmEp7n-XErnprAzb6umJzCTIaEe6n4xC-iAyO-gqunRC9bhoFXyjK2FEX8DIlZJt1dEx8BAJDYxCu1sOYEZwAhpXO7MkHmSFoFoxj-8naa7XiAI2sl8GXSXc5BGWCAyG5VPey9bjEbSsHcQ46mM-Qbo8XOtEXpxwLiQpJLM7lPMQlOKBiIujm6sd1skQv-dVRVu7ulpO_96Q\">David Anthony Gon\u00e7alves Alves<\/a><\/p>\n\n\n\n<p class=\"has-medium-font-size\"><a href=\"https:\/\/buscatextual.cnpq.br\/buscatextual\/visualizacv.do?id=K8156840E4&amp;tokenCaptchar=03AKH6MRHIjYMKAv2gUF2r90Ljfpub-QagyblEFc-2rMV6t08uykvvzhTODAy7tfPEWTn2y8a7VSrPAThlZ0vV4I_HsWHetAJefcGOuVf34W27QvI9sUlQBPQclNT-ryQ4jhHhtdw0VRbVKq049W1bQVThokaOENDBNnE5L2zUV-Ndjw7YJbXLPvl4_p053GCSeb9D3eDdywCogrLbzG4mInr9r6jkeK1Vwyhe6nClvaVBpGaOfZV_wwyGcLBE5NgJXOkeB-M7uWDv6lub1CHDGePLJsIDXta0Oq1FcHB1M-C-EzU2hMnHMJK50364XRrbKoze0DGKWlZ5tAlilhXmIL4iMRC2JZcDC75ehPUO1ZF1yFiyM2WwD5XxVNjTaoggK4xFqB12dCZ7W7lcZDiUGyRZ_LuZiHVKsAUvTQvkieUOshsa3kBekg9Ai3Oip5-wXYGOpnGOqNraC7A2dyU_ZJIhaeEongcXGrPLOg7owTPRc3vfgkQiZyLLi_ln2L6n1afsdjb1NRozEVVG8SLuUn-cOdboo1t75w\">Felipe Barbosa de Freitas Ribeiro<\/a><\/p>\n\n\n\n<p class=\"has-medium-font-size\"><a href=\"https:\/\/buscatextual.cnpq.br\/buscatextual\/visualizacv.do?id=K4332997A7&amp;tokenCaptchar=03AKH6MRFJ277tIBktAcLE5k4mHPhiBNCosRXxI2i1c0nyTDnW5bDLnsG0VOYeC3sH9QBp_6gC3PtaZi0l5GnJ8-krGGveD9vLvunL69tuGKEOT7IK3MFmT7TE4ZzidoI4JLfHKq8g5lpOdB1Ofbak4rLCmEJk3221MWRBRubQNFzZJec3wOaWt0c6Xxyp8VfJZbuTEa0iT088wZmvD60xS9UR_3fzOeGmf3owMFBQ41Taduanw3mmrh9RHl_hnJ_zqN59x_RHY5Wn3LSV8M75kYpojZeoWk94Zcb8Q2Vt5ytmm1xsozpX7-5FWbr-BWA2lxBeRu3wSTaBJ950B8wfCN7gHx4eLWUeZ3a6krhEFK6aADX-wFTSucLwsTGgjP01mnmuB19BmbHTSUZvES3ptWW3swzgSGo-YbspTBaGMqnbIFoqDL21hONUr536DnOLxbzPf098xnLn--hIcz3ZpYZUMxFUC3HDfF1V2R-rCC63cTixBg8vW2G0LKBd3-tLLakrYBMq9ZGzEkGpYhQLLMxbCPUQGDJK3Q\">Francisco Alves da Cunha Horta Filho<\/a><\/p>\n\n\n\n<p class=\"has-medium-font-size\"><a href=\"https:\/\/buscatextual.cnpq.br\/buscatextual\/visualizacv.do?id=K4331657P1&amp;tokenCaptchar=03AKH6MRGwS6Hz9NImGRlorbMA2nwLZTROXVOG_GOAgdJxAiZjSrfptucpSLGqqgmljXes5TUOBSe3lLitE5SCOlpKP2LgYD8oEVjUFqbf8jVxfTBUpX24SvSqbACp7fLw13JWN2Z-D3jVP9TaQnsUOdq-pttBchrmZ0VXZJMTNfUdw5mYbv6l7TdCmg2PxEtOz7oumhHyNxjKQmjXyYwvEJP-8U1DWs7CsalhebjdPqlFpnvHE1jJtCfY-UbkBCfHqYriNjLxkIQVJND9f_BmQtoJT7PUf80eHkKnMjrNWd5ao0_5Z3YNa3rBXrcoSi-py8mhWrgEQKHxCiCDsqrR6CC_zQcg5FL9xEpvHaTFf4j7SZUnfAwhur8Z9bOPjdeYwC127AmTx3TPYngVNQililZxKvIzvVYAUOYBk79wTpIJXy3paQrf-xKo5MKHzNIvBs8B2dWUlsOXeO2W_m5oLLNlj3AgmQT4SQiq226UqBMnqX62FWmwpMN4ho6CxK9CXdvr5h7WFZvqq9aq0Aq4Dnm6g4ZSdDyAFA\">Lilia Nunes Silva<\/a><\/p>\n\n\n\n<p class=\"has-medium-font-size\"><a href=\"https:\/\/buscatextual.cnpq.br\/buscatextual\/visualizacv.do?id=K4295367D8&amp;tokenCaptchar=03AKH6MRGwYSE_AgsUVrTzlnbGk9Zagl9bKOF4PkeZ_Kn9LNUTU6K1hZDdwJdeNp9iEQLmRib0SNV14lOqEnzvJMaEJou3w8EI8uwlRJ_5zXj5nBmt3OdaTakUZXQQnAFy2A9VZ-LgtVIs8F9JP4E8zTQ-Z-BQfe1EUnss3tCAIQo2wHLvPoMgDzl3BL3fO4ZcDGu26EJb4zWDk-Oh0kXU8gBz6DKKzT6SUvXDmCSBRvue6PnW5eUjLu9HZ7dkq3HMTKG2dXQQ9vH71_w98SmDwA3KNYaK-bhedxLAn4l68sG81qOU6ipX4f51GBRibJBB6lI74batwjrZQ-HL4qaX3lr0ZzN-crxNTQVr6DyxMyTO8DbnYmPcPxQcUA6Pfgp88o2EvHMCwvdQtWrTU4bpjq7PNYdCWFjaorfmubrYecs9QgYcQZ1zM_X3WnuvJO33JzqfaJ75eU6obJ4lY8PZwLzA3DNgYUjmhEhAxwPcrn8vyT4McK0GV5xFQ3yeksmebErNb-Xnu3doDdb72Ve92xz25wiBlHb9Qw\">Marcos Ant\u00f4nio de Souza Lima<\/a><\/p>\n\n\n\n<p class=\"has-medium-font-size\"><a href=\"http:\/\/buscatextual.cnpq.br\/buscatextual\/visualizacv.do\">Maria Jos\u00e9 Marcos<\/a><\/p>\n\n\n\n<p class=\"has-medium-font-size\"><a href=\"https:\/\/buscatextual.cnpq.br\/buscatextual\/visualizacv.do?id=K8013529U4&amp;tokenCaptchar=03AKH6MRFVQ2YjN8AuvnrAuG53Na6OcbGTgg9UOg1_QvqPzh5mST4gkXDDpil4hvrMJOHMReS_TwrOLRv22B8kRwF2r1wCyC-fjQOMlw4wI0uP4j-nd5WkvIwdAUvkV3Glp2GXnOvPgQ_jMJEAaBlsKOXoA-VIdV9vMpR6IYMShyZbA5WObLxa-jviXlCyGjSRK-QXI91SzvUPpRSdahBq_u-qJCQV2bjngdfLDQTNhWlYHwH28h6zfNFLS87J_g0i_gC4QiH2w6H_gJsu30aeRpLvnb3Y4JDP1ewRSyihZXNZZMX61rvrP4UiY9n17UQcchV_UlmgOG7Sh-M6SN9ef65txocWKS37xPCgYSonaRhPAPEfDGUWawLYr6-btugKSQLQw4ZLicJwY9oNWX9BPium77UKFJqBQYB6dl5MtyUVlLXpOq5O172Du-vE10XX0lKzgVTAm8DWMpQ6QO8vRe_ddcTK3Nn_FhDaFegQQxTZEANwMZMtsJkweycE8dmemOoZqH8LhhopNEREmCt_RoTQu9ykcDUP6A\">Pedro Henrique de Paula Morais<\/a><\/p>\n\n\n\n<hr class=\"wp-block-separator\" \/>\n\n\n\n<p class=\"has-vivid-red-color has-text-color\" style=\"font-size:30px\"><strong>Turma 2023.2<\/strong><\/p>\n\n\n\n<p class=\"has-medium-font-size\"><a href=\"http:\/\/buscatextual.cnpq.br\/buscatextual\/visualizacv.do?id=K8654783Z4&amp;tokenCaptchar=03ADUVZwC_MYubJ3oqS5LNCeBqVPEZ7ZrePwXSIf4tlgFRikwtnaMvaVCI_CVs8hOpeqU5zpZzWd1mLfbcPrz5sDCunjqTxvSpg8aMiXJvHf2mXnLKnx0GF3Ks-eKMf-WKXlus1pu8n-8PNqnganNIb7JUIifp3-VKtJ8fHo2N8LT1OU_YoHMNZLy-3XacI_udiHT1IOlOTA4VjV8vmBrm4hQNr6tJ6du2rNaykaJsnvNlH4g-PKf14UU6EZty1GTbNkYnA2PTXptMPFhgfsdS2Mou_e_8l4n5Z_A1Kmnmujq3zaA32ADwHfUEoU62d8-EZ8WN5cmRCJ1ZwrqGwZOJltPXCvCWKcKQbNVrxO6ds434DbLNN0xwYgBb91xiY4eNotRGaLej5n0PdZzoX7Ntc4aFs5jDDEy8hmopUqEnnW5PewyOzBe_g1Qtt5e5qtshIpJQ57pmD7mGs_bH_ZS5JZza0UGUYeTIhpdfCKoMmjtOp3VSeaHpmiyIv7VUuJW-A-rOyp1JxD2qDWGz68S2xKoMSjUliuLMI98mPvJYgGpe5lPUCOCmVRLq5Ealy6rTxPTAehv0KQzR\">Ana Cl\u00e1udia Rodrigues Theodoro<\/a><\/p>\n\n\n\n<p class=\"has-medium-font-size\"><a href=\"http:\/\/buscatextual.cnpq.br\/buscatextual\/visualizacv.do?id=K1115296D7&amp;tokenCaptchar=03ADUVZwARnXwqTvdi2_GZdqSi69vdMGTR8Vc8oFB6Alz4qVO-9KQlF-78PV7cbXC206sEOMLePz6gi1GpQ1sYW1sj5JPzdUlizr5fFf0__6lY8H6cBMfPEFV-O92iest7qcXFxixcmAjtJ9vk7qrj6It0Rx0lXhek2s32taYJb1fwtv86U-uDTxsyBaIi0L52lkOExTW1szb1CwVnp-pEFkFGWOl2EC6EgoLHynvUQ3HfORv5eeiuM5eNFTL8CkEZL4c6VVFpDGybudYvS02gv_ELzFePHFN8GutZK4a2jT8-pZd6lhhf25UzLbme1GP74NHQa82VWwndwviDyJ_QzgJvRafYMt03OlAOl1ni1D1SkSHmIQiu90v3CIGO0HkNh7Etlyj-Qtetn8kjDRlACIoLeEIlSiPHGUSj5mVNnrzFEqXKsyQZLpE2fZ-h5IORTRkGIJv06Gd6FEzh7PW7iB32-izXoFIwHVf3E23x4CB45RLaEoR7F1lCzRvaNy4h432fWq0MK0EbPcByqQyK-pwWnuI7YF4YV7hMpnNzJFkqiNDvLiyUnBS-b5LDvZX2fRgYx7WFxhv0\">Felipe de Santa Cruz Oliveira Scaletsky<\/a><\/p>\n\n\n\n<p class=\"has-medium-font-size\"><a href=\"http:\/\/buscatextual.cnpq.br\/buscatextual\/visualizacv.do?id=K4658116D2&amp;tokenCaptchar=03ADUVZwDAR5-gOJImivo08Bno35cMh_wndW_ft63OYaHXwhEsKYTgg6ZDDqRXJkGljxpUNER4jT3Mw211-ybyHwOo13lFM7aUq_wt8i7dIQ9JUr_4NE9ZrAXHoZM6CiJMX3sI0zJXsFDpWYMeidPYipEe1qPMxMI4pp4u9tZd4zprEHZHejt118SGxQD2ZbtcEXHfP-r7aOKIBGpTu6vNYRrFw0cfkQtgTg2MTxahtpN9btXAn9Xd0eUhT8D25HqTEtaJKM4sfVuckq2l0ZB1e9UwuBzEvwQY--T5k0zBF8XZM0NhtoIqZJ_glq2aKZJr-MU00BDv_idO7BtYgrA9xC2jeTi7WjL-Erpe0RdzfBF4l2GjW3rh07a9HjQ3AdhlVA20QUQN1eFokf2OwlLQvMtkjDofwE9EnlVslP8BKFgkIdrtX-qdnRwt5HXnFBxTnCIHxyiAMvZYkPzIBzGV2_AiPeKjmSKL7_A7ZaGoafon8-UDxzG2DEuskftsS1C8Y4lP_QOJuS5dGaMfSvT2z7r7l2IbIVg9BShdlRyyCagbsd95ghFACjXNxckWsKJ-Cu3G5rN2xCtg\">Leila Ang\u00e9lica de Oliveira Castro<\/a><\/p>\n\n\n\n<p class=\"has-medium-font-size\"><a href=\"http:\/\/buscatextual.cnpq.br\/buscatextual\/visualizacv.do?id=K4498856A6&amp;tokenCaptchar=03ADUVZwDVzCHiBwsqC2PmQrpnlTgHRBw8G9moJNKIXvfOU3ByWPjgTGubU8-FJwrd7zl8409LwiKQq-KVA9OXQS73S6Wbr9SEMJxyIjEDzRbj6LiadUjapfFAazzZUDUlddN5dMJZ_8vYGBLUHH0YEo40pgCNpHC1g0mox-87tUMQvIG3IOZvEknErWdvNX0cxMGIRgNlY8RAsiRf2pltNOL1-RXNUjGUSZlaNcF2AAO2LgKZ-4fkDwI6G7abT6RSLofYVPVQNV_GM8Gef9Y7kETNGC00zH5stF0qFCW4CgXvrHBpzz0PGO7fAWphQ4LxZG3Let34l2c4NhzhzT2J21y9IsMp4vudlVrf-sxGxxcT4m4FUr50h5stIZQ9X-ibvbN9ZNLTXL-JqpGAGTeOyRWI1tMxUnMJgMhf803cnrQbnMGlFSoIJ3y_WS_ypMpI7I4VuK8Y6kuo2JjKVipBmNXxi860wFzZXwWJXh8a6_gpSPe_rvVmWs3VxqK4HLIaFLDz7cW-Qukx9rt8tM3b5-1vp7XrOq_9cObj5wjsRnfMLOImi81AGmecQiub0MP5RSd1BzSo2b7B\">Nat\u00e1lia Regueira de Oliveira<\/a><\/p>\n\n\n\n<p class=\"has-medium-font-size\"><a href=\"http:\/\/buscatextual.cnpq.br\/buscatextual\/visualizacv.do?id=K4380887A5&amp;tokenCaptchar=03ADUVZwArixvphwbLZRLB3FNVYpL35zcYT3t4D-rFvTHzH5I8Tbuu610zJqqO8QeoNJk-tXe1k4CNodeNjf-9troiebFVLbIEjso-trqbB-lV83UHWID-MY1Ixp3_MdSKvJeanEqxvKoQZjYBVYXkUspdldtPWXKyzCKeKpuUgAwdX7y-hQ1owVcWcnAV9t5VFpPSj1Q_FlJxrmNsnnca04shN69d-yJ6glQpV-Bs9gtkmzMnNXZW3fu3qxwKUmYxquoVKoAfv6izLqozJoZRzpXLjn5B7KqjlXubpKXcbGrL7gWsK0LaN9tQXJYYqNmJzcrvksSxyACq80OKIMu52cBmkdPotgLtxl73XKlb335gOuwW409f9yk8nR_f_kssZqD225FKcMiAniwIIGg03fwRYNYHueqVptGqjlt7mh1sHH-BYkPwSrFDWsUYtVrkgakQ_umm71XcOqJ5J9qGgYt2ILQe65fOqEyHi-WpqbBinwQVzzSHBkTfiRzKTFFe7T9HQ8m1RZt-5j3qXgDOKU0nxzngRALW5Vo4NDSIMjFcYr4VOD1vzAE\">Patr\u00edcia Levin de Carvalho Cidade<\/a><\/p>\n\n\n\n<p class=\"has-medium-font-size\"><a href=\"http:\/\/buscatextual.cnpq.br\/buscatextual\/visualizacv.do?id=K4069606P8&amp;tokenCaptchar=03ADUVZwAz2XE9httaPufKX2LcYCaBZIFq0GEzhpu9xyZz-6rPqu-KwMT01sOF1l3nyipWBp4_f5piefF_USoR8AmPU1CWieRlDcgpFzQ6c4IdBc74QdwWQEeBjDwUbZdAK5LwZjE7ckpUzl_wFsV4iekCB2F7k6EGzZf4p4PX9N7_uGoPobwFO4kQLxM1Lx0JiPlb6va8GcCulx3-RLN3jKsA3V3y0Tmu1r2Hq_4oN_YbUpeoss3eLsXojYUm4cxrVbrlrwu9t_RpWI926G50cfjdU10hsG1w3y6-ohvLUfsqWIvOfzoxb3SgSSi4x1KxkPRLP1TQvFaDFPUZDAfODvYUPwxwPY4QvgN2ZXQHSUD76LFUX36bLe01suMjnrCgWyyHhZExSiGGId70eIfuJJWQlsVZrl7qn6uvKeR6XDcXiaMUGF62KH5Cn8ddAPoSIpVCKv9y9URD1kK31Mh1y01hjQOYFE5ZfYTULgjks7tBXTgqkHeJZBhF6wwF7I6KoCXO9vDjrqcB5gMktLVUqBuDwK9blK3ND3pKo7cBr4ffGhYGlu6YHe6xGqKodwe1K_645VBWV7uk\">Ricardo Loretti Henrici<\/a><\/p>\n\n\n\n<p class=\"has-medium-font-size\"><a href=\"http:\/\/buscatextual.cnpq.br\/buscatextual\/visualizacv.do?id=K8166793U5&amp;tokenCaptchar=03ADUVZwC0mLbzbWc3x3RdEaqj4RzmbsN57lTgGYJcWAriV47pNkQoJkoPejZ2GR8Y6pXABJshItulqZXlxH60lPp5lpIcEN0CJ6YjTdrr7ckp0w5vzviMcbWJAdH32n6td2altS1TOgptqYc6w6Dv4Qd9q_eGuYwE_Z8EJwVkKVlr0QVKKhO7RoEIr1LTseIwhnzBJ9Bxw9bGoj9QbNrZr_SPiqgTJt-Mmc1pdLatFYqr84bMAhekTRmXsoUyB4PcpK-VqbSvGFlGQc4bK71loMiJSz0kXdyMNfky9cALwmRh6a0kyZG42eDzuYiCm_4qzwEg-A_g4BKsTnEtn74I_UwDTCuK-o8iQQD4Tk4BqZnTcI69DQ41JAGiDzrP5fxH6212tF3Xo4UCzM6Qy0x2wnoJRYacLYim_gLf8_45TvLZSk2Fei-e2mC071y_ToJk41MLlHqg9zJvcuR6ejNCsErgwdrN02atvOt8PslpNlwQjP5MrpwDWfuVO4bfeeOMzAL-cbX6HhgTQygv-V7RjrkFXSY_uDM2l0D_MUfrcyzvPQs2f5GQIac9-F-UY2bO1veajn2w3K8C\">Thalles Passos de Oliveira<\/a><\/p>\n","protected":false},"excerpt":{"rendered":"<p>Turma 2023.1 Bruna Duarte Teixeira Martins Oliveira David Anthony Gon\u00e7alves Alves Felipe Barbosa de Freitas Ribeiro Francisco Alves da Cunha Horta Filho Lilia Nunes Silva Marcos Ant\u00f4nio de Souza Lima Maria Jos\u00e9 Marcos Pedro Henrique de Paula Morais Turma 2023.2 Ana Cl\u00e1udia Rodrigues Theodoro Felipe de Santa Cruz Oliveira Scaletsky Leila Ang\u00e9lica de Oliveira Castro [&hellip;]<\/p>\n","protected":false},"author":5,"featured_media":0,"parent":0,"menu_order":0,"comment_status":"closed","ping_status":"closed","template":"","meta":{"_exactmetrics_skip_tracking":false,"_exactmetrics_sitenote_active":false,"_exactmetrics_sitenote_note":"","_exactmetrics_sitenote_category":0,"footnotes":""},"categories":[],"tags":[],"class_list":["post-3856","page","type-page","status-publish","hentry"],"_links":{"self":[{"href":"http:\/\/ppgdin.uff.br\/index.php?rest_route=\/wp\/v2\/pages\/3856","targetHints":{"allow":["GET"]}}],"collection":[{"href":"http:\/\/ppgdin.uff.br\/index.php?rest_route=\/wp\/v2\/pages"}],"about":[{"href":"http:\/\/ppgdin.uff.br\/index.php?rest_route=\/wp\/v2\/types\/page"}],"author":[{"embeddable":true,"href":"http:\/\/ppgdin.uff.br\/index.php?rest_route=\/wp\/v2\/users\/5"}],"replies":[{"embeddable":true,"href":"http:\/\/ppgdin.uff.br\/index.php?rest_route=%2Fwp%2Fv2%2Fcomments&post=3856"}],"version-history":[{"count":2,"href":"http:\/\/ppgdin.uff.br\/index.php?rest_route=\/wp\/v2\/pages\/3856\/revisions"}],"predecessor-version":[{"id":3986,"href":"http:\/\/ppgdin.uff.br\/index.php?rest_route=\/wp\/v2\/pages\/3856\/revisions\/3986"}],"wp:attachment":[{"href":"http:\/\/ppgdin.uff.br\/index.php?rest_route=%2Fwp%2Fv2%2Fmedia&parent=3856"}],"wp:term":[{"taxonomy":"category","embeddable":true,"href":"http:\/\/ppgdin.uff.br\/index.php?rest_route=%2Fwp%2Fv2%2Fcategories&post=3856"},{"taxonomy":"post_tag","embeddable":true,"href":"http:\/\/ppgdin.uff.br\/index.php?rest_route=%2Fwp%2Fv2%2Ftags&post=3856"}],"curies":[{"name":"wp","href":"https:\/\/api.w.org\/{rel}","templated":true}]}}