{"id":3806,"date":"2023-03-17T13:52:34","date_gmt":"2023-03-17T13:52:34","guid":{"rendered":"http:\/\/ppgdin.uff.br\/?page_id=3806"},"modified":"2023-03-17T13:52:34","modified_gmt":"2023-03-17T13:52:34","slug":"quesitos-de-avaliacao-observados-pela-banca-examinadora-quando-da-defesa-de-tese","status":"publish","type":"page","link":"http:\/\/ppgdin.uff.br\/?page_id=3806","title":{"rendered":"Quesitos de avalia\u00e7\u00e3o observados pela Banca Examinadora quando da Defesa de Tese:"},"content":{"rendered":"\n<hr class=\"wp-block-separator\" \/>\n\n\n\n<p class=\"has-medium-font-size\">Art. 108. Ser\u00e3o <strong>quesitos de avalia\u00e7\u00e3o observados pela Banca Examinadora<\/strong> quando da Defesa de Tese, exigidos ao doutorando:<\/p>\n\n\n\n<p class=\"has-medium-font-size\">I &#8211; Dom\u00ednio do tema escolhido e desenvoltura na sua exposi\u00e7\u00e3o.<\/p>\n\n\n\n<p class=\"has-medium-font-size\">II &#8211; Conhecimento de bibliografia atualizada sobre o tema da Tese.&nbsp;<\/p>\n\n\n\n<p class=\"has-medium-font-size\">III &#8211; Capacidade de sistematiza\u00e7\u00e3o de ideias e de articula\u00e7\u00e3o dos argumentos.<\/p>\n\n\n\n<p class=\"has-medium-font-size\">IV \u2013 Tratamento cr\u00edtico das quest\u00f5es e problemas discutidos na Tese.<\/p>\n\n\n\n<p class=\"has-medium-font-size\">V \u2013 Clareza e discernimento nas respostas \u00e0 argui\u00e7\u00e3o dos membros da Banca Examinadora.&nbsp;<\/p>\n\n\n\n<hr class=\"wp-block-separator\" \/>\n","protected":false},"excerpt":{"rendered":"<p>Art. 108. Ser\u00e3o quesitos de avalia\u00e7\u00e3o observados pela Banca Examinadora quando da Defesa de Tese, exigidos ao doutorando: I &#8211; Dom\u00ednio do tema escolhido e desenvoltura na sua exposi\u00e7\u00e3o. II &#8211; Conhecimento de bibliografia atualizada sobre o tema da Tese.&nbsp; III &#8211; Capacidade de sistematiza\u00e7\u00e3o de ideias e de articula\u00e7\u00e3o dos argumentos. IV \u2013 Tratamento [&hellip;]<\/p>\n","protected":false},"author":5,"featured_media":0,"parent":0,"menu_order":0,"comment_status":"closed","ping_status":"closed","template":"","meta":{"_exactmetrics_skip_tracking":false,"_exactmetrics_sitenote_active":false,"_exactmetrics_sitenote_note":"","_exactmetrics_sitenote_category":0,"footnotes":""},"categories":[],"tags":[],"class_list":["post-3806","page","type-page","status-publish","hentry"],"_links":{"self":[{"href":"http:\/\/ppgdin.uff.br\/index.php?rest_route=\/wp\/v2\/pages\/3806","targetHints":{"allow":["GET"]}}],"collection":[{"href":"http:\/\/ppgdin.uff.br\/index.php?rest_route=\/wp\/v2\/pages"}],"about":[{"href":"http:\/\/ppgdin.uff.br\/index.php?rest_route=\/wp\/v2\/types\/page"}],"author":[{"embeddable":true,"href":"http:\/\/ppgdin.uff.br\/index.php?rest_route=\/wp\/v2\/users\/5"}],"replies":[{"embeddable":true,"href":"http:\/\/ppgdin.uff.br\/index.php?rest_route=%2Fwp%2Fv2%2Fcomments&post=3806"}],"version-history":[{"count":1,"href":"http:\/\/ppgdin.uff.br\/index.php?rest_route=\/wp\/v2\/pages\/3806\/revisions"}],"predecessor-version":[{"id":3807,"href":"http:\/\/ppgdin.uff.br\/index.php?rest_route=\/wp\/v2\/pages\/3806\/revisions\/3807"}],"wp:attachment":[{"href":"http:\/\/ppgdin.uff.br\/index.php?rest_route=%2Fwp%2Fv2%2Fmedia&parent=3806"}],"wp:term":[{"taxonomy":"category","embeddable":true,"href":"http:\/\/ppgdin.uff.br\/index.php?rest_route=%2Fwp%2Fv2%2Fcategories&post=3806"},{"taxonomy":"post_tag","embeddable":true,"href":"http:\/\/ppgdin.uff.br\/index.php?rest_route=%2Fwp%2Fv2%2Ftags&post=3806"}],"curies":[{"name":"wp","href":"https:\/\/api.w.org\/{rel}","templated":true}]}}