{"id":3805,"date":"2023-03-17T14:38:06","date_gmt":"2023-03-17T14:38:06","guid":{"rendered":"http:\/\/ppgdin.uff.br\/?page_id=3805"},"modified":"2025-03-20T20:08:04","modified_gmt":"2025-03-20T20:08:04","slug":"como-solicitar-a-defesa-de-tese","status":"publish","type":"page","link":"http:\/\/ppgdin.uff.br\/?page_id=3805","title":{"rendered":"Como Solicitar a Defesa de Tese?"},"content":{"rendered":"\n<hr class=\"wp-block-separator\" \/>\n\n\n\n<p class=\"has-medium-font-size\"><strong>1.<\/strong> O(A) candidato(a) dever\u00e1 ter integralizado <strong>todos os <\/strong><a href=\"http:\/\/ppgdin.uff.br\/?page_id=245\"><strong>cr\u00e9ditos exigidos pelo Programa<\/strong><\/a> e ter sido aprovado(a) no <strong><a href=\"http:\/\/ppgdin.uff.br\/?page_id=3614\">Exame de Qualifica\u00e7\u00e3o<\/a><\/strong>;<\/p>\n\n\n\n<div style=\"height:11px\" aria-hidden=\"true\" class=\"wp-block-spacer\"><\/div>\n\n\n\n<p class=\"has-medium-font-size\"><strong>2.<\/strong> A Secretaria do Programa dever\u00e1 receber, <strong><em>com 30 dias de anteced\u00eancia<\/em><\/strong> da data pretendida para defesa (para an\u00e1lise e aprova\u00e7\u00e3o pr\u00e9vias), por meio do e-mail <strong>ppgdin.doutorado@gmail.com<\/strong>, a rela\u00e7\u00e3o abaixo:<\/p>\n\n\n\n<div style=\"height:22px\" aria-hidden=\"true\" class=\"wp-block-spacer\"><\/div>\n\n\n\n<p class=\"has-white-background-color has-background has-medium-font-size\"><strong>2.1 &#8211;<\/strong> <strong>Ata de qualifica\u00e7\u00e3o<\/strong> <em>assinada <\/em>por todos os membros da banca;<\/p>\n\n\n\n<p class=\"has-white-background-color has-background has-medium-font-size\"><strong>2.2 &#8211;<\/strong> Tabela de <strong><a href=\"http:\/\/ppgdin.uff.br\/wp-content\/uploads\/sites\/5\/2025\/03\/CONTROLE-DAS-ATIVIDADES-ACADEMICAS-ESPECIAIS.xlsx\">Controle das Atividades Acad\u00eamicas Especiais (dispon\u00edvel aqui),<\/a><\/strong>  devidamente preenchida, contendo o levantamento de, no m\u00ednimo, 480 horas e 32 cr\u00e9ditos, conforme par\u00e2metros de composi\u00e7\u00e3o da <strong><a href=\"http:\/\/ppgdin.uff.br\/?page_id=3424\">carga hor\u00e1ria<\/a><\/strong> do programa, dispon\u00edveis <strong><a href=\"http:\/\/ppgdin.uff.br\/?page_id=3424\">aqui<\/a><\/strong>;<\/p>\n\n\n\n<p class=\"has-white-background-color has-background has-medium-font-size\"><strong>2.3 &#8211;<\/strong> <strong>Relat\u00f3rio de Atividades Discentes<\/strong> <em>atualizado<\/em>, contendo todas as informa\u00e7\u00f5es desde o <em>ingresso no curso at\u00e9 o dia anterior ao pedido de defesa<\/em>;<\/p>\n\n\n\n<p class=\"has-white-background-color has-background has-medium-font-size\"> <strong>2.4 &#8211;<\/strong> Arquivo da <strong>Tese<\/strong> em formato PDF, que ser\u00e1\u00a0publicada no\u00a0<a href=\"http:\/\/ppgdin.uff.br\/?page_id=3353\">site do Programa<\/a>, por 30 (trinta) dias, conforme estabelecido em Ata do Colegiado, em 30\/11\/2021. <\/p>\n\n\n\n<p class=\"has-white-background-color has-background has-medium-font-size\"><strong>2.5 &#8211;<\/strong> <strong>Formul\u00e1rio para solicita\u00e7\u00e3o<\/strong> de defesa de tese <strong><a href=\"http:\/\/ppgdin.uff.br\/wp-content\/uploads\/sites\/5\/2023\/11\/Formulario-Solicitacao-de-Defesa.doc\">(fa\u00e7a o download clicando aqui)<\/a><\/strong>, com <strong>todos os campos preenchido<\/strong>s. <\/p>\n\n\n\n<p class=\"has-medium-font-size\">* <a href=\"http:\/\/ppgdin.uff.br\/?page_id=3806\">Quesitos de avalia\u00e7\u00e3o observados pela Banca Examinadora<\/a> quando da Defesa de Tese, exigidos ao doutorando.<\/p>\n\n\n\n<div style=\"height:17px\" aria-hidden=\"true\" class=\"wp-block-spacer\"><\/div>\n\n\n\n<p class=\"has-black-color has-vivid-red-background-color has-text-color has-background has-medium-font-size\">Aten\u00e7\u00e3o: A banca somente ser\u00e1 considerada formalmente marcada ap\u00f3s o envio de <strong>todos <\/strong>os documentos acima relacionados, os quais ser\u00e3o submetidos \u00e0 <strong>an\u00e1lise e aprova\u00e7\u00e3o<\/strong>, para posterior expedi\u00e7\u00e3o e envio da documenta\u00e7\u00e3o pertinente para a defesa (<strong>ata de Defesa<\/strong> e <strong>Declara\u00e7\u00f5es<\/strong> dos membros da banca).<\/p>\n\n\n\n<hr class=\"wp-block-separator\" \/>\n\n\n\n<div style=\"height:17px\" aria-hidden=\"true\" class=\"wp-block-spacer\"><\/div>\n\n\n\n<p class=\"has-vivid-red-color has-text-color\" style=\"font-size:22px\">OBS:  Ap\u00f3s defesa de tese, vem a segunda etapa, que consiste no pedido de diploma ( <code><a href=\"http:\/\/ppgdin.uff.br\/?page_id=2907\"><span class=\"has-inline-color has-vivid-cyan-blue-color\"><strong>Como eu&nbsp;<em>solicito o diploma<\/em>?<\/strong><\/span><\/a>&nbsp;<\/code><a rel=\"noreferrer noopener\" href=\"http:\/\/ppgdin.uff.br\/?page_id=2907\" target=\"_blank\">)<\/a>. O passo-a-passo est\u00e1 no site do Programa.<\/p>\n\n\n\n<hr class=\"wp-block-separator\" \/>\n\n\n\n<p><\/p>\n","protected":false},"excerpt":{"rendered":"<p>1. O(A) candidato(a) dever\u00e1 ter integralizado todos os cr\u00e9ditos exigidos pelo Programa e ter sido aprovado(a) no Exame de Qualifica\u00e7\u00e3o; 2. A Secretaria do Programa dever\u00e1 receber, com 30 dias de anteced\u00eancia da data pretendida para defesa (para an\u00e1lise e aprova\u00e7\u00e3o pr\u00e9vias), por meio do e-mail ppgdin.doutorado@gmail.com, a rela\u00e7\u00e3o abaixo: 2.1 &#8211; Ata de qualifica\u00e7\u00e3o [&hellip;]<\/p>\n","protected":false},"author":5,"featured_media":0,"parent":0,"menu_order":0,"comment_status":"closed","ping_status":"closed","template":"","meta":{"_exactmetrics_skip_tracking":false,"_exactmetrics_sitenote_active":false,"_exactmetrics_sitenote_note":"","_exactmetrics_sitenote_category":0,"footnotes":""},"categories":[],"tags":[],"class_list":["post-3805","page","type-page","status-publish","hentry"],"_links":{"self":[{"href":"http:\/\/ppgdin.uff.br\/index.php?rest_route=\/wp\/v2\/pages\/3805","targetHints":{"allow":["GET"]}}],"collection":[{"href":"http:\/\/ppgdin.uff.br\/index.php?rest_route=\/wp\/v2\/pages"}],"about":[{"href":"http:\/\/ppgdin.uff.br\/index.php?rest_route=\/wp\/v2\/types\/page"}],"author":[{"embeddable":true,"href":"http:\/\/ppgdin.uff.br\/index.php?rest_route=\/wp\/v2\/users\/5"}],"replies":[{"embeddable":true,"href":"http:\/\/ppgdin.uff.br\/index.php?rest_route=%2Fwp%2Fv2%2Fcomments&post=3805"}],"version-history":[{"count":12,"href":"http:\/\/ppgdin.uff.br\/index.php?rest_route=\/wp\/v2\/pages\/3805\/revisions"}],"predecessor-version":[{"id":4560,"href":"http:\/\/ppgdin.uff.br\/index.php?rest_route=\/wp\/v2\/pages\/3805\/revisions\/4560"}],"wp:attachment":[{"href":"http:\/\/ppgdin.uff.br\/index.php?rest_route=%2Fwp%2Fv2%2Fmedia&parent=3805"}],"wp:term":[{"taxonomy":"category","embeddable":true,"href":"http:\/\/ppgdin.uff.br\/index.php?rest_route=%2Fwp%2Fv2%2Fcategories&post=3805"},{"taxonomy":"post_tag","embeddable":true,"href":"http:\/\/ppgdin.uff.br\/index.php?rest_route=%2Fwp%2Fv2%2Ftags&post=3805"}],"curies":[{"name":"wp","href":"https:\/\/api.w.org\/{rel}","templated":true}]}}