{"id":377,"date":"2016-03-09T14:18:10","date_gmt":"2016-03-09T14:18:10","guid":{"rendered":"http:\/\/doutoradoja.sites.uff.br\/?page_id=377"},"modified":"2019-10-17T15:47:14","modified_gmt":"2019-10-17T15:47:14","slug":"marcelo-goncalves-do-amaral","status":"publish","type":"page","link":"http:\/\/ppgdin.uff.br\/?page_id=377","title":{"rendered":"Marcelo Gon\u00e7alves do Amaral"},"content":{"rendered":"<p><img loading=\"lazy\" decoding=\"async\" class=\"alignnone wp-image-378\" src=\"http:\/\/ppgdin.uff.br\/wp-content\/uploads\/sites\/5\/2016\/03\/marcelo-amaral-266x300.jpg\" alt=\"marcelo amaral\" width=\"180\" height=\"203\" srcset=\"http:\/\/ppgdin.uff.br\/wp-content\/uploads\/sites\/5\/2016\/03\/marcelo-amaral-266x300.jpg 266w, http:\/\/ppgdin.uff.br\/wp-content\/uploads\/sites\/5\/2016\/03\/marcelo-amaral-768x866.jpg 768w, http:\/\/ppgdin.uff.br\/wp-content\/uploads\/sites\/5\/2016\/03\/marcelo-amaral.jpg 819w\" sizes=\"auto, (max-width: 180px) 100vw, 180px\" \/><\/p>\n<p><span style=\"text-decoration: underline\"><strong>\u00c1rea de atua\u00e7\u00e3o<\/strong><\/span>:&nbsp;Gest\u00e3o empresarial, empreendedorismo e inova\u00e7\u00e3o.<\/p>\n<p><strong><a href=\"http:\/\/buscatextual.cnpq.br\/buscatextual\/visualizacv.do?id=K4763381D1\">Curr\u00edculo Lattes<\/a><\/strong><\/p>\n<p><span style=\"text-decoration: underline\"><strong>Publica\u00e7\u00f5es<\/strong><\/span>:<\/p>\n<p><em>Livros<\/em><\/p>\n<p><span style=\"color: #4695bd\">AMARAL, M. G., ZABALLA, R., SENDER, I., CENDOYA, M. Proceedings of Triple Helix VIII &#8211; International Conference on University-Industry-Government Linkages. Volta Redonda : Triple Helix Research Group &#8211; THERG-Brazil, 2011<\/span><\/p>\n<p><a href=\"https:\/\/www.researchgate.net\/publication\/281294835_Book_of_Abstracts_-_International_Conference_on_University_Industry_and_Government_Linkages\">AMARAL, M. G., ZABALLA, R., SENDER, I., CENDOYA, M. Triple Helix VIII &#8211; Book of Abstracts. Volta Redonda : Triple Helix Research Group &#8211; THERG-Brazil, 2011<\/a><\/p>\n<p><em>Cap\u00edtulos de Livros<\/em><\/p>\n<p><a href=\"https:\/\/www.researchgate.net\/publication\/281274703_Tecnologico_e_Social_Regional_-A_Experiencia_do_Medio_Vale_do_Paraiba_Fluminense\">AMARAL, M. G., FERREIRA, A., TEODORO, P. Constru\u00e7\u00e3o da Universidade Empreendedora Atuante no Desenvolvimento Econ\u00f4mico, Tecnol\u00f3gico e Social Regional &#8211; A Experi\u00eancia do M\u00e9dio Vale do Para\u00edba Fluminense In: Inova\u00e7\u00e3o e Desenvolvimento Regional.1 ed.Fortaleza : Design Editorial, 2012, v.1, p. 184-211<\/a><\/p>\n<p><em>Artigos<\/em><\/p>\n<p><a href=\"https:\/\/www.researchgate.net\/publication\/287807443_Management_and_assessment_of_innovation_environments\">AMARAL, M. G. MANAGEMENT AND ASSESSMENT OF INNOVATION ENVIRONMENTS. Triple Helix &#8211; A Journal of University-Industry-Government Innovation and Entrepreneurship, 2, 19, 2015.<\/a><\/p>\n<p><a href=\"https:\/\/www.researchgate.net\/publication\/288328029_PANORAMA_DO_SETOR_MEDICO-HOSPITALAR_PRIVADO_DE_VOLTA_REDONDA-RJ_Outlook_of_private_medical-hospital_sector_in_Volta_Redonda\">AMARAL, M. G. PANORAMA DO SETOR M\u00c9DICO-HOSPITALAR PRIVADO DE VOLTA REDONDA-RJ. Revista UNIABEU. , v.8, p.126 &#8211; 142, 2015.<\/a><\/p>\n<p><a href=\"https:\/\/www.researchgate.net\/publication\/266391813_Poder_publico_local_universidades_e_desenvolvimento_regional_uma_analise_da_Regiao_do_Medio_Paraiba_Fluminense\">FERREIRA, A., LEOPOLDI, M. A., AMARAL, M. G. Poder p\u00fablico local, universidades e desenvolvimento regional: uma an\u00e1lise da regi\u00e3o do m\u00e9dio para\u00edba fluminense. Revista Brasileira de Gest\u00e3o e Desenvolvimento Regional, v.10, p.305 &#8211; 359, 2014.<\/a><\/p>\n<p><a href=\"https:\/\/www.researchgate.net\/publication\/266391905_ANALISE_DA_INTERACAO_UNIVERSIDADE-_EMPRESA_SOB_A_PERSPECTIVA_DO_CORPO_DOCENTE_UM_ESTUDO_DE_CASO_EM_UMA_UNIVERSIDADE_PUBLICA\">FERREIRA, A., LEOPOLDI, M. A., AMARAL, M. G. An\u00e1lise da intera\u00e7\u00e3o universidade empresa sob a perspectiva do corpo docente: um estudo de caso em uma universidade p\u00fablica. RACE : Revista de Administra\u00e7\u00e3o, Contabilidade e Economia, v.12, p.677 &#8211; 708, 2013.<\/a><\/p>\n<p><a href=\"https:\/\/www.researchgate.net\/publication\/281272212_Building_an_entrepreneurial_university_in_Brazil_The_role_and_potential_of_university-industry_linkages_in_promoting_regional_economic_development\">AMARAL, M. G., Ferreira, Andre, Teodoro, P\u00edtias Building an entrepreneurial university in Brazil: The role and potential of university-industry linkages in promoting regional economic development. Industry &amp; Higher Education, v.25, p.383 &#8211; 395, 2011.<\/a><\/p>\n<p><a href=\"https:\/\/www.researchgate.net\/publication\/266391809_The_Triple_Helix_in_the_economic_development_of_cities_regions_and_countries_Introduction\">AMARAL, M. G. The Triple Helix in the Economic Development of Cities, Regions and Countries. Industry &amp; Higher Education, v.25, p.329 &#8211; 331, 2011.<\/a><\/p>\n<p><a href=\"https:\/\/www.researchgate.net\/publication\/261200974_UMA_PROPOSTA_DE_AVALIACAO_DE_MATURIDADE_EM_PARQUES_CIENTIFICOS_TECNOLOGICOS_E_DE_INOVACAO\">AMARAL, M. G., MAGACHO, L. A. M., LIMA, M. Uma proposta de avalia\u00e7\u00e3o de maturidade em parques cient\u00edficos, tecnol\u00f3gicos e de inova\u00e7\u00e3o &#8211; PCTIs. Locus Cient\u00edfico (Impresso), v.03, p.115 &#8211; 122, 2009.<\/a><\/p>\n","protected":false},"excerpt":{"rendered":"<p>\u00c1rea de atua\u00e7\u00e3o:&nbsp;Gest\u00e3o empresarial, empreendedorismo e inova\u00e7\u00e3o. Curr\u00edculo Lattes Publica\u00e7\u00f5es: Livros AMARAL, M. G., ZABALLA, R., SENDER, I., CENDOYA, M. Proceedings of Triple Helix VIII &#8211; International Conference on University-Industry-Government Linkages. Volta Redonda : Triple Helix Research Group &#8211; THERG-Brazil, 2011 AMARAL, M. G., ZABALLA, R., SENDER, I., CENDOYA, M. Triple Helix VIII &#8211; Book [&hellip;]<\/p>\n","protected":false},"author":5,"featured_media":0,"parent":0,"menu_order":0,"comment_status":"closed","ping_status":"closed","template":"","meta":{"_exactmetrics_skip_tracking":false,"_exactmetrics_sitenote_active":false,"_exactmetrics_sitenote_note":"","_exactmetrics_sitenote_category":0,"footnotes":""},"categories":[],"tags":[],"class_list":["post-377","page","type-page","status-publish","hentry"],"_links":{"self":[{"href":"http:\/\/ppgdin.uff.br\/index.php?rest_route=\/wp\/v2\/pages\/377","targetHints":{"allow":["GET"]}}],"collection":[{"href":"http:\/\/ppgdin.uff.br\/index.php?rest_route=\/wp\/v2\/pages"}],"about":[{"href":"http:\/\/ppgdin.uff.br\/index.php?rest_route=\/wp\/v2\/types\/page"}],"author":[{"embeddable":true,"href":"http:\/\/ppgdin.uff.br\/index.php?rest_route=\/wp\/v2\/users\/5"}],"replies":[{"embeddable":true,"href":"http:\/\/ppgdin.uff.br\/index.php?rest_route=%2Fwp%2Fv2%2Fcomments&post=377"}],"version-history":[{"count":6,"href":"http:\/\/ppgdin.uff.br\/index.php?rest_route=\/wp\/v2\/pages\/377\/revisions"}],"predecessor-version":[{"id":1468,"href":"http:\/\/ppgdin.uff.br\/index.php?rest_route=\/wp\/v2\/pages\/377\/revisions\/1468"}],"wp:attachment":[{"href":"http:\/\/ppgdin.uff.br\/index.php?rest_route=%2Fwp%2Fv2%2Fmedia&parent=377"}],"wp:term":[{"taxonomy":"category","embeddable":true,"href":"http:\/\/ppgdin.uff.br\/index.php?rest_route=%2Fwp%2Fv2%2Fcategories&post=377"},{"taxonomy":"post_tag","embeddable":true,"href":"http:\/\/ppgdin.uff.br\/index.php?rest_route=%2Fwp%2Fv2%2Ftags&post=377"}],"curies":[{"name":"wp","href":"https:\/\/api.w.org\/{rel}","templated":true}]}}