{"id":3614,"date":"2022-10-17T14:01:08","date_gmt":"2022-10-17T14:01:08","guid":{"rendered":"http:\/\/ppgdin.uff.br\/?page_id=3614"},"modified":"2024-03-26T03:30:27","modified_gmt":"2024-03-26T03:30:27","slug":"quais-sao-os-procedimentos-para-a-qualificacao","status":"publish","type":"page","link":"http:\/\/ppgdin.uff.br\/?page_id=3614","title":{"rendered":"Quais s\u00e3o os procedimentos para a qualifica\u00e7\u00e3o?"},"content":{"rendered":"\n<hr class=\"wp-block-separator\" \/>\n\n\n\n<p class=\"has-medium-font-size\">De acordo com o regimento do Programa,<\/p>\n\n\n\n<p class=\"has-medium-font-size\">Art. 62. Entre o in\u00edcio do quarto semestre letivo e o final do quinto semestre letivo, todo discente do Curso dever\u00e1 realizar sua Qualifica\u00e7\u00e3o de Tese;<\/p>\n\n\n\n<p class=\"has-medium-font-size\">Art. 63. Para efetivar a Qualifica\u00e7\u00e3o de Tese, o discente dever\u00e1 ter cumprido a disciplina obrigat\u00f3ria \u201c<strong>Semin\u00e1rio de Tese<\/strong>\u201d, em semestre anterior ao da realiza\u00e7\u00e3o da Qualifica\u00e7\u00e3o de Tese.<\/p>\n\n\n\n<p class=\"has-medium-font-size\">Art. 64. As Bancas Examinadoras de Qualifica\u00e7\u00e3o de Tese ser\u00e3o compostas por docentes com titula\u00e7\u00e3o m\u00ednima de doutor.<\/p>\n\n\n\n<p class=\"has-medium-font-size\">Art. 65. A Banca Examinadora de Qualifica\u00e7\u00e3o de Tese de Doutorado ser\u00e1 constitu\u00edda por, <strong>no m\u00ednimo<\/strong>, <strong>tr\u00eas membros titulares<\/strong>, incluso o orientador.<\/p>\n\n\n\n<p class=\"has-medium-font-size\">Art. 66. O\/A orientador(a) da Tese ser\u00e1 o Presidente da Banca Examinadora de Qualifica\u00e7\u00e3o de Tese e lhe compete estabelecer contato com os demais membros da Banca Examinadora, para determinar a data da Qualifica\u00e7\u00e3o e comunic\u00e1-la (no prazo m\u00ednimo de 30 dias) \u00e0 secretaria do Programa e \u00e0 Coordena\u00e7\u00e3o do Curso.<\/p>\n\n\n\n<p class=\"has-medium-font-size\">\u00a7 1\u00ba.&nbsp;A Banca de Qualifica\u00e7\u00e3o n\u00e3o atribuir\u00e1 nota, mas apenas a designa\u00e7\u00e3o de \u201c<em>aprovado<\/em>\u201d, \u201c<em>aprovado com ressalvas<\/em>\u201d ou \u201c<em>reprovado<\/em>\u201d.<\/p>\n\n\n\n<p class=\"has-medium-font-size\">\u00a7 2\u00ba.&nbsp;Ao designar um trabalho de Qualifica\u00e7\u00e3o como \u201caprovado com ressalvas\u201d, a Banca Examinadora poder\u00e1 exigir modifica\u00e7\u00f5es e estipular um prazo, n\u00e3o superior a tr\u00eas meses, para a reformula\u00e7\u00e3o do trabalho.<\/p>\n\n\n\n<p class=\"has-medium-font-size\">Art. 67. No caso de reprova\u00e7\u00e3o do discente no Exame de Qualifica\u00e7\u00e3o, este ter\u00e1 a possibilidade de realizar novo Exame de Qualifica\u00e7\u00e3o, no prazo n\u00e3o superior a doze meses do exame anterior, e somente por uma vez.<\/p>\n\n\n\n<hr class=\"wp-block-separator\" \/>\n\n\n\n<p class=\"has-background\" style=\"background-color:#ffec72;font-size:24px\">Para informa\u00e7\u00f5es sobre <strong>marca\u00e7\u00e3o de banca de qualifica\u00e7\u00e3o<\/strong> e <strong>inscri\u00e7\u00e3o na disciplina referente<\/strong>, acesse a se\u00e7\u00e3o Prepara\u00e7\u00e3o e Qualifica\u00e7\u00e3o da Tese no menu Disciplinas ou <a href=\"http:\/\/ppgdin.uff.br\/?page_id=3228\"><strong>CLIQUE AQUI<\/strong><\/a><\/p>\n\n\n\n<hr class=\"wp-block-separator\" \/>\n\n\n\n<p><\/p>\n","protected":false},"excerpt":{"rendered":"<p>De acordo com o regimento do Programa, Art. 62. Entre o in\u00edcio do quarto semestre letivo e o final do quinto semestre letivo, todo discente do Curso dever\u00e1 realizar sua Qualifica\u00e7\u00e3o de Tese; Art. 63. Para efetivar a Qualifica\u00e7\u00e3o de Tese, o discente dever\u00e1 ter cumprido a disciplina obrigat\u00f3ria \u201cSemin\u00e1rio de Tese\u201d, em semestre anterior [&hellip;]<\/p>\n","protected":false},"author":5,"featured_media":0,"parent":0,"menu_order":0,"comment_status":"closed","ping_status":"closed","template":"","meta":{"_exactmetrics_skip_tracking":false,"_exactmetrics_sitenote_active":false,"_exactmetrics_sitenote_note":"","_exactmetrics_sitenote_category":0,"footnotes":""},"categories":[],"tags":[],"class_list":["post-3614","page","type-page","status-publish","hentry"],"_links":{"self":[{"href":"http:\/\/ppgdin.uff.br\/index.php?rest_route=\/wp\/v2\/pages\/3614","targetHints":{"allow":["GET"]}}],"collection":[{"href":"http:\/\/ppgdin.uff.br\/index.php?rest_route=\/wp\/v2\/pages"}],"about":[{"href":"http:\/\/ppgdin.uff.br\/index.php?rest_route=\/wp\/v2\/types\/page"}],"author":[{"embeddable":true,"href":"http:\/\/ppgdin.uff.br\/index.php?rest_route=\/wp\/v2\/users\/5"}],"replies":[{"embeddable":true,"href":"http:\/\/ppgdin.uff.br\/index.php?rest_route=%2Fwp%2Fv2%2Fcomments&post=3614"}],"version-history":[{"count":5,"href":"http:\/\/ppgdin.uff.br\/index.php?rest_route=\/wp\/v2\/pages\/3614\/revisions"}],"predecessor-version":[{"id":4287,"href":"http:\/\/ppgdin.uff.br\/index.php?rest_route=\/wp\/v2\/pages\/3614\/revisions\/4287"}],"wp:attachment":[{"href":"http:\/\/ppgdin.uff.br\/index.php?rest_route=%2Fwp%2Fv2%2Fmedia&parent=3614"}],"wp:term":[{"taxonomy":"category","embeddable":true,"href":"http:\/\/ppgdin.uff.br\/index.php?rest_route=%2Fwp%2Fv2%2Fcategories&post=3614"},{"taxonomy":"post_tag","embeddable":true,"href":"http:\/\/ppgdin.uff.br\/index.php?rest_route=%2Fwp%2Fv2%2Ftags&post=3614"}],"curies":[{"name":"wp","href":"https:\/\/api.w.org\/{rel}","templated":true}]}}