{"id":329,"date":"2016-02-29T13:37:08","date_gmt":"2016-02-29T13:37:08","guid":{"rendered":"http:\/\/doutoradoja.sites.uff.br\/?page_id=329"},"modified":"2019-10-16T11:49:55","modified_gmt":"2019-10-16T11:49:55","slug":"andre-saddy","status":"publish","type":"page","link":"http:\/\/ppgdin.uff.br\/?page_id=329","title":{"rendered":"Andr\u00e9 Saddy"},"content":{"rendered":"<p><strong>&nbsp; &nbsp; &nbsp; &nbsp; &nbsp; &nbsp; &nbsp; &nbsp; &nbsp; &nbsp; &nbsp; &nbsp; &nbsp; &nbsp;<\/strong><\/p>\n<p><img loading=\"lazy\" decoding=\"async\" class=\" wp-image-330\" src=\"http:\/\/ppgdin.uff.br\/wp-content\/uploads\/sites\/5\/2016\/02\/foto-saddy-site-lumen-juris-201x300.jpg\" alt=\"????????????????????????????????????\" width=\"147\" height=\"219\" srcset=\"http:\/\/ppgdin.uff.br\/wp-content\/uploads\/sites\/5\/2016\/02\/foto-saddy-site-lumen-juris-201x300.jpg 201w, http:\/\/ppgdin.uff.br\/wp-content\/uploads\/sites\/5\/2016\/02\/foto-saddy-site-lumen-juris-768x1145.jpg 768w, http:\/\/ppgdin.uff.br\/wp-content\/uploads\/sites\/5\/2016\/02\/foto-saddy-site-lumen-juris-687x1024.jpg 687w, http:\/\/ppgdin.uff.br\/wp-content\/uploads\/sites\/5\/2016\/02\/foto-saddy-site-lumen-juris.jpg 1162w\" sizes=\"auto, (max-width: 147px) 100vw, 147px\" \/><\/p>\n<p style=\"text-align: justify\"><strong><span style=\"text-decoration: underline\">\u00c1rea de atua\u00e7\u00e3o:<\/span>&nbsp;<\/strong>Direito administrativo econ\u00f4mico,&nbsp;Regula\u00e7\u00e3o jur\u00eddica,&nbsp;Autorregula\u00e7\u00e3o p\u00fablica e privada,&nbsp;Limites das formas de atua\u00e7\u00e3o administrativa,&nbsp;Controle judicial da Administra\u00e7\u00e3o,&nbsp;Discricionariedade,&nbsp;Sil\u00eancio administrativo.<\/p>\n<p style=\"text-align: justify\"><strong><a href=\"http:\/\/buscatextual.cnpq.br\/buscatextual\/visualizacv.do?id=K4239007Z9\">Curr\u00edculo Lattes<\/a><\/strong><\/p>\n<p style=\"text-align: justify\"><strong><span style=\"text-decoration: underline\">Publica\u00e7\u00f5es:<\/span> &nbsp; &nbsp; &nbsp; &nbsp; &nbsp; &nbsp; &nbsp; &nbsp; &nbsp; &nbsp; &nbsp; &nbsp; &nbsp; &nbsp; &nbsp; &nbsp; &nbsp; &nbsp; &nbsp; &nbsp; &nbsp; &nbsp; &nbsp; &nbsp; &nbsp;&nbsp;<\/strong><\/p>\n<p style=\"text-align: justify\"><em>Livros<\/em><\/p>\n<p style=\"text-align: justify\"><a href=\"http:\/\/RES: site do doutora JA Andre Saddy (andresaddy@yahoo.com.br) Adicionar aos contatos Anexo 26\/02\/2016 Manter esta mensagem na parte superior de sua caixa de entrada Documentos, Fotos Para: 'Edson Alvisi Neves', agsilva@gmail.com, 'Ant\u00f3n Fern\u00e1ndez', candidoduarte@globo.com, ederfmonica@hotmail.com, gilvanluizhansen@id.uff.br, 'Gladys Sabina Ribeiro', alvimleo@hotmail.com, mgamaral@gmail.com, mroxo@id.uff.br, 'Ricardo Perlingeiro', ronaldolobao@yahoo.com.br, 'Wilson Madeira Filho' Cc: 'Leticia Turon' andresaddy@yahoo.com.br De: Andre Saddy (andresaddy@yahoo.com.br) Enviada: sexta-feira, 26 de fevereiro de 2016 19:20:07 Para: 'Edson Alvisi Neves' (edson.alvisi@gmail.com); agsilva@gmail.com; 'Ant\u00f3n Fern\u00e1ndez' (alfa@uvigo.es); candidoduarte@globo.com; ederfmonica@hotmail.com; gilvanluizhansen@id.uff.br; 'Gladys Sabina Ribeiro' (gladyssabina@gmail.com); alvimleo@hotmail.com; mgamaral@gmail.com; mroxo@id.uff.br; 'Ricardo Perlingeiro' (rperling@terra.com.br); ronaldolobao@yahoo.com.br; 'Wilson Madeira Filho' (wilsonmadeirafilho@hotmail.com) Cc: 'Leticia Turon' (leticiaturon@hotmail.com) Confio em andresaddy@yahoo.com.br. Sempre mostrar conte\u00fado. Outlook.com Exibi\u00e7\u00e3o Ativa 1 anexo (933,2 KB) Clique para obter Op\u00e7\u00f5es Baixar como zipSalvar no OneDrive Caro Edson, Segue informa\u00e7\u00f5es solicitadas... 1. foto de rosto para p\u00e1gina do professor; Segue em anexo. 2. \u00e1reas de interesse relacionados ao doutorado; Direito administrativo econ\u00f4mico; Regula\u00e7\u00e3o jur\u00eddica; Autorregula\u00e7\u00e3o p\u00fablica e privada; Limites das formas de atua\u00e7\u00e3o administrativa; Controle judicial da Administra\u00e7\u00e3o; Discricionariedade; Sil\u00eancio administrativo; 3. listagem de publica\u00e7\u00e3o com os links. Livros - Regula\u00e7\u00e3o Estatal, Autorregula\u00e7\u00e3o Privada e C\u00f3digos de Conduta e Boas Pr\u00e1ticas. Rio de Janeiro: Lumen Juris, 2015. https:\/\/www.lumenjuris.com.br\/product\/regulacao-estatal-autorregulacao-priva da-e-codigos-de-conduta-e-boas-praticas-2015\/\">Regula\u00e7\u00e3o Estatal, Autorregula\u00e7\u00e3o Privada e C\u00f3digos de Conduta e Boas&nbsp;Pr\u00e1ticas. Rio de Janeiro: Lumen Juris, 2015.<\/a><\/p>\n<p style=\"text-align: justify\"><a href=\"https:\/\/www.lumenjuris.com.br\/product\/apreciatividade-e-discricionariedade-a%20dministrativa-2015\/\">Apreciatividade e Discricionariedade Administrativa. Rio de Janeiro: Lumen&nbsp;Juris, 2014.<\/a><\/p>\n<p style=\"text-align: justify\"><a href=\"http:\/\/www.grupogen.com.br\/ch\/prod\/vit\/12300\/216795\/3431\/0\/silencio-administ rativo-no-direito-brasileiro.aspx\">Sil\u00eancio administrativo no Direito brasileiro. Rio de Janeiro: Forense,&nbsp;2013.<\/a><\/p>\n<p style=\"text-align: justify\"><a href=\"https:\/\/www.lumenjuris.com.br\/product\/discricionariedade-administrativa-nas- normas-juridicas-em-abstrato-2010\/\">Discricionariedade administrativa nas normas jur\u00eddicas em abstrato:&nbsp;limites e t\u00e9cnicas de conten\u00e7\u00e3o. Rio de Janeiro: Lumen Juris, 2010.<\/a><\/p>\n<p style=\"text-align: justify\"><span style=\"color: #3366ff\">Formas de atua\u00e7\u00e3o e interven\u00e7\u00e3o do Estado brasileiro na economia. Rio de&nbsp;Janeiro: Lumen Juris, 2011.<\/span><\/p>\n<p style=\"text-align: justify\"><span style=\"color: #3366ff\">Direito das infraestruturas: um estudo dos distintos mercados regulados.&nbsp;Rio de Janeiro: Lumen Juris, 2011.<\/span><\/p>\n<p style=\"text-align: justify\"><a href=\"https:\/\/www.lumenjuris.com.br\/product\/estudos-sobre-regulacao-e-crises-dos-m ercados-financeiros-2011\/\">Estudos sobre regula\u00e7\u00e3o e crises dos mercados financeiros. Rio de Janeiro:&nbsp;Lumen Juris, 2011.<\/a><\/p>\n<p style=\"text-align: justify\"><a href=\"https:\/\/www.lumenjuris.com.br\/product\/direito-publico-economico-supranaciona l-2009\/\">Direito p\u00fablico econ\u00f4mico supranacional. Rio de Janeiro: Lumen Juris,&nbsp;2009.<\/a><\/p>\n<p style=\"text-align: justify\"><em>Artigos<\/em><\/p>\n<p style=\"text-align: justify\"><a href=\"https:\/\/drive.google.com\/file\/d\/0B-FH0w_uCEMiZGJUaDhFNHZBdjA\/view\">Deveres dos administradores, responsabilidades e business judgment rule&nbsp;nas sociedades an\u00f4nimas estatais, RDES, jan. 2016.<\/a><\/p>\n<p style=\"text-align: justify\"><a href=\"https:\/\/drive.google.com\/file\/d\/0B-FH0w_uCEMiWEFqZWNkSUZTUUU\/view\">Neoconstitucionalismo e as transforma\u00e7\u00f5es da concep\u00e7\u00e3o de interesses&nbsp;p\u00fablicos, Multideia, 2015.<\/a><\/p>\n<p style=\"text-align: justify\"><a href=\"https:\/\/drive.google.com\/file\/d\/0B-FH0w_uCEMiWXIyQ0JTU25JR2M\/view\">Interven\u00e7\u00e3o do Estado na economia. uma an\u00e1lise do caput do art. 173 da&nbsp;Constitui\u00e7\u00e3o, RDA, ago 2015.<\/a><\/p>\n<p style=\"text-align: justify\"><a href=\"https:\/\/drive.google.com\/file\/d\/0B-FH0w_uCEMiSEhzMVFZOHhOamM\/view?usp=drive_ web\">Limites e t\u00e9cnicas de conten\u00e7\u00e3o \u00e0 interven\u00e7\u00e3o direta do Estado brasileiro&nbsp;na economia, Livro homenagem MJVS, 2015.<\/a><\/p>\n<p style=\"text-align: justify\"><a href=\"https:\/\/drive.google.com\/file\/d\/0B-FH0w_uCEMiUUhabmRmMXhCcmM\/view\">Apreciatividade Administrativa e conceitos afins, Interesse P\u00fablico &#8211; IP,&nbsp;jun 2015.<\/a><\/p>\n<p style=\"text-align: justify\"><a href=\"http:\/\/papers.ssrn.com\/sol3\/papers.cfm?abstract_id=2660128\">Elementos essenciais da defini\u00e7\u00e3o de discricionariedade administrativa,&nbsp;RECHTD, ago 2015.<\/a><\/p>\n<p style=\"text-align: justify\"><a href=\"http:\/\/papers.ssrn.com\/sol3\/papers.cfm?abstract_id=2634442\">Termo de Ajustamento de Conduta em procedimentos sancionat\u00f3rios&nbsp;regulat\u00f3rios, RIL, jun 2015.<\/a><\/p>\n<p style=\"text-align: justify\"><a href=\"http:\/\/papers.ssrn.com\/sol3\/papers.cfm?abstract_id=2624676\">Subjetividade ou autonomia p\u00fablica legislativa, jurisdicional e executiva&nbsp;&#8211; uma introdu\u00e7\u00e3o a diferentes formas de liberdade de atua\u00e7\u00e3o, BDA, junho&nbsp;2015.<\/a><\/p>\n<p style=\"text-align: justify\"><a href=\"http:\/\/papers.ssrn.com\/sol3\/papers.cfm?abstract_id=2617731\">Algumas Sugest\u00f5es para incrementar a independ\u00eancia ou autonomia org\u00e2nica e&nbsp;administrativa das ag\u00eancias reguladoras. BDA, fev 2015.<\/a><\/p>\n<p style=\"text-align: justify\"><a href=\"http:\/\/papers.ssrn.com\/sol3\/papers.cfm?abstract_id=2561580\">Front-line public servants, discretion and corruption. Integrity and&nbsp;Efficiency in Sustainable Public Contracts, 2014.<\/a><\/p>\n<p style=\"text-align: justify\"><a href=\"http:\/\/papers.ssrn.com\/sol3\/papers.cfm?abstract_id=2617726\">Consequ\u00eancias jur\u00eddicas das contrata\u00e7\u00f5es reputadas ilegais realizadas por&nbsp;inexigibilidade de licita\u00e7\u00e3o por not\u00f3ria especializa\u00e7\u00e3o. BLC, nov 2014.<\/a><\/p>\n<p style=\"text-align: justify\"><a href=\"http:\/\/papers.ssrn.com\/sol3\/papers.cfm?abstract_id=2563356\">Acionamento do Fundo Garantidor nas PPPs brasileiras. BLC, out 2014.<\/a><\/p>\n<p><a href=\"http:\/\/papers.ssrn.com\/sol3\/papers.cfm?abstract_id=2617689\">Dever de indeniza\u00e7\u00e3o pela presta\u00e7\u00e3o de servi\u00e7os \u00e0 Administra\u00e7\u00e3o P\u00fablica&nbsp;ap\u00f3s o advento do termo contratual e pela recusa, n\u00e3o devolu\u00e7\u00e3o, reten\u00e7\u00e3o ou&nbsp;n\u00e3o insist\u00eancia pela retirada de bens nos contratos de loca\u00e7\u00e3o de bens&nbsp;m\u00f3veis. BLC, set 2014.<\/a><\/p>\n<p><a href=\"https:\/\/docs.google.com\/a\/saddy.adv.br\/viewer?a=v&amp;pid=sites&amp;srcid=c2FkZHkuYW R2LmJyfHNhZGR5LWFkdnxneDo1MDAyMTUzOTJmNDkwMTkw\">Recusa, n\u00e3o devolu\u00e7\u00e3o, reten\u00e7\u00e3o ou n\u00e3o insist\u00eancia pela retirada bens nos&nbsp;contratos de loca\u00e7\u00e3o de bens m\u00f3veis. BDA, mai\/ago 2014. <\/a><\/p>\n<p><a href=\"http:\/\/papers.ssrn.com\/sol3\/papers.cfm?abstract_id=2618457\">Loca\u00e7\u00e3o de bens e servi\u00e7os de inform\u00e1tica no Estado do Rio de Janeiro.&nbsp;BLC, jul 2014. <\/a><\/p>\n<p><a href=\"http:\/\/papers.ssrn.com\/sol3\/papers.cfm?abstract_id=2617646\">Poss\u00edveis formas de extin\u00e7\u00e3o do manifesto de mina caducidade ou&nbsp;desapropria\u00e7\u00e3o. RIL, abr-jun, 2014.&nbsp;<\/a><\/p>\n<p><a href=\"http:\/\/papers.ssrn.com\/sol3\/papers.cfm?abstract_id=2617643\">Res\u00edduos s\u00f3lidos urbano e parcerias p\u00fablico-privada. RSLCC, fev\/mar 2014. <\/a><\/p>\n<p><a href=\"http:\/\/papers.ssrn.com\/sol3\/papers.cfm?abstract_id=2617673\">C\u00f3digos de conduta ou de boas pr\u00e1ticas como fonte do Direito&nbsp;Administrativo. Tratado de Direito Constitucional, Vol. I, dez 2013.<\/a><\/p>\n<p><a href=\"http:\/\/papers.ssrn.com\/sol3\/papers.cfm?abstract_id=2617665\">Sil\u00eancio administrativo: origem, requisitos e efeitos. RSDA, dez 2013.<\/a><\/p>\n<p><a href=\"http:\/\/papers.ssrn.com\/sol3\/papers.cfm?abstract_id=2707174\">ADIN contra Lei org\u00e2nica do Munic\u00edpio de Nova Igua\u00e7u que prev\u00ea a&nbsp;elabora\u00e7\u00e3o de lei or\u00e7ament\u00e1ria pela C\u00e2mara de vereadores&#8230; RTRJ, nov-dez&nbsp;2013.<\/a><\/p>\n<p><a href=\"https:\/\/docs.google.com\/document\/d\/1eKo-dYiL2hWGbx1RNMdJONc6v7jB2wZEjOsWxqgZ FfY\/edit\">Regime jur\u00eddico de recursos p\u00fablicos relacionados a parceria p\u00fablico&nbsp;privada (PPP) para constru\u00e7\u00e3o de obra e presta\u00e7\u00e3o de servi\u00e7os. RDDT, nov&nbsp;2013<\/a>.<\/p>\n<p><a href=\"http:\/\/papers.ssrn.com\/sol3\/papers.cfm?abstract_id=2617390\">Licita\u00e7\u00f5es em subsidi\u00e1rias de sociedade de economia mista integrantes da&nbsp;adm ind, empresas paradministrativas e empresas privadas com participa\u00e7\u00e3o&nbsp;acion\u00e1ria do Estado, BLC, out, 2013.<\/a><\/p>\n<p><a href=\"http:\/\/papers.ssrn.com\/sol3\/papers.cfm?abstract_id=2617381\">Atividade prestacional do Estado na economia, BDA, ago. 2013.<\/a><\/p>\n<p><a href=\"http:\/\/papers.ssrn.com\/sol3\/papers.cfm?abstract_id=2617370\">Possibilidade de extin\u00e7\u00e3o de concess\u00e3o de servi\u00e7o p\u00fablico justificada na&nbsp;recupera\u00e7\u00e3o judicial de sociedade empres\u00e1ria, RIL, abr.jun., 2013.<\/a><\/p>\n<p><a href=\"http:\/\/papers.ssrn.com\/sol3\/papers.cfm?abstract_id=2617361\">Administra\u00e7\u00e3o p\u00fablica e c\u00f3digos de conduta, RDA, jan.abr., 2013.<\/a><\/p>\n<p><a href=\"http:\/\/papers.ssrn.com\/sol3\/papers.cfm?abstract_id=2617351\">Licita\u00e7\u00f5es internacionais regidas pela lei brasileira e os posicionamentos&nbsp;atuais do TCU, BDA, dez 2012.<\/a><\/p>\n<p><a href=\"http:\/\/papers.ssrn.com\/sol3\/papers.cfm?abstract_id=2617308\">Atividade n\u00e3o prestacional do Estado na economia e as distintas fun\u00e7\u00f5es&nbsp;regulat\u00f3rias (normativa, pol\u00edtica, jurisdicional e administrativa), BDA, nov&nbsp;2012.<\/a><\/p>\n<p><a href=\"http:\/\/papers.ssrn.com\/sol3\/papers.cfm?abstract_id=2616838\">Taxa de pol\u00edcia para registrar, acompanhar e fiscalizar atividades&nbsp;miner\u00e1rias, BDA, mar 2012.<\/a><\/p>\n<p><a href=\"http:\/\/papers.ssrn.com\/sol3\/papers.cfm?abstract_id=2614011\">Interven\u00e7\u00e3o imperativa e seu instrumento caracter\u00edstico: a pol\u00edcia administrativa, BDA, abr 2011.<\/a><\/p>\n<p><a href=\"http:\/\/papers.ssrn.com\/sol3\/papers.cfm?abstract_id=2563349\">A ordem econ\u00f4mica brasileira e a reforma do Estado breve an\u00e1lise comparativa com o direito portugu\u00eas, FA, jan 2011.<\/a><\/p>\n<p><a href=\"http:\/\/papers.ssrn.com\/sol3\/papers.cfm?abstract_id=2614007\">Planejamento, (des)estimula\u00e7\u00e3o e monitoramento da atividade econ\u00f4mica, BDA, dez 2010.<\/a><\/p>\n<p><a href=\"http:\/\/papers.ssrn.com\/sol3\/papers.cfm?abstract_id=2613996\">Uma nova configura\u00e7\u00e3o das formas de atua\u00e7\u00e3o do Estado brasileiro na economia, inclus\u00e3o dos SP privativos prestados em regime privado e p\u00fablico, BDA, jul 2010.<\/a><\/p>\n<p><a href=\"http:\/\/papers.ssrn.com\/sol3\/papers.cfm?abstract_id=2613527\">O modelo europeu dos Servi\u00e7os de Interesse Econ\u00f4mico Geral, BDA, mar. 2010.<\/a><\/p>\n<p><a href=\"http:\/\/papers.ssrn.com\/sol3\/papers.cfm?abstract_id=2613502\">Conceito de interesse p\u00fablico em um Estado em transforma\u00e7\u00e3o, FA, fev 2010.<\/a><\/p>\n<p><a href=\"http:\/\/papers.ssrn.com\/sol3\/papers.cfm?abstract_id=2613464\">La legalidad administrativa en el umbral del siglo XXI, La constituci\u00f3n y sus desafios en el siglo XXI, 2010.<\/a><\/p>\n<p><a href=\"http:\/\/papers.ssrn.com\/sol3\/papers.cfm?abstract_id=2613412\">Fases evolutivas e cronologicamente distintas das formas de interven\u00e7\u00e3o do Estado na economia, FA, dez 2009.<\/a><\/p>\n<p><a href=\"http:\/\/papers.ssrn.com\/sol3\/papers.cfm?abstract_id=2613014\">Efeitos jur\u00eddicos do sil\u00eancio positivo no direito administrativo brasileiro, RBDP, abr.jun., 2009.<\/a><\/p>\n<p><a href=\"http:\/\/papers.ssrn.com\/sol3\/papers.cfm?abstract_id=2612988\">Parceria P\u00fablico-Privada no setor postal brasileiro, FA, fev 2009.<\/a><\/p>\n<p><a href=\"http:\/\/papers.ssrn.com\/sol3\/papers.cfm?abstract_id=2612962\">La funci\u00f3n regulatoria ejecutiva de la Administraci\u00f3n P\u00fablica y su responsabilizaci\u00f3n, XXX Jornada, 2008.<\/a><\/p>\n<p><a href=\"http:\/\/papers.ssrn.com\/sol3\/papers.cfm?abstract_id=2612936\">Elementos constituyentes de la incompatibilidad de las Ayudas de Estado en la Uni\u00f3n Europea, RCS, jul.dez. 2007.<\/a><\/p>\n<p><a href=\"http:\/\/papers.ssrn.com\/sol3\/papers.cfm?abstract_id=2624652\">C\u00f3digos De Buenas Pr\u00e1cticas: Concepto, Naturaleza Y Su Configuraci\u00f3n Como Fuente Del Derecho Administrativo.<\/a><\/p>\n<p>&nbsp;<\/p>\n<p>&nbsp;<\/p>\n<p>&nbsp;<\/p>\n<p>&nbsp;<\/p>\n<p><strong>&nbsp; &nbsp; &nbsp; &nbsp; &nbsp; &nbsp; &nbsp; &nbsp; &nbsp; &nbsp; &nbsp; &nbsp; &nbsp; &nbsp; &nbsp; &nbsp; &nbsp; &nbsp; &nbsp; &nbsp; &nbsp; &nbsp; &nbsp; &nbsp; &nbsp;&nbsp;<\/strong><\/p>\n<p><strong>&nbsp; &nbsp; &nbsp; &nbsp; &nbsp; &nbsp; &nbsp; &nbsp; &nbsp; &nbsp; &nbsp;&nbsp;<\/strong><\/p>\n<p><strong>&nbsp; &nbsp; &nbsp; &nbsp; &nbsp; &nbsp; &nbsp; &nbsp; &nbsp; &nbsp; &nbsp; &nbsp; &nbsp; &nbsp; &nbsp; &nbsp; &nbsp; &nbsp; &nbsp; &nbsp; &nbsp; &nbsp; &nbsp; &nbsp; &nbsp; &nbsp;<\/strong><\/p>\n","protected":false},"excerpt":{"rendered":"<p>&nbsp; &nbsp; &nbsp; &nbsp; &nbsp; &nbsp; &nbsp; &nbsp; &nbsp; &nbsp; &nbsp; &nbsp; &nbsp; &nbsp; \u00c1rea de atua\u00e7\u00e3o:&nbsp;Direito administrativo econ\u00f4mico,&nbsp;Regula\u00e7\u00e3o jur\u00eddica,&nbsp;Autorregula\u00e7\u00e3o p\u00fablica e privada,&nbsp;Limites das formas de atua\u00e7\u00e3o administrativa,&nbsp;Controle judicial da Administra\u00e7\u00e3o,&nbsp;Discricionariedade,&nbsp;Sil\u00eancio administrativo. Curr\u00edculo Lattes Publica\u00e7\u00f5es: &nbsp; &nbsp; &nbsp; &nbsp; &nbsp; &nbsp; &nbsp; &nbsp; &nbsp; &nbsp; &nbsp; &nbsp; &nbsp; &nbsp; &nbsp; &nbsp; &nbsp; &nbsp; &nbsp; &nbsp; [&hellip;]<\/p>\n","protected":false},"author":5,"featured_media":0,"parent":0,"menu_order":0,"comment_status":"closed","ping_status":"closed","template":"","meta":{"_exactmetrics_skip_tracking":false,"_exactmetrics_sitenote_active":false,"_exactmetrics_sitenote_note":"","_exactmetrics_sitenote_category":0,"footnotes":""},"categories":[],"tags":[],"class_list":["post-329","page","type-page","status-publish","hentry"],"_links":{"self":[{"href":"http:\/\/ppgdin.uff.br\/index.php?rest_route=\/wp\/v2\/pages\/329","targetHints":{"allow":["GET"]}}],"collection":[{"href":"http:\/\/ppgdin.uff.br\/index.php?rest_route=\/wp\/v2\/pages"}],"about":[{"href":"http:\/\/ppgdin.uff.br\/index.php?rest_route=\/wp\/v2\/types\/page"}],"author":[{"embeddable":true,"href":"http:\/\/ppgdin.uff.br\/index.php?rest_route=\/wp\/v2\/users\/5"}],"replies":[{"embeddable":true,"href":"http:\/\/ppgdin.uff.br\/index.php?rest_route=%2Fwp%2Fv2%2Fcomments&post=329"}],"version-history":[{"count":13,"href":"http:\/\/ppgdin.uff.br\/index.php?rest_route=\/wp\/v2\/pages\/329\/revisions"}],"predecessor-version":[{"id":1438,"href":"http:\/\/ppgdin.uff.br\/index.php?rest_route=\/wp\/v2\/pages\/329\/revisions\/1438"}],"wp:attachment":[{"href":"http:\/\/ppgdin.uff.br\/index.php?rest_route=%2Fwp%2Fv2%2Fmedia&parent=329"}],"wp:term":[{"taxonomy":"category","embeddable":true,"href":"http:\/\/ppgdin.uff.br\/index.php?rest_route=%2Fwp%2Fv2%2Fcategories&post=329"},{"taxonomy":"post_tag","embeddable":true,"href":"http:\/\/ppgdin.uff.br\/index.php?rest_route=%2Fwp%2Fv2%2Ftags&post=329"}],"curies":[{"name":"wp","href":"https:\/\/api.w.org\/{rel}","templated":true}]}}