{"id":3243,"date":"2022-04-07T20:07:47","date_gmt":"2022-04-07T20:07:47","guid":{"rendered":"http:\/\/ppgdin.uff.br\/?page_id=3243"},"modified":"2022-11-18T13:46:03","modified_gmt":"2022-11-18T13:46:03","slug":"ano-2022","status":"publish","type":"page","link":"http:\/\/ppgdin.uff.br\/?page_id=3243","title":{"rendered":"ANO 2022"},"content":{"rendered":"\n<hr class=\"wp-block-separator\" \/>\n\n\n\n<p class=\"has-vivid-red-color has-text-color\" style=\"font-size:30px\"><strong>Turma 2022.1<\/strong><\/p>\n\n\n\n<p class=\"has-medium-font-size\"><a href=\"http:\/\/buscatextual.cnpq.br\/buscatextual\/visualizacv.do?id=K4602549Z6&amp;tokenCaptchar=03AGdBq24UpDJXC7FbPAGrayFrL5_GBjqBSptsZ7nz52aUAC4t9QBUip14BIkMgueWWspzoI7VFhY0hibti_jC27mu_eh6ntqBtBU4x6w0TOG1V2BBzBdiHXPoVcCjlKsth1d9u2Utex6ZujpcNv0qC4Rn6xuvWLm8lXDClLI7wZfTNftUZQ9edwW-InKpXnHapcUeTByi7hfjC4QAE30F9pnT27DaC0E0djmL3e1Cg_eGqvanyV23K150xU_iI-Qknfq4Lsawtx1ciSzjjLxGCt0HgtXlt5IVducOhhuvDyJO3UpO0IS06FjysSTUpXPWTHPA6b1jCPbF0uJZPaedZLcntP8ewbdzmfKSJn0zTOEShW--vIulr6ott9bC0Tt4TZXK0S4EVuzPNuJgDDhiHecY1q_9Sjf0uK5mpeGUcy3geQqdyBEBh4SkruUxs0s9-gq4pxenHxa5pIJyVZLWN8xFm5x9GwbTHw\">Alcides da Fonseca Neto<\/a><\/p>\n\n\n\n<p class=\"has-medium-font-size\"><a href=\"http:\/\/buscatextual.cnpq.br\/buscatextual\/visualizacv.do?id=K4453868Z7&amp;tokenCaptchar=03AGdBq25tL4aiAlxx_4fl8ZPkPsp8rRzbQjWl-DNFZuOd5XEaT9ZkRrHkdETgew_KLnbqtJibDvjCiGBjnrvW3gS35DP94l5kCk2-eLkmZsEY_TLXfkfYaJ_s-KTYZxSp-OSBz5uZsgaoXY3pT00b6aGr51zs1BKAWjR3ke9ChVFk0E7UB-Ki4NQ7FvDznQMZlsYr_47XbAHfBq_bh8IEx5b8sJ7H7imo6PiXu_9zmMeCwRiUjr1_ZIZKh5MsB7WNmI8aOJ8r8B5Ub0MhI6KM9YB6MF1vq6NBbX772PZ0GHTQVwmv_voQNwuAZ8kBCtxd8KUzO91KxoakV0jp5AMzo7mcxPOElC6LFOOQpeTqmA-kRmTe9jBhLqrikAGXhfXi7_cnYBu6DpPQa2gG2dgTgN617lFDAb1l-WI5Sz2X-EHh_7XgF1ID5eC_Gb7nPVVHuzuJG3CrNDdgnrDW7ynzgZksdcNyvnd-Mg\">Andr\u00e9 Luiz Andrade dos Santos<\/a><\/p>\n\n\n\n<p class=\"has-medium-font-size\"><a href=\"http:\/\/buscatextual.cnpq.br\/buscatextual\/visualizacv.do?id=K8328650H9&amp;tokenCaptchar=03AGdBq27rzsFS1dGTINTPmQPFBtGgdE7wzI94ui3xoZ7Me41Hr1lDdagEzk3aoDY_BdDUZeplcAvj4iEcrbC0jFLTuZruwnp2fpr2DRDqD3yvGZnlqSNFrFeX1JUISp9GNMqORdrp-q1nNk7Go-W_6R6eLOhwwYL2Hs-8A7xZxt8q8DUCV0mlQwnobHO2nkDqA_amf0tolKmBHIb-Ny7dD-bvj8ve5gdxfva2uMynkcX5PdnEUKY6x-jcqbfkqDrwSdC0C1pEfYdQ3tpE7EBosZazp8ptDRbgBK2NVafHRQsGqr1B3Pm6WNOmgVb_t57o_fP-PvzccEtbUdc0DvP3njEKcCZzAMgg0Ro_LGHP-UAjHq3VkqcOkCZKUXUyRp-mLlRe4HwoGJ74kbLbTxsop-5YRQNA3LV2z55_ArAEBbn99njwT1nEEp5o6TP3B5DQxD9MacvgHocrJO8oLRA6GSQmrZ-kqh8WyQ\">Cleber da Cruz Cunha<\/a><\/p>\n\n\n\n<p class=\"has-medium-font-size\"><a href=\"http:\/\/buscatextual.cnpq.br\/buscatextual\/visualizacv.do?id=K8917623H5&amp;tokenCaptchar=03AGdBq27Nc3YWrhJBO-RK-WtBMGz7pRR7SIPrQMdsK7Y4GY2aqUKBh_TBDddR3wJm4rANY4gSnCCx6NibCm8KPnkWBTDFM_zK-nmWJdqdbdlBD8vCgZVpKZOf2Mk0M7yXxzdbRXb7bCjLvzHjvIwPcOXOOoRehGi_zb9vdoVPTDpNGJTFIJgQVEl6Nh2BpRfg_yjtgwgQUyE4MKck3Ly7u22M9xSskQZi6ohmCdK7RSA2jS-Bs7BlHr46SEuqjYx-yWaK_pLN0y0r3npxYYtAbsR5YyiM-qAiJKmc_PtKhjC-4pLP-J2HR_TCa8_8-1xVDPx19KrFiKcY9mD1HCXHTmgSuu3YtfXzVl_hFDgPHFTJzLIhc2vNeKtuMxgyrpS6Hb3crV4aXrXPA4b8ruXcR0MvBFNsm7jJR-kIbFWY0fZpC0PGfl9uzFgrKnVGbCQ3BhuHzZ7kIj8v8XSZvJiG1FDg2dd94tTfcA\">Danielle Nascimento de Souza Linhares<\/a><\/p>\n\n\n\n<p class=\"has-medium-font-size\"><a href=\"http:\/\/buscatextual.cnpq.br\/buscatextual\/visualizacv.do?id=K4221507U2&amp;tokenCaptchar=03AGdBq25hX_IgQnV6VEA3h4ATzxAue1UwcTFbF0_424saCpHkqqKX0JvcYPRwEfAcSbpCmV2APPG10pGiEoeQjdq1LEmXQJwr2-2L6hD9EC6Sv_QN-9Tyg86ILgUnyikoTugbaCjWA_a6MLwzKCBcS5rDqJcIutRVhGG8aVFfo2WkVeXlRd3RnGiGbAini3PWRrmkoHtqr1es9KaeYQrde-q6rDGW7e9ZTT6xx_Z3vJCpVHz4XhDuSLwSoas9EUCVvZD3wQkKn3XGANTlZ3aYyKtIiyc7bDYKlotXfpncuVDUfnkHczVRVbnuvBHKhhL7RmxxUM1JpG-k3xH71D6t6HJbcPAi9NiqSXWdCV6wkgaHGDJltVSxL0jUF0pnavLThpoht5PMkt8sXO6bGHsaZJ1FS9cDTyqv73NtrliCPTh_TD-RLppyhH1ASqQz8ef6z4HKmmry2luIS2juzabhO9kSlRcvsNTP0g\">Eduardo Azeredo Rodrigues<\/a><\/p>\n\n\n\n<p class=\"has-medium-font-size\"><a href=\"http:\/\/buscatextual.cnpq.br\/buscatextual\/visualizacv.do?id=K4381636E2&amp;tokenCaptchar=03AGdBq26CqTeZuQ00R0yF6Yn3ZJQbVqOqfXoy92SUuXB5JTrOX2zqIkx5agX-m2oY6IopXlFEjVs1DYn1If-rTtqFu4G_-cFMba7GPxrhqB4J8FgyFagdmcXXVT4Lme6HgfPvJJxNdyLGubx_EfqD6WCxoLoCBzFya9ZBq2U-774SVJk8YNSe8qOcSEn8uIlFYA6ENsJ_hiJECt727WpowD1jvc0yoBVPmIIwqdnlESIa7KDk4zNiOHK3A0LTbqVAu6zECZC5EBL8lTfO2KDFo2dvdr6U1BEt2Nmza7F0EqCQWR_c2HbXKT_10ahR94QFiNMxJ2gk0q1X-sxlo0NVKlGuP4egScRTkezhQMjdtbVbDAL62IwKbV6-nCPChRSJ4Y02XfZZRwB3hZQICNHvnWg8UPKeldTFPJrpJuaOn-tfIaelx1etui6MGAROm8bCF5QB0z1vwE9VuQPzaeZ_Uofyk3mNoStR-w\">Marcio Santoro Rocha<\/a><\/p>\n\n\n\n<p class=\"has-medium-font-size\"><a href=\"http:\/\/buscatextual.cnpq.br\/buscatextual\/visualizacv.do?id=K4732672U3&amp;tokenCaptchar=03AGdBq258QNBs-A6vnSjiumJzBDHKypo5Pq-bkHl9XVxCSBLqE5g_CYJdWvJKxeFwvyMndeJPA4wvEgSo_oYT9mD0Kt_HfdiM_sy2q2PWkJ1yOY2tPA22o50Ea5AR4E4GpByGU7mBQEwjg0fdMoyYEV7jtd12JIZbXLORKZ0WDQcCESSAIf_CcMQaJevzZEQUiXwVi6ws8OvAHYRc4vsFWZtDqbpH65EsQN9sOG62ivGmzwmfb9-3c_Wq4T-rOaD-Mz6Dhr9cwC04EigwV8TdPmOlW1DaKxuzI7Kn2Y4dDcBwbuND6vBfjIKV9ei-EqfcoqTf0y1AydJvT6ba6338L3NZbO9aEVGxWh-j-L3BxOfjUeGNltblz2R43i0fFrgB-VhXvTisR_xf0tmlpM9SI0jAZQyxV9CUnhtuLdHHfVSuImfJW9faANQT2Ceasc89aLSajIDh7bQQqH0WbbfIFX7gglk7k40SGQ\">Ricardo Basilio Weber<\/a><\/p>\n\n\n\n<p class=\"has-medium-font-size\"><a href=\"http:\/\/buscatextual.cnpq.br\/buscatextual\/visualizacv.do?id=K4293926A4&amp;tokenCaptchar=03AGdBq27_aV7MrGzirvAAmnbtrEkTpiP9zNsW-l4iErpiol_5ucl0S-PJRAb1_YrTyzRu_ZZCUnYtryJIuiPxFqeL1KqpTFY0Oi0VuOF4Ac3DErTwN8c55jau3zI6Oy7P6w36NryeE5XvJUFjKKTPi6zquQWVRb85IfjTAPO1ZVOxKUF5LJnhVkpro4tSz_ip2JXUcm6VX_id-ICVx6Qc2zlSQqQlp32MROc6xy14Yg51BYtRgCFyUkLOFz2pLez9rPen2WOTHgq1XrSazW-lsikMBlxnC4F4xJ9Wt5XLTan0P9GQ710cLyV6Ghk-2aJyji-iI7rVCyN7OdQGZr6SLawNiIl1AxA-kBFWzjctMlzTqAdmMolpbXZgsbz9_zU5fxWdMjCtWKKrd8qHuSeUL-t6MNLIeOdD-7iVOjLk1gHfgp9mTBXw88u8ZaVtPOZMVkYxkjNFu_WvmTfWOmfrRuuLSTPWFnANOA\">Siddharta Legale Ferreira<\/a><\/p>\n\n\n\n<p class=\"has-medium-font-size\"><a href=\"http:\/\/buscatextual.cnpq.br\/buscatextual\/visualizacv.do?id=K4252989P0&amp;tokenCaptchar=03AGdBq26tdT2wnURrIONNhi2H6NZhYwTMzSsgIjLz6bAt1z_RUkJi2WKSLWPAWQxWvztPCdPAY5RJCLkHG5QIDK1WkpAz9XGuzrYReohVs_v0C-z4zyJB8Ysmbo8luLAdpd9RsgT7xZYNBr0LZ2SOO46TYn6xvqseidfpkl3XWcEytl00bAZLBec4i7n-HYbTRLJAqvDy9WakXq1n_PbrmaDOGSMK2Q33Xub4aiRqw4wzXfA4qIOxfw5ANJHwyAU-OE5PWbxHmCMsKEIr71DqAWtHMUV2HAbsMwZUkGVOSwSqxCmnhTetkBUbwahKTrp1HPdBRlnUkmkYi18vardq7u2fsbEnfyGu8aJOstWd0J_lqY0zOPn1KQ63_bNbVTq41Dpnl4EVHIyvAr3KCxmW81Dky64RPVi2kQUGpVXAfXeSQif52rVJQtk9Nn3gwhpbvkrp42COzeK1-6LopXA-Ij_V_S_2b3U-Ew\">Soni\u00e1rlei Vieira Leite<\/a><\/p>\n\n\n\n<hr class=\"wp-block-separator\" \/>\n\n\n\n<p class=\"has-vivid-red-color has-text-color\" style=\"font-size:30px\"><strong>Turma 2022.2<\/strong><\/p>\n\n\n\n<p class=\"has-medium-font-size\"><a href=\"http:\/\/buscatextual.cnpq.br\/buscatextual\/visualizacv.do?id=K4739668P0&amp;tokenCaptchar=03AEkXODD4wR1rePkNBi-OBOvYgHd_bpw0x6jeJGpk0ZX3A-rXnt5MNT2MBRQnAmFQXByq6QQaov8k2B2iRK4Jexs3fB5SB6wSc_43V-mtUtz7tsEW6VZyF_fu-KzvwgR6m65HkkCrLGvR4D4XpX9yMmee4UxDirt-NbCQFOunLHeWUult63SobHWr90506PIZd-p1ea0igvwOhcxxXskRqdr85fOGQgZQQZx0bnVoex1fdXBJB_0sMz9WjIunEFxghkVWNSYGalI4wI0qO7qnONOD1p7-V-BylUXkPlfJWBT2_SmHaJax-YX0CgA2NvSM3yE2lMqMk-xbmbnOglskoLXf1ZtUpeqFJg3_ZFqwWj4YRJSepea2zrhEDnwek4_iIrBlG2k5XNkm_cRZjs_rCSlL8sxyfVHiWv8Yekb7gDWEO_9F4HMjmgqC_0jXwWQgYCH0CKRupaQ52qK41aik2ihxKmcrXlPdgvc0AW5riRj3PGspjQnnjq3MCmiFVObOvynun0ar1m45Q4ounR-WJMJ0oKdAUfaAfA\">Fl\u00e1via Dantas Soares<\/a><\/p>\n\n\n\n<p class=\"has-medium-font-size\"><a href=\"http:\/\/buscatextual.cnpq.br\/buscatextual\/visualizacv.do?id=K4238390Y0&amp;tokenCaptchar=03AEkXODC6SQ-fuueTeK7DKvASGEYd-4h8bXpAkEtjWNGyWDzQufuDjF8jbYrgByug9aQGeSy0YBYc20_FAnlvP5g_MP2c17zOdxsXouFgaderkaGt7PIFSt98irwH5iSuEJr7hNsj6tYAgCktP11CAWc21gdazEesBHZBRYaiUu4_3PVLAZkCVM5yiGv0Q-cQs0QI6CVlSHwUTQni-bEgs3cZXK1MVTuxwCrzk4LjZ2gNWC-okxUbmTnoCliXrhkAy8oOrv_w4Vylop2Ky787VkIcnhGUbwaPsvtUx5Fpj3yjfgrw9jDwJFQHAodflY2JS-b8J_1Eu1awVgsD1AggNfMFZR7AeuaN2JnRrUjOI7_awSNnJquCAPkSGxk3KJ-QaJQRw9O1v9eLNlB-FbClmuQJg174d_nemwna0doG-0HG8RSsVPbwnHIpnvxP7DU2Ft-THg8879ZA0fXbIGl12Qg4ywZQNFtEV8mvIO3FARQ5zUdH-ZqWFqEPSdmozyul98bXh64FFhAdb5Qmg4dn9FgZmZDRHMrsbw\">Marcelo Cavalcanti Piragibe Magalh\u00e3es<\/a><\/p>\n\n\n\n<p class=\"has-medium-font-size\"><a href=\"http:\/\/buscatextual.cnpq.br\/buscatextual\/visualizacv.do?id=K1122988E4&amp;tokenCaptchar=03AEkXODCPHH4SU_WmpXmpZvc8AnOCuDY4hKVKOSaVdRSJ0r5A0_WhPAmT5jqZdutT9H_AhzpCpOYOHAlN_lcJjP1YL011AKIgoMsA5hEBzQyIMcuw4u75tT1MCxlJkzK3Idv1_WaCqNKpQMZtmh5gpgX0ibW2v7LT9N__hsyFWjUG2RwE5658zGrDOqac-Zv1UNHyw28WirwPAouFb_HC_UA3WV_Yv_cwuaPSLKO-pq-LAyqkv8p45n5gxm_FgXWiXjf9x4WO-Wlqbn5spEdGfWf0nccpOhRoUUssqD8KqP6EFPMdG636rqSbLOPoXZZLuXQDAkAr3gpnwf-UvfC24Egeuni2Ygt7WnzLsNqsE4BUXcMdvh-oC2stOqT7g73lAuApJ9WNvOCgsl-LTr1CQli4UWmvDitkAL1f_u4RgFDl3uCYACI9WYdEjAhn3JaUsgHxg7nZmiagtNCiJUG9TkuDW56DR702IICE4o2yM6Ta1bhY8JK6IBgLMI3IT8uSwsXsMvuv91r95FDGNtvVCgE4o8iI3kdRFQ\">Maria da Penha Nobre Mauro<\/a><\/p>\n\n\n\n<p class=\"has-medium-font-size\"><a href=\"http:\/\/buscatextual.cnpq.br\/buscatextual\/visualizacv.do?id=K8059871H8&amp;tokenCaptchar=03AEkXODDL6xv0wg7MstS-CSRvdNSybRSsoqUZZjzuAdHpn2P3u9j-1WMXFTxuBEEso2GivCaLpHEbhqzZnispbN-oI702pjhjC0uo-i6UzagBAbuenaQEvpWZkoTFrWY7Nzw92RBKOK00Ujc53M1I5ECYhuOK384_LGEaqdyPlR4aSLHZ_EwRooaOJthsHpzlDQX16xC3PH6eDfPgvr6-Z6SiqBE4ybdamWPqIjGVbPUc6T7UppseMoWED1Ea8_LD5jJ0xSa2q1P6j-jmAd5jYe_m0EIXnKiclGgZY0SrjVlr1Th95vN7ICmAKt3Vfzb7u2fKNcmcIc-vnvg0aorgAr9lMXUj2jEW6N9OMPf1HnmEBJsMEt_id8lgb0Mjg4yi7fxAlGvWsScXBx7slPq7TPa8RDIL3j1nz6gHWRRy8rHLwtQ8ut2HBruDPupusimjAcTBm2FnkAnDh_75PfJkyXoCXWtK1JdtYtC_UmZrSqlMJ1FJWpHmV4kL7USSxH4u4UBxYti_L78reJlnHyUbFtlg7LdTa3rSeQ\">Rafael Lucas da Silva Santos<\/a><\/p>\n\n\n\n<p class=\"has-medium-font-size\"><a href=\"http:\/\/buscatextual.cnpq.br\/buscatextual\/visualizacv.do?id=K8452584J6&amp;tokenCaptchar=03AEkXODA7ippPRuxRDrQsrY7Dapqn0IOQRcGC9CthMiDWMXgN0c2zAMuROGTT98p4OddMOnU0bWEXtuaj5iB_wPQjkVUoMvz3npbR9cdCv-gf0qYr5NKwGNP8LO3x_d0fyNtcO8XlZqz115eFAnudrQ-j-h0PzGRRHr8hsoMZdrAQMjau6PnaLuR29XxMHdpwltKRPWOcCYUh2QOtfohysbZevcSpCb9xFfsk9Xcgs-EjTazfCUuWdSlgb14G3iRFFuVQSfh87QWYie6Iy13sn5Zcz-T6DMckGSrkSk63U0E46VgJ3ZqLyyT_7HhE35Ys8BMuFhneUnX-wh1kS4zMVU4yR-cbpHf6sHEnF25MZ5t7dMVenmKsd-YczxMvKFFGQIe1o49WXbJHcJR9OqLbdQ7YP_Ly21nczwzTrs-028HiEK0pXFofeNlhmdfmPDzCPnpQDn0zhvsSZr_6HSy_qM5cfjXrD40PLWNBAmzLLZZ9I5DgUK2KDgh8j0gwPguzb2M1QrmOejCcshloW-ffVjET8u3ZdCcegQ\">Renata do Amaral Barreto de Jesus de<br>Oliveira<\/a><\/p>\n\n\n\n<p class=\"has-medium-font-size\"><a href=\"http:\/\/buscatextual.cnpq.br\/buscatextual\/visualizacv.do?id=K4293650T5&amp;tokenCaptchar=03AEkXODBq3b5DRA-VN8F9EalWT7VmS0yOjBw6GFiHya2pw-6xCEDnx70VfUmT1L-CpGL7csIYTQCfXPdSounjz4AhfLePZDJOzX5It27iYad3FOmIfJNoM2ECcAnx2TX9y022f7D58Aum6DBKgtAnct6CyNjEdUfFFWwDAOKa36-DXD0yv_H41njLuACceBHu3vJn-avHeMgY-qTLGepkgXkKLNusou8J4bycmoWJ-2k038BimqVYL6SfUzXJqVQLLL_PiOZaEBmND8mrSTFlyOIh0LCw58wQGm8THylM11m2A4a7_m6-QqLKxck-jU6gISmec3EQdquEPDUCyBX5cCRH1BChW0vYGxQJSxO4IWcgNWektHamjboYvwBXU9CyTKgzAfXY9BgRZgMisAUdQohns8oXcv-bB-1-lGOgwKDRgqPz9BKiXgtHWyMgM0g67wuM28PNKwESpYAKhsXONQL6ohfL2uTc2u0lc5PqLw7zrSL_Eh5V_sqsXZ9RCx7_Vnfg0htZGQhYIbSzoNGxtLESqzIotuov7w\">Ver\u00f4nica Teixeira Duarte<\/a><\/p>\n","protected":false},"excerpt":{"rendered":"<p>Turma 2022.1 Alcides da Fonseca Neto Andr\u00e9 Luiz Andrade dos Santos Cleber da Cruz Cunha Danielle Nascimento de Souza Linhares Eduardo Azeredo Rodrigues Marcio Santoro Rocha Ricardo Basilio Weber Siddharta Legale Ferreira Soni\u00e1rlei Vieira Leite Turma 2022.2 Fl\u00e1via Dantas Soares Marcelo Cavalcanti Piragibe Magalh\u00e3es Maria da Penha Nobre Mauro Rafael Lucas da Silva Santos Renata [&hellip;]<\/p>\n","protected":false},"author":5,"featured_media":0,"parent":0,"menu_order":0,"comment_status":"closed","ping_status":"closed","template":"","meta":{"_exactmetrics_skip_tracking":false,"_exactmetrics_sitenote_active":false,"_exactmetrics_sitenote_note":"","_exactmetrics_sitenote_category":0,"footnotes":""},"categories":[],"tags":[],"class_list":["post-3243","page","type-page","status-publish","hentry"],"_links":{"self":[{"href":"http:\/\/ppgdin.uff.br\/index.php?rest_route=\/wp\/v2\/pages\/3243","targetHints":{"allow":["GET"]}}],"collection":[{"href":"http:\/\/ppgdin.uff.br\/index.php?rest_route=\/wp\/v2\/pages"}],"about":[{"href":"http:\/\/ppgdin.uff.br\/index.php?rest_route=\/wp\/v2\/types\/page"}],"author":[{"embeddable":true,"href":"http:\/\/ppgdin.uff.br\/index.php?rest_route=\/wp\/v2\/users\/5"}],"replies":[{"embeddable":true,"href":"http:\/\/ppgdin.uff.br\/index.php?rest_route=%2Fwp%2Fv2%2Fcomments&post=3243"}],"version-history":[{"count":7,"href":"http:\/\/ppgdin.uff.br\/index.php?rest_route=\/wp\/v2\/pages\/3243\/revisions"}],"predecessor-version":[{"id":3669,"href":"http:\/\/ppgdin.uff.br\/index.php?rest_route=\/wp\/v2\/pages\/3243\/revisions\/3669"}],"wp:attachment":[{"href":"http:\/\/ppgdin.uff.br\/index.php?rest_route=%2Fwp%2Fv2%2Fmedia&parent=3243"}],"wp:term":[{"taxonomy":"category","embeddable":true,"href":"http:\/\/ppgdin.uff.br\/index.php?rest_route=%2Fwp%2Fv2%2Fcategories&post=3243"},{"taxonomy":"post_tag","embeddable":true,"href":"http:\/\/ppgdin.uff.br\/index.php?rest_route=%2Fwp%2Fv2%2Ftags&post=3243"}],"curies":[{"name":"wp","href":"https:\/\/api.w.org\/{rel}","templated":true}]}}