{"id":3228,"date":"2022-04-07T13:24:29","date_gmt":"2022-04-07T13:24:29","guid":{"rendered":"http:\/\/ppgdin.uff.br\/?page_id=3228"},"modified":"2024-03-26T03:21:58","modified_gmt":"2024-03-26T03:21:58","slug":"preparacao-e-qualificacao-da-tese","status":"publish","type":"page","link":"http:\/\/ppgdin.uff.br\/?page_id=3228","title":{"rendered":"Prepara\u00e7\u00e3o e Qualifica\u00e7\u00e3o da Tese"},"content":{"rendered":"\n<hr class=\"wp-block-separator\" \/>\n\n\n\n<div style=\"height:20px\" aria-hidden=\"true\" class=\"wp-block-spacer\"><\/div>\n\n\n\n<p class=\"has-very-light-gray-background-color has-background has-medium-font-size\">A disciplina <strong>Prepara\u00e7\u00e3o e Qualifica\u00e7\u00e3o de Tese<\/strong>&nbsp;(<em>carga hor\u00e1ria de 90 horas e 6 cr\u00e9ditos<\/em>) dever\u00e1 ser realizada por todos os discentes do Curso, entre o&nbsp;<strong>in\u00edcio do quarto semestre letivo e o final do quinto semestre letivo<\/strong><\/p>\n\n\n\n<div style=\"height:20px\" aria-hidden=\"true\" class=\"wp-block-spacer\"><\/div>\n\n\n\n<hr class=\"wp-block-separator\" \/>\n\n\n\n<p class=\"has-medium-font-size\"><strong>Para efetivar a Qualifica\u00e7\u00e3o de Tese<\/strong>, o\/a discente dever\u00e1 (na ocasi\u00e3o):<\/p>\n\n\n\n<p class=\"has-medium-font-size\">I \u2013 Enviar e-mail para ppgdin.doutorado@gmail.com (com o m\u00ednimo de trinta dias de anteced\u00eancia da data prevista ou estimada para a qualifica\u00e7\u00e3o) endere\u00e7ado \u00e0 Coordena\u00e7\u00e3o do Curso contendo as seguintes informa\u00e7\u00f5es:<\/p>\n\n\n\n<p><\/p>\n\n\n\n<ul class=\"wp-block-list\"><li>Nome completo do doutorando<\/li><li>T\u00edtulo da tese<\/li><li>Data, hor\u00e1rio e local da banca<\/li><li>Composi\u00e7\u00e3o da banca Examinadora (informando o CPF dos eventuais membros externos):<\/li><\/ul>\n\n\n\n<ul class=\"wp-block-list\"><li>Prof\u00ba Dr. \u2026. (PPGDIN\/UFF \u2013 Orientador)<\/li><li>Prof\u00ba Dr. \u2026.&nbsp;(PPGDIN\/UFF)<\/li><li>Prof\u00ba Dr. \u2026. (PPGDIN\/UFF)<\/li><li>Prof\u00ba Dr. \u2026. (PPGD\/U\u2026&nbsp; \u2013 Universidade de \u2026.)<\/li><li>\u2026<\/li><\/ul>\n\n\n\n<div style=\"height:20px\" aria-hidden=\"true\" class=\"wp-block-spacer\"><\/div>\n\n\n\n<p class=\"has-medium-font-size\">II \u2013 Estar matriculado na disciplina<strong> &#8216;Prepara\u00e7\u00e3o da Qualifica\u00e7\u00e3o de Tese&#8217; <\/strong>no semestre letivo no qual realizar\u00e1 a Qualifica\u00e7\u00e3o;<em>\u00a0 (aqui, o\/a discente deve solicitar sua inscri\u00e7\u00e3o na disciplina &#8211;\u00a0Prepara\u00e7\u00e3o da Qualifica\u00e7\u00e3o de Tese\u00a0&#8211; por meio de solicita\u00e7\u00e3o via Formul\u00e1rio Eletr\u00f4nico cujo link para acesso \u00e9 enviado semestralmente a todos os discentes no per\u00edodo informado no calend\u00e1rio interno do programa<\/em><\/p>\n\n\n\n<div style=\"height:20px\" aria-hidden=\"true\" class=\"wp-block-spacer\"><\/div>\n\n\n\n<p class=\"has-medium-font-size\">III \u2013 <strong>Ter cumprido<\/strong> a disciplina obrigat\u00f3ria <em>&#8216;Semin\u00e1rio de Tese&#8217;<\/em>, <strong>em semestre anterior<\/strong> ao da realiza\u00e7\u00e3o da <em>Qualifica\u00e7\u00e3o de Tese<\/em>.<\/p>\n\n\n\n<hr class=\"wp-block-separator\" \/>\n\n\n\n<div style=\"height:20px\" aria-hidden=\"true\" class=\"wp-block-spacer\"><\/div>\n\n\n\n<p class=\"has-medium-font-size\">As Bancas Examinadoras de <em>Qualifica\u00e7\u00e3o de Tese<\/em> ser\u00e3o aprovadas pelo Colegiado do Curso e compostas por docentes com titula\u00e7\u00e3o m\u00ednima de doutor.<\/p>\n\n\n\n<p class=\"has-medium-font-size\">A Banca Examinadora de Qualifica\u00e7\u00e3o de Tese de Doutorado ser\u00e1 constitu\u00edda por, no m\u00ednimo, tr\u00eas membros titulares, incluso o orientador.<\/p>\n\n\n\n<p class=\"has-medium-font-size\">O orientador da Tese ser\u00e1 o Presidente da Banca Examinadora de Qualifica\u00e7\u00e3o de Tese e lhe compete estabelecer contato com os demais membros da Banca Examinadora, para determinar: <em>a data da Qualifica\u00e7\u00e3o<\/em> e <em>comunic\u00e1-la \u00e0 secretaria do Programa<\/em> e \u00e0 <em>Coordena\u00e7\u00e3o do Curso<\/em>.<\/p>\n\n\n\n<p class=\"has-medium-font-size\">1\u00ba) A Banca de Qualifica\u00e7\u00e3o n\u00e3o atribuir\u00e1 nota, mas apenas a designa\u00e7\u00e3o de \u201caprovado\u201d, \u201caprovado com ressalvas\u201d ou \u201creprovado\u201d.<\/p>\n\n\n\n<p class=\"has-medium-font-size\">2\u00ba) Ao designar um trabalho de Qualifica\u00e7\u00e3o como \u201caprovado com ressalvas\u201d, a Banca Examinadora poder\u00e1 exigir modifica\u00e7\u00f5es e estipular um prazo, n\u00e3o superior a tr\u00eas meses, para a reformula\u00e7\u00e3o do trabalho.<\/p>\n\n\n\n<p class=\"has-medium-font-size\">3\u00ba) Havendo exig\u00eancia por parte da Banca Examinadora, conforme o par\u00e1grafo anterior, o orientador, ap\u00f3s o prazo estipulado, dever\u00e1 atestar \u00e0 Coordena\u00e7\u00e3o do Curso sobre seu cumprimento ou n\u00e3o, caso este em que o discente ficar\u00e1 reprovado na disciplina \u201cPrepara\u00e7\u00e3o da Qualifica\u00e7\u00e3o de Tese\u201d.<\/p>\n\n\n\n<p class=\"has-medium-font-size\">No caso de reprova\u00e7\u00e3o do discente no Exame de Qualifica\u00e7\u00e3o, este ter\u00e1 a possibilidade de realizar novo Exame de Qualifica\u00e7\u00e3o, no prazo n\u00e3o superior a doze meses do exame anterior, e somente por uma vez.<\/p>\n\n\n\n<p class=\"has-medium-font-size\">A) A nova solicita\u00e7\u00e3o dever\u00e1 ser encaminhada, por escrito e em formul\u00e1rio pr\u00f3prio, \u00e0 Coordena\u00e7\u00e3o do Curso, com prazo m\u00ednimo de trinta dias \u00e0 realiza\u00e7\u00e3o do Exame de Qualifica\u00e7\u00e3o de Tese.<\/p>\n\n\n\n<p class=\"has-medium-font-size\">B) Ao ter designado um trabalho de Qualifica\u00e7\u00e3o como \u201creprovado\u201d, o discente dever\u00e1 tornar a se inscrever na disciplina \u201cPrepara\u00e7\u00e3o da Qualifica\u00e7\u00e3o de Tese\u201d no semestre letivo no qual se submeter \u00e0 nova Qualifica\u00e7\u00e3o.<\/p>\n\n\n\n<hr class=\"wp-block-separator\" \/>\n","protected":false},"excerpt":{"rendered":"<p>A disciplina Prepara\u00e7\u00e3o e Qualifica\u00e7\u00e3o de Tese&nbsp;(carga hor\u00e1ria de 90 horas e 6 cr\u00e9ditos) dever\u00e1 ser realizada por todos os discentes do Curso, entre o&nbsp;in\u00edcio do quarto semestre letivo e o final do quinto semestre letivo Para efetivar a Qualifica\u00e7\u00e3o de Tese, o\/a discente dever\u00e1 (na ocasi\u00e3o): I \u2013 Enviar e-mail para ppgdin.doutorado@gmail.com (com o [&hellip;]<\/p>\n","protected":false},"author":5,"featured_media":0,"parent":0,"menu_order":0,"comment_status":"closed","ping_status":"closed","template":"","meta":{"_exactmetrics_skip_tracking":false,"_exactmetrics_sitenote_active":false,"_exactmetrics_sitenote_note":"","_exactmetrics_sitenote_category":0,"footnotes":""},"categories":[],"tags":[],"class_list":["post-3228","page","type-page","status-publish","hentry"],"_links":{"self":[{"href":"http:\/\/ppgdin.uff.br\/index.php?rest_route=\/wp\/v2\/pages\/3228","targetHints":{"allow":["GET"]}}],"collection":[{"href":"http:\/\/ppgdin.uff.br\/index.php?rest_route=\/wp\/v2\/pages"}],"about":[{"href":"http:\/\/ppgdin.uff.br\/index.php?rest_route=\/wp\/v2\/types\/page"}],"author":[{"embeddable":true,"href":"http:\/\/ppgdin.uff.br\/index.php?rest_route=\/wp\/v2\/users\/5"}],"replies":[{"embeddable":true,"href":"http:\/\/ppgdin.uff.br\/index.php?rest_route=%2Fwp%2Fv2%2Fcomments&post=3228"}],"version-history":[{"count":5,"href":"http:\/\/ppgdin.uff.br\/index.php?rest_route=\/wp\/v2\/pages\/3228\/revisions"}],"predecessor-version":[{"id":4285,"href":"http:\/\/ppgdin.uff.br\/index.php?rest_route=\/wp\/v2\/pages\/3228\/revisions\/4285"}],"wp:attachment":[{"href":"http:\/\/ppgdin.uff.br\/index.php?rest_route=%2Fwp%2Fv2%2Fmedia&parent=3228"}],"wp:term":[{"taxonomy":"category","embeddable":true,"href":"http:\/\/ppgdin.uff.br\/index.php?rest_route=%2Fwp%2Fv2%2Fcategories&post=3228"},{"taxonomy":"post_tag","embeddable":true,"href":"http:\/\/ppgdin.uff.br\/index.php?rest_route=%2Fwp%2Fv2%2Ftags&post=3228"}],"curies":[{"name":"wp","href":"https:\/\/api.w.org\/{rel}","templated":true}]}}