{"id":3188,"date":"2022-04-01T14:55:51","date_gmt":"2022-04-01T14:55:51","guid":{"rendered":"http:\/\/ppgdin.uff.br\/?page_id=3188"},"modified":"2022-04-07T12:31:34","modified_gmt":"2022-04-07T12:31:34","slug":"disciplinas-optativas","status":"publish","type":"page","link":"http:\/\/ppgdin.uff.br\/?page_id=3188","title":{"rendered":"Disciplinas Optativas"},"content":{"rendered":"\n<hr class=\"wp-block-separator\" \/>\n\n\n\n<div style=\"height:20px\" aria-hidden=\"true\" class=\"wp-block-spacer\"><\/div>\n\n\n\n<p class=\"has-background has-medium-font-size has-very-light-gray-background-color\">As <strong>DISCIPLINAS OPTATIVAS<\/strong> ( m\u00edn. exigido pelo Programa = 2 disciplinas optativas&nbsp;&nbsp;\u2013 90 horas e 6 cr\u00e9ditos ) s\u00e3o voltadas para as discuss\u00f5es espec\u00edficas de cada uma das <strong>Linhas de Pesquisa<\/strong> definidas pelo PPGDIN<\/p>\n\n\n\n<p class=\"has-background has-medium-font-size has-very-light-gray-background-color\">Poder\u00e3o ser cumpridas pelo(a) discente ao longo de todo o Curso, <strong>cabendo ao\/\u00e0 orientador(a) recomendar<\/strong> ao\/\u00e0 discente as disciplinas que considera mais pertinentes \u00e0 forma\u00e7\u00e3o do(a) mesmo(a) <strong>com vistas \u00e0 elabora\u00e7\u00e3o da Tese<\/strong><\/p>\n\n\n\n<p class=\"has-background has-medium-font-size has-very-light-gray-background-color\">O(A) discente dever\u00e1 cursar necessariamente uma disciplina optativa da Linha de Pesquisa \u00e0 qual est\u00e1 vinculado(a):<\/p>\n\n\n\n<p class=\"has-medium-font-size\">* <a href=\"http:\/\/ppgdin.uff.br\/?page_id=251\"><strong>Linha 1:<\/strong> <strong>Judici\u00e1rio, Justi\u00e7a e Cidadania<\/strong><\/a> (\u00c1reas: Teorias e Fundamentos e Jurisdi\u00e7\u00e3o e Estado)<\/p>\n\n\n\n<div style=\"height:28px\" aria-hidden=\"true\" class=\"wp-block-spacer\"><\/div>\n\n\n\n<p class=\"has-medium-font-size\">* <a href=\"http:\/\/ppgdin.uff.br\/?page_id=254\"><strong>Linha 2:<\/strong> <strong>Interesse P\u00fablico e Rela\u00e7\u00f5es Econ\u00f4micas<\/strong><\/a> (\u00c1reas: Teorias e Fundamentos e Rela\u00e7\u00f5es Econ\u00f4micas)<\/p>\n\n\n\n<hr class=\"wp-block-separator\" \/>\n","protected":false},"excerpt":{"rendered":"<p>As DISCIPLINAS OPTATIVAS ( m\u00edn. exigido pelo Programa = 2 disciplinas optativas&nbsp;&nbsp;\u2013 90 horas e 6 cr\u00e9ditos ) s\u00e3o voltadas para as discuss\u00f5es espec\u00edficas de cada uma das Linhas de Pesquisa definidas pelo PPGDIN Poder\u00e3o ser cumpridas pelo(a) discente ao longo de todo o Curso, cabendo ao\/\u00e0 orientador(a) recomendar ao\/\u00e0 discente as disciplinas que considera [&hellip;]<\/p>\n","protected":false},"author":5,"featured_media":0,"parent":0,"menu_order":0,"comment_status":"closed","ping_status":"closed","template":"","meta":{"_exactmetrics_skip_tracking":false,"_exactmetrics_sitenote_active":false,"_exactmetrics_sitenote_note":"","_exactmetrics_sitenote_category":0,"footnotes":""},"categories":[],"tags":[],"class_list":["post-3188","page","type-page","status-publish","hentry"],"_links":{"self":[{"href":"http:\/\/ppgdin.uff.br\/index.php?rest_route=\/wp\/v2\/pages\/3188","targetHints":{"allow":["GET"]}}],"collection":[{"href":"http:\/\/ppgdin.uff.br\/index.php?rest_route=\/wp\/v2\/pages"}],"about":[{"href":"http:\/\/ppgdin.uff.br\/index.php?rest_route=\/wp\/v2\/types\/page"}],"author":[{"embeddable":true,"href":"http:\/\/ppgdin.uff.br\/index.php?rest_route=\/wp\/v2\/users\/5"}],"replies":[{"embeddable":true,"href":"http:\/\/ppgdin.uff.br\/index.php?rest_route=%2Fwp%2Fv2%2Fcomments&post=3188"}],"version-history":[{"count":13,"href":"http:\/\/ppgdin.uff.br\/index.php?rest_route=\/wp\/v2\/pages\/3188\/revisions"}],"predecessor-version":[{"id":3225,"href":"http:\/\/ppgdin.uff.br\/index.php?rest_route=\/wp\/v2\/pages\/3188\/revisions\/3225"}],"wp:attachment":[{"href":"http:\/\/ppgdin.uff.br\/index.php?rest_route=%2Fwp%2Fv2%2Fmedia&parent=3188"}],"wp:term":[{"taxonomy":"category","embeddable":true,"href":"http:\/\/ppgdin.uff.br\/index.php?rest_route=%2Fwp%2Fv2%2Fcategories&post=3188"},{"taxonomy":"post_tag","embeddable":true,"href":"http:\/\/ppgdin.uff.br\/index.php?rest_route=%2Fwp%2Fv2%2Ftags&post=3188"}],"curies":[{"name":"wp","href":"https:\/\/api.w.org\/{rel}","templated":true}]}}