{"id":2983,"date":"2022-02-04T21:27:47","date_gmt":"2022-02-04T21:27:47","guid":{"rendered":"http:\/\/ppgdin.uff.br\/?page_id=2983"},"modified":"2023-02-09T11:14:41","modified_gmt":"2023-02-09T11:14:41","slug":"capes","status":"publish","type":"page","link":"http:\/\/ppgdin.uff.br\/?page_id=2983","title":{"rendered":"CAPES"},"content":{"rendered":"\n<div style=\"height:21px\" aria-hidden=\"true\" class=\"wp-block-spacer\"><\/div>\n\n\n\n<p class=\"has-vivid-red-color has-text-color has-medium-font-size\"><strong>ANO 2023<\/strong><\/p>\n\n\n\n<p class=\"has-large-font-size\"><a href=\"https:\/\/www.gov.br\/capes\/pt-br\/acesso-a-informacao\/acoes-e-programas\/avaliacao\/sobre-a-avaliacao\/areas-avaliacao\/sobre-as-areas-de-avaliacao\/colegio-de-humanidades\/ciencias-sociais-aplicadas\/direito\"><strong>Sobre as \u00e1reas de avalia\u00e7\u00e3o &#8211; DIREITO<\/strong><\/a><\/p>\n\n\n\n<hr class=\"wp-block-separator\" \/>\n\n\n\n<div style=\"height:23px\" aria-hidden=\"true\" class=\"wp-block-spacer\"><\/div>\n\n\n\n<p class=\"has-vivid-red-color has-text-color has-medium-font-size\"><strong>ANO 2021<\/strong><\/p>\n\n\n\n<p class=\"has-medium-font-size\"><strong>1.  <\/strong><a href=\"https:\/\/drive.google.com\/file\/d\/1G84vzoJh8Ira2fK85ofiMUYasuYJ1K4I\/view?usp=sharing\">Orienta\u00e7\u00f5es quanto ao registro de resultados e produ\u00e7\u00f5es intelectuais<\/a><\/p>\n\n\n\n<p class=\"has-medium-font-size\"><strong>2.  <\/strong><a href=\"https:\/\/drive.google.com\/file\/d\/18rLw42rvUIXuzQt2y55S3QFIQFlV5bya\/view?usp=sharing\">Avalia\u00e7\u00e3o &#8211; \u00c1rea 26 &#8211; Direito (Resumo: Quesito \/ Peso)<\/a><\/p>\n\n\n\n<p class=\"has-medium-font-size\"><strong>3.  <\/strong><a href=\"https:\/\/drive.google.com\/file\/d\/1xf-3hbYPHJXZRZ1dW4zzni8Rk3NnK-6j\/view?usp=sharing\">Metodologia de classifica\u00e7\u00e3o de livros<\/a><\/p>\n\n\n\n<p class=\"has-medium-font-size\"><strong>4.  <\/strong><a href=\"https:\/\/drive.google.com\/file\/d\/1ZqR8vljhIUdLM7W5rADKkjXe9XZPYXza\/view?usp=sharing\">Metodologia de avalia\u00e7\u00e3o da produ\u00e7\u00e3o T\u00e9cnica e Tecnol\u00f3gica<\/a><\/p>\n\n\n\n<hr class=\"wp-block-separator\" \/>\n\n\n\n<div style=\"height:21px\" aria-hidden=\"true\" class=\"wp-block-spacer\"><\/div>\n\n\n\n<p class=\"has-medium-font-size\"><strong>*  Para acessar o Portal CAPES (<a href=\"https:\/\/www.gov.br\/capes\/pt-br\">clique aqui<\/a>)<\/strong><\/p>\n","protected":false},"excerpt":{"rendered":"<p>ANO 2023 Sobre as \u00e1reas de avalia\u00e7\u00e3o &#8211; DIREITO ANO 2021 1. Orienta\u00e7\u00f5es quanto ao registro de resultados e produ\u00e7\u00f5es intelectuais 2. Avalia\u00e7\u00e3o &#8211; \u00c1rea 26 &#8211; Direito (Resumo: Quesito \/ Peso) 3. Metodologia de classifica\u00e7\u00e3o de livros 4. Metodologia de avalia\u00e7\u00e3o da produ\u00e7\u00e3o T\u00e9cnica e Tecnol\u00f3gica * Para acessar o Portal CAPES (clique aqui)<\/p>\n","protected":false},"author":5,"featured_media":0,"parent":0,"menu_order":0,"comment_status":"closed","ping_status":"closed","template":"","meta":{"_exactmetrics_skip_tracking":false,"_exactmetrics_sitenote_active":false,"_exactmetrics_sitenote_note":"","_exactmetrics_sitenote_category":0,"footnotes":""},"categories":[],"tags":[],"class_list":["post-2983","page","type-page","status-publish","hentry"],"_links":{"self":[{"href":"http:\/\/ppgdin.uff.br\/index.php?rest_route=\/wp\/v2\/pages\/2983","targetHints":{"allow":["GET"]}}],"collection":[{"href":"http:\/\/ppgdin.uff.br\/index.php?rest_route=\/wp\/v2\/pages"}],"about":[{"href":"http:\/\/ppgdin.uff.br\/index.php?rest_route=\/wp\/v2\/types\/page"}],"author":[{"embeddable":true,"href":"http:\/\/ppgdin.uff.br\/index.php?rest_route=\/wp\/v2\/users\/5"}],"replies":[{"embeddable":true,"href":"http:\/\/ppgdin.uff.br\/index.php?rest_route=%2Fwp%2Fv2%2Fcomments&post=2983"}],"version-history":[{"count":7,"href":"http:\/\/ppgdin.uff.br\/index.php?rest_route=\/wp\/v2\/pages\/2983\/revisions"}],"predecessor-version":[{"id":3786,"href":"http:\/\/ppgdin.uff.br\/index.php?rest_route=\/wp\/v2\/pages\/2983\/revisions\/3786"}],"wp:attachment":[{"href":"http:\/\/ppgdin.uff.br\/index.php?rest_route=%2Fwp%2Fv2%2Fmedia&parent=2983"}],"wp:term":[{"taxonomy":"category","embeddable":true,"href":"http:\/\/ppgdin.uff.br\/index.php?rest_route=%2Fwp%2Fv2%2Fcategories&post=2983"},{"taxonomy":"post_tag","embeddable":true,"href":"http:\/\/ppgdin.uff.br\/index.php?rest_route=%2Fwp%2Fv2%2Ftags&post=2983"}],"curies":[{"name":"wp","href":"https:\/\/api.w.org\/{rel}","templated":true}]}}