{"id":2973,"date":"2022-01-31T17:32:16","date_gmt":"2022-01-31T17:32:16","guid":{"rendered":"http:\/\/ppgdin.uff.br\/?page_id=2973"},"modified":"2022-02-15T16:22:10","modified_gmt":"2022-02-15T16:22:10","slug":"proposta-de-edital-1-2022-processo-seletivo","status":"publish","type":"page","link":"http:\/\/ppgdin.uff.br\/?page_id=2973","title":{"rendered":"PROPOSTA DE EDITAL 1.2022 ( PROCESSO SELETIVO )"},"content":{"rendered":"\n<hr class=\"wp-block-separator\" \/>\n\n\n\n<p class=\"has-medium-font-size\">Destacamos que trata-se de <strong>proposta de Edital<\/strong> para o processo seletivo referente ao <strong>primeiro per\u00edodo de 2022<\/strong><\/p>\n\n\n\n<div style=\"height:20px\" aria-hidden=\"true\" class=\"wp-block-spacer\"><\/div>\n\n\n\n<div class=\"wp-block-image\"><figure class=\"alignleft size-large is-resized\"><img loading=\"lazy\" decoding=\"async\" src=\"http:\/\/ppgdin.uff.br\/wp-content\/uploads\/sites\/5\/2019\/10\/PPGDIN-e1572531848831.png\" alt=\"\" class=\"wp-image-1605\" width=\"74\" height=\"114\" \/><\/figure><\/div>\n\n\n\n<p class=\"has-text-color has-medium-font-size has-vivid-red-color\">Inscri\u00e7\u00f5es somente por e-mail: <strong>15 de fevereiro \u00e0 15 de mar\u00e7o de 2022<\/strong>, at\u00e9 \u00e0s 23h59min.<\/p>\n\n\n\n<p class=\"has-medium-font-size\">E-mail: <strong>doutorado.ppgdin.2022@gmail.com<\/strong><\/p>\n\n\n\n<p class=\"has-medium-font-size\"> <strong><a href=\"http:\/\/ppgdin.uff.br\/wp-content\/uploads\/sites\/5\/2022\/01\/2022_1_DIREITOS_INST_E_NEGOCIOS.pdf\">Ver edital<\/a><\/strong><\/p>\n\n\n\n<p class=\"has-medium-font-size\"> <strong><a href=\"http:\/\/ppgdin.uff.br\/wp-content\/uploads\/sites\/5\/2022\/02\/ADITAMENTO_DIREITOS_INST_E_NEGOCIOS.pdf\">Ver ADITAMENTO<\/a>  (Edital)<\/strong><\/p>\n","protected":false},"excerpt":{"rendered":"<p>Destacamos que trata-se de proposta de Edital para o processo seletivo referente ao primeiro per\u00edodo de 2022 Inscri\u00e7\u00f5es somente por e-mail: 15 de fevereiro \u00e0 15 de mar\u00e7o de 2022, at\u00e9 \u00e0s 23h59min. E-mail: doutorado.ppgdin.2022@gmail.com Ver edital Ver ADITAMENTO (Edital)<\/p>\n","protected":false},"author":5,"featured_media":0,"parent":0,"menu_order":0,"comment_status":"closed","ping_status":"closed","template":"","meta":{"_exactmetrics_skip_tracking":false,"_exactmetrics_sitenote_active":false,"_exactmetrics_sitenote_note":"","_exactmetrics_sitenote_category":0,"footnotes":""},"categories":[2],"tags":[],"class_list":["post-2973","page","type-page","status-publish","hentry","category-destaques"],"_links":{"self":[{"href":"http:\/\/ppgdin.uff.br\/index.php?rest_route=\/wp\/v2\/pages\/2973","targetHints":{"allow":["GET"]}}],"collection":[{"href":"http:\/\/ppgdin.uff.br\/index.php?rest_route=\/wp\/v2\/pages"}],"about":[{"href":"http:\/\/ppgdin.uff.br\/index.php?rest_route=\/wp\/v2\/types\/page"}],"author":[{"embeddable":true,"href":"http:\/\/ppgdin.uff.br\/index.php?rest_route=\/wp\/v2\/users\/5"}],"replies":[{"embeddable":true,"href":"http:\/\/ppgdin.uff.br\/index.php?rest_route=%2Fwp%2Fv2%2Fcomments&post=2973"}],"version-history":[{"count":4,"href":"http:\/\/ppgdin.uff.br\/index.php?rest_route=\/wp\/v2\/pages\/2973\/revisions"}],"predecessor-version":[{"id":3384,"href":"http:\/\/ppgdin.uff.br\/index.php?rest_route=\/wp\/v2\/pages\/2973\/revisions\/3384"}],"wp:attachment":[{"href":"http:\/\/ppgdin.uff.br\/index.php?rest_route=%2Fwp%2Fv2%2Fmedia&parent=2973"}],"wp:term":[{"taxonomy":"category","embeddable":true,"href":"http:\/\/ppgdin.uff.br\/index.php?rest_route=%2Fwp%2Fv2%2Fcategories&post=2973"},{"taxonomy":"post_tag","embeddable":true,"href":"http:\/\/ppgdin.uff.br\/index.php?rest_route=%2Fwp%2Fv2%2Ftags&post=2973"}],"curies":[{"name":"wp","href":"https:\/\/api.w.org\/{rel}","templated":true}]}}