{"id":2907,"date":"2022-01-21T12:29:29","date_gmt":"2022-01-21T12:29:29","guid":{"rendered":"http:\/\/ppgdin.uff.br\/?page_id=2907"},"modified":"2025-08-21T19:54:17","modified_gmt":"2025-08-21T19:54:17","slug":"como-solicitar-diploma-nesse-periodo-de-pandemia-covid-19","status":"publish","type":"page","link":"http:\/\/ppgdin.uff.br\/?page_id=2907","title":{"rendered":"Como solicitar diploma?"},"content":{"rendered":"\n<hr class=\"wp-block-separator has-css-opacity\" \/>\n\n\n\n<p class=\"has-text-align-center has-vivid-red-color has-text-color has-medium-font-size\"><strong>ATEN\u00c7\u00c3O: <em>N\u00c3O <\/em>REALIZAR ABERTURA DE PROCESSO SEM <em>ANTES <\/em>REALIZAR OS PROCEDIMENTOS NECESS\u00c1RIOS PARA EXPEDI\u00c7\u00c3O DO HIST\u00d3RICO ESCOLAR.<\/strong><\/p>\n\n\n\n<hr class=\"wp-block-separator has-css-opacity\" \/>\n\n\n\n<p><\/p>\n\n\n\n<div style=\"height:20px\" aria-hidden=\"true\" class=\"wp-block-spacer\"><\/div>\n\n\n\n<p class=\"has-black-color has-luminous-vivid-amber-background-color has-text-color has-background has-medium-font-size\">O <strong>primeiro passo<\/strong> para a abertura do processo de diploma, ap\u00f3s a Defesa de Tese, \u00e9 o envio de e-mail solicitando a <strong>emiss\u00e3o de hist\u00f3rico escolar <\/strong>para <a href=\"mailto:ppgdin.doutorado@gmail.com\">ppgdin.doutorado@gmail.com<\/a> , contendo os seguintes documentos anexados ao e-mail:<\/p>\n\n\n\n<ul class=\"wp-block-list has-medium-font-size\">\n<li><strong>1.<\/strong> <strong>Ata de Defesa<\/strong> (contendo todas as assinaturas dos membros da banca) <\/li>\n<\/ul>\n\n\n\n<ul class=\"wp-block-list has-medium-font-size\">\n<li><strong>2.<\/strong> <strong>Relat\u00f3rio de atividades<\/strong> semestrais atualizado (contendo todas as atividades desde o ingresso do discente no curso at\u00e9 a defesa)<\/li>\n<\/ul>\n\n\n\n<p><\/p>\n\n\n\n<ul class=\"wp-block-list has-medium-font-size\">\n<li><strong>3.<\/strong> <strong>Vers\u00e3o final da tese<\/strong> (contendo ficha catalogr\u00e1fica) em formato .PDF.<\/li>\n\n\n\n<li><strong>4. <a href=\"http:\/\/ppgdin.uff.br\/wp-content\/uploads\/sites\/5\/2020\/01\/termo-de-encaminhamento.pdf\">Termo de Encaminhamento de Tese<\/a><\/strong>\u00a0preenchido e assinado.<\/li>\n<\/ul>\n\n\n\n<div style=\"height:20px\" aria-hidden=\"true\" class=\"wp-block-spacer\"><\/div>\n\n\n\n<p class=\"has-medium-font-size\">O pr\u00f3ximo passo consiste em aguardar contato da secretaria informando que o hist\u00f3rico escolar est\u00e1 pronto, para <strong>agendar<\/strong>\u00a0o\u00a0<strong>dia <\/strong>e o<strong>  hor\u00e1rio\u00a0<\/strong>(com a Secretaria do PPGDIN, via e-mail <a href=\"mailto:ppgdin.doutorado@gmail.com\">ppgdin.doutorado@gmail.com<\/a>) para a entrega.<\/p>\n\n\n\n<div style=\"height:20px\" aria-hidden=\"true\" class=\"wp-block-spacer\"><\/div>\n\n\n\n<p><\/p>\n\n\n\n<hr class=\"wp-block-separator has-css-opacity\" \/>\n\n\n\n<p class=\"has-medium-font-size\">Ent\u00e3o, de posse do<strong> Hist\u00f3rico Escolar<\/strong>, o(a) solicitante dever\u00e1 seguir as instru\u00e7\u00f5es para a efetiva <strong>abertura do processo de solicita\u00e7\u00e3o diploma<\/strong>.<\/p>\n\n\n\n<hr class=\"wp-block-separator has-css-opacity\" \/>\n\n\n\n<p class=\"has-medium-font-size\"><strong>Acessar :<\/strong><\/p>\n\n\n\n<p class=\"has-medium-font-size\"><a href=\"https:\/\/app.uff.br\/sispos\/acessoaluno\">https:\/\/app.uff.br\/sispos\/acessoaluno<\/a><\/p>\n\n\n\n<p class=\"has-medium-font-size\">Para conhecimento, o material de apoio do processo, incluindo a base de conhecimento com todas as etapas da tramita\u00e7\u00e3o, est\u00e1 dispon\u00edvel em: <\/p>\n\n\n\n<p class=\"has-medium-font-size\"><a href=\"https:\/\/citsmart.uff.br\/citsmart\/pages\/knowledgeBasePortal\/knowledgeBasePortal.load#\/knowledge\/3839\">https:\/\/citsmart.uff.br\/citsmart\/pages\/knowledgeBasePortal\/knowledgeBasePortal.load#\/knowledge\/3839<\/a><\/p>\n\n\n\n<p class=\"has-normal-font-size\"><br><\/p>\n\n\n\n<hr class=\"wp-block-separator has-css-opacity\" \/>\n\n\n\n<div style=\"height:20px\" aria-hidden=\"true\" class=\"wp-block-spacer\"><\/div>\n\n\n\n<p class=\"has-medium-font-size\">O acompanhamento do processo de solicita\u00e7\u00e3o de diplomas pode ser feito na p\u00e1gina: <strong><a href=\"https:\/\/app.uff.br\/transparencia\/consulta_processo\" target=\"_blank\" rel=\"noreferrer noopener\">https:\/\/app.uff.br\/transparencia\/consulta_processo<\/a><\/strong><\/p>\n\n\n\n<hr class=\"wp-block-separator has-css-opacity\" \/>\n\n\n\n<p><\/p>\n\n\n\n<p class=\"has-vivid-red-color has-very-light-gray-background-color has-text-color has-background\" style=\"font-size:22px\"><strong>ATEN\u00c7\u00c3O:<\/strong> A\u00a0partir de 15\/08\/2025, as solicita\u00e7\u00f5es de Expedi\u00e7\u00e3o de 1\u00aa via de Diploma de PG Stricto Sensu (Mestrado e Doutorado) devem ser realizadas pelo pr\u00f3prio interessado (aluno concluinte) por meio do SisP\u00f3s.<\/p>\n","protected":false},"excerpt":{"rendered":"<p>ATEN\u00c7\u00c3O: N\u00c3O REALIZAR ABERTURA DE PROCESSO SEM ANTES REALIZAR OS PROCEDIMENTOS NECESS\u00c1RIOS PARA EXPEDI\u00c7\u00c3O DO HIST\u00d3RICO ESCOLAR. O primeiro passo para a abertura do processo de diploma, ap\u00f3s a Defesa de Tese, \u00e9 o envio de e-mail solicitando a emiss\u00e3o de hist\u00f3rico escolar para ppgdin.doutorado@gmail.com , contendo os seguintes documentos anexados ao e-mail: O pr\u00f3ximo [&hellip;]<\/p>\n","protected":false},"author":5,"featured_media":0,"parent":0,"menu_order":0,"comment_status":"closed","ping_status":"closed","template":"","meta":{"_exactmetrics_skip_tracking":false,"_exactmetrics_sitenote_active":false,"_exactmetrics_sitenote_note":"","_exactmetrics_sitenote_category":0,"footnotes":""},"categories":[],"tags":[],"class_list":["post-2907","page","type-page","status-publish","hentry"],"_links":{"self":[{"href":"http:\/\/ppgdin.uff.br\/index.php?rest_route=\/wp\/v2\/pages\/2907","targetHints":{"allow":["GET"]}}],"collection":[{"href":"http:\/\/ppgdin.uff.br\/index.php?rest_route=\/wp\/v2\/pages"}],"about":[{"href":"http:\/\/ppgdin.uff.br\/index.php?rest_route=\/wp\/v2\/types\/page"}],"author":[{"embeddable":true,"href":"http:\/\/ppgdin.uff.br\/index.php?rest_route=\/wp\/v2\/users\/5"}],"replies":[{"embeddable":true,"href":"http:\/\/ppgdin.uff.br\/index.php?rest_route=%2Fwp%2Fv2%2Fcomments&post=2907"}],"version-history":[{"count":23,"href":"http:\/\/ppgdin.uff.br\/index.php?rest_route=\/wp\/v2\/pages\/2907\/revisions"}],"predecessor-version":[{"id":4648,"href":"http:\/\/ppgdin.uff.br\/index.php?rest_route=\/wp\/v2\/pages\/2907\/revisions\/4648"}],"wp:attachment":[{"href":"http:\/\/ppgdin.uff.br\/index.php?rest_route=%2Fwp%2Fv2%2Fmedia&parent=2907"}],"wp:term":[{"taxonomy":"category","embeddable":true,"href":"http:\/\/ppgdin.uff.br\/index.php?rest_route=%2Fwp%2Fv2%2Fcategories&post=2907"},{"taxonomy":"post_tag","embeddable":true,"href":"http:\/\/ppgdin.uff.br\/index.php?rest_route=%2Fwp%2Fv2%2Ftags&post=2907"}],"curies":[{"name":"wp","href":"https:\/\/api.w.org\/{rel}","templated":true}]}}