{"id":2898,"date":"2022-01-20T22:46:19","date_gmt":"2022-01-20T22:46:19","guid":{"rendered":"http:\/\/ppgdin.uff.br\/?page_id=2898"},"modified":"2023-08-16T02:18:49","modified_gmt":"2023-08-16T02:18:49","slug":"como-ativar-o-e-mail-uff","status":"publish","type":"page","link":"http:\/\/ppgdin.uff.br\/?page_id=2898","title":{"rendered":"Como ativar o e-mail UFF ?"},"content":{"rendered":"\n<hr class=\"wp-block-separator\" \/>\n\n\n\n<p class=\"has-medium-font-size\">O <strong>UFFMail<\/strong> <em>\u00e9 a plataforma de e-mail criada pela nossa Universidade em parceria com o Google<\/em>. Ela n\u00e3o s\u00f3 te ajuda a se identificar como aluno ou ex-aluno da UFF, como te ajuda a receber os nossos e-mails institucionais.<\/p>\n\n\n\n<p class=\"has-medium-font-size\">No entanto, para ativar o seu <strong>UFFMail<\/strong>, voc\u00ea precisar\u00e1, primeiramente, cadastrar o seu <em>idUFF<\/em>.<\/p>\n\n\n\n<p class=\"has-medium-font-size\">Se voc\u00ea j\u00e1 cadastrou o <em>idUFF<\/em>, ent\u00e3o, basta acessar o link: <a href=\"https:\/\/app.uff.br\/iduff\/\">https:\/\/app.uff.br\/iduff\/<\/a> e fazer o seu login, digitando seu CPF e senha e, clicando no bot\u00e3o \u201c<em>Entrar<\/em>\u201d.<\/p>\n\n\n\n<p class=\"has-medium-font-size\">Na tela seguinte, clique no link \u2018<em><strong>criar UFFMail<\/strong><\/em>\u2019, que fica na parte central da tela.<\/p>\n\n\n\n<p class=\"has-medium-font-size\">Voc\u00ea dever\u00e1, ent\u00e3o, aceitar os termos de uso e escolher um nome de usu\u00e1rio, dentre os oferecidos pelo Gmail (ap\u00f3s a cria\u00e7\u00e3o do e-mail, esta informa\u00e7\u00e3o n\u00e3o poder\u00e1 ser alterada) e clique no \u00edcone do final da tela para confirmar.<\/p>\n\n\n\n<p class=\"has-medium-font-size\">O acesso \u00e9 feito pela p\u00e1gina do Gmail. Basta inserir o endere\u00e7o criado, incluindo o \u201c@<a href=\"http:\/\/id.uff.br\/\">id.uff.br<\/a>\u201d. A senha para login ser\u00e1 a mesma utilizada no Portal <em>idUFF<\/em>.<br><\/p>\n\n\n\n<hr class=\"wp-block-separator\" \/>\n\n\n\n<p class=\"has-medium-font-size\"><strong>Para qualquer esclarecimento, entre em contato com o suporte por meio do e-mail&nbsp;<a href=\"https:\/\/mail.google.com\/mail\/u\/0\/#search_in_3Asent_iduff_FMfcgzGllCnkwhcjTFDHcttNDVjzQCQfmailto_atendimento_id_uff_br\">atendimento@id.uff.br<\/a>,&nbsp;pois n\u00f3s, da secretaria do PPGDIN, n\u00e3o temos acesso ao sistema de tecnologia geral da UFF<\/strong>.<\/p>\n\n\n\n<p class=\"has-medium-font-size\">Se voc\u00ea nunca acessou o seu <em>idUFF<\/em> e\/ou n\u00e3o sabe a senha,&nbsp;entre em contato com o suporte por meio do e-mail&nbsp;<a href=\"https:\/\/mail.google.com\/mail\/u\/0\/#search_in_3Asent_iduff_FMfcgzGllCnkwhcjTFDHcttNDVjzQCQfmailto_atendimento_id_uff_br\">atendimento@id.uff.br<\/a><strong>&nbsp;&nbsp;<\/strong>informando seu CPF e RG (que fora fornecido quando da sua inser\u00e7\u00e3o no sistema pela primeira vez), solicitando um novo acesso.<\/p>\n\n\n\n<hr class=\"wp-block-separator\" \/>\n\n\n\n<p class=\"has-medium-font-size\">Para maiores informa\u00e7\u00f5es acesse, tamb\u00e9m, o link: &nbsp;<a href=\"https:\/\/youtu.be\/8ucIjpbG1KE\">https:\/\/youtu.be\/8ucIjpbG1KE<\/a> &nbsp;<strong>(tutorial para&nbsp;ativa\u00e7\u00e3o do <em>UFFMail<\/em><\/strong>)<br><\/p>\n\n\n\n<hr class=\"wp-block-separator\" \/>\n\n\n\n<p class=\"has-text-align-center has-luminous-vivid-amber-background-color has-background has-medium-font-size\"><strong>Ap\u00f3s cria\u00e7\u00e3o do <em>UFFMail<\/em>, o(a) discente deve envi\u00e1-lo \u00e0 secretaria do PPGDIN.<\/strong><\/p>\n","protected":false},"excerpt":{"rendered":"<p>O UFFMail \u00e9 a plataforma de e-mail criada pela nossa Universidade em parceria com o Google. Ela n\u00e3o s\u00f3 te ajuda a se identificar como aluno ou ex-aluno da UFF, como te ajuda a receber os nossos e-mails institucionais. No entanto, para ativar o seu UFFMail, voc\u00ea precisar\u00e1, primeiramente, cadastrar o seu idUFF. Se voc\u00ea [&hellip;]<\/p>\n","protected":false},"author":5,"featured_media":0,"parent":0,"menu_order":0,"comment_status":"closed","ping_status":"closed","template":"","meta":{"_exactmetrics_skip_tracking":false,"_exactmetrics_sitenote_active":false,"_exactmetrics_sitenote_note":"","_exactmetrics_sitenote_category":0,"footnotes":""},"categories":[],"tags":[],"class_list":["post-2898","page","type-page","status-publish","hentry"],"_links":{"self":[{"href":"http:\/\/ppgdin.uff.br\/index.php?rest_route=\/wp\/v2\/pages\/2898","targetHints":{"allow":["GET"]}}],"collection":[{"href":"http:\/\/ppgdin.uff.br\/index.php?rest_route=\/wp\/v2\/pages"}],"about":[{"href":"http:\/\/ppgdin.uff.br\/index.php?rest_route=\/wp\/v2\/types\/page"}],"author":[{"embeddable":true,"href":"http:\/\/ppgdin.uff.br\/index.php?rest_route=\/wp\/v2\/users\/5"}],"replies":[{"embeddable":true,"href":"http:\/\/ppgdin.uff.br\/index.php?rest_route=%2Fwp%2Fv2%2Fcomments&post=2898"}],"version-history":[{"count":9,"href":"http:\/\/ppgdin.uff.br\/index.php?rest_route=\/wp\/v2\/pages\/2898\/revisions"}],"predecessor-version":[{"id":4005,"href":"http:\/\/ppgdin.uff.br\/index.php?rest_route=\/wp\/v2\/pages\/2898\/revisions\/4005"}],"wp:attachment":[{"href":"http:\/\/ppgdin.uff.br\/index.php?rest_route=%2Fwp%2Fv2%2Fmedia&parent=2898"}],"wp:term":[{"taxonomy":"category","embeddable":true,"href":"http:\/\/ppgdin.uff.br\/index.php?rest_route=%2Fwp%2Fv2%2Fcategories&post=2898"},{"taxonomy":"post_tag","embeddable":true,"href":"http:\/\/ppgdin.uff.br\/index.php?rest_route=%2Fwp%2Fv2%2Ftags&post=2898"}],"curies":[{"name":"wp","href":"https:\/\/api.w.org\/{rel}","templated":true}]}}