{"id":2797,"date":"2021-12-11T19:42:16","date_gmt":"2021-12-11T19:42:16","guid":{"rendered":"http:\/\/ppgdin.uff.br\/?page_id=2797"},"modified":"2025-04-03T16:49:54","modified_gmt":"2025-04-03T16:49:54","slug":"contato-2","status":"publish","type":"page","link":"http:\/\/ppgdin.uff.br\/?page_id=2797","title":{"rendered":"Contatos"},"content":{"rendered":"\n<hr class=\"wp-block-separator\" \/>\n\n\n\n<ul class=\"has-medium-font-size wp-block-list\"><li>Atendimento (<strong>todas as demandas<\/strong>) por e-mail (<a href=\"mailto:ppgdin.doutorado@gmail.com\">ppgdin.doutorado@gmail.com<\/a>): segunda \u00e0 sexta das 9h \u00e0s 18h<\/li><\/ul>\n\n\n\n<div style=\"height:12px\" aria-hidden=\"true\" class=\"wp-block-spacer\"><\/div>\n\n\n\n<ul class=\"has-medium-font-size wp-block-list\"><li>Atendimento presencial (<strong>apenas<\/strong> entrega e retirada de documentos): quintas-feiras das 13h \u00e0s 17h.<\/li><\/ul>\n\n\n\n<hr class=\"wp-block-separator\" \/>\n\n\n\n<h4 class=\"has-medium-font-size wp-block-heading\"><\/h4>\n\n\n\n<h4 class=\"has-black-color has-text-color has-medium-font-size wp-block-heading\"><strong>Produ\u00e7\u00e3o Acad\u00eamica:   <code>ppgdin.sucupira@gmail.com<\/code><\/strong><\/h4>\n\n\n\n<p class=\"has-medium-font-size\"><\/p>\n\n\n\n<hr class=\"wp-block-separator\" \/>\n\n\n\n<p class=\"has-medium-font-size\">End.:&nbsp; Rua Presidente Pedreira, n\u00ba 62, Ing\u00e1 &#8211; Niter\u00f3i &#8211; RJ.&nbsp;<\/p>\n","protected":false},"excerpt":{"rendered":"<p>Atendimento (todas as demandas) por e-mail (ppgdin.doutorado@gmail.com): segunda \u00e0 sexta das 9h \u00e0s 18h Atendimento presencial (apenas entrega e retirada de documentos): quintas-feiras das 13h \u00e0s 17h. Produ\u00e7\u00e3o Acad\u00eamica: ppgdin.sucupira@gmail.com End.:&nbsp; Rua Presidente Pedreira, n\u00ba 62, Ing\u00e1 &#8211; Niter\u00f3i &#8211; RJ.&nbsp;<\/p>\n","protected":false},"author":5,"featured_media":0,"parent":0,"menu_order":0,"comment_status":"closed","ping_status":"closed","template":"","meta":{"_exactmetrics_skip_tracking":false,"_exactmetrics_sitenote_active":false,"_exactmetrics_sitenote_note":"","_exactmetrics_sitenote_category":0,"footnotes":""},"categories":[],"tags":[],"class_list":["post-2797","page","type-page","status-publish","hentry"],"_links":{"self":[{"href":"http:\/\/ppgdin.uff.br\/index.php?rest_route=\/wp\/v2\/pages\/2797","targetHints":{"allow":["GET"]}}],"collection":[{"href":"http:\/\/ppgdin.uff.br\/index.php?rest_route=\/wp\/v2\/pages"}],"about":[{"href":"http:\/\/ppgdin.uff.br\/index.php?rest_route=\/wp\/v2\/types\/page"}],"author":[{"embeddable":true,"href":"http:\/\/ppgdin.uff.br\/index.php?rest_route=\/wp\/v2\/users\/5"}],"replies":[{"embeddable":true,"href":"http:\/\/ppgdin.uff.br\/index.php?rest_route=%2Fwp%2Fv2%2Fcomments&post=2797"}],"version-history":[{"count":7,"href":"http:\/\/ppgdin.uff.br\/index.php?rest_route=\/wp\/v2\/pages\/2797\/revisions"}],"predecessor-version":[{"id":4581,"href":"http:\/\/ppgdin.uff.br\/index.php?rest_route=\/wp\/v2\/pages\/2797\/revisions\/4581"}],"wp:attachment":[{"href":"http:\/\/ppgdin.uff.br\/index.php?rest_route=%2Fwp%2Fv2%2Fmedia&parent=2797"}],"wp:term":[{"taxonomy":"category","embeddable":true,"href":"http:\/\/ppgdin.uff.br\/index.php?rest_route=%2Fwp%2Fv2%2Fcategories&post=2797"},{"taxonomy":"post_tag","embeddable":true,"href":"http:\/\/ppgdin.uff.br\/index.php?rest_route=%2Fwp%2Fv2%2Ftags&post=2797"}],"curies":[{"name":"wp","href":"https:\/\/api.w.org\/{rel}","templated":true}]}}