{"id":2730,"date":"2021-11-05T18:05:59","date_gmt":"2021-11-05T18:05:59","guid":{"rendered":"http:\/\/ppgdin.uff.br\/?page_id=2730"},"modified":"2021-11-17T17:32:20","modified_gmt":"2021-11-17T17:32:20","slug":"ano-2017","status":"publish","type":"page","link":"http:\/\/ppgdin.uff.br\/?page_id=2730","title":{"rendered":"ANO 2017"},"content":{"rendered":"\n<hr class=\"wp-block-separator\" \/>\n\n\n\n<p style=\"font-size:30px\" class=\"has-text-color has-vivid-red-color\"><strong>Turma 2017.1<\/strong><\/p>\n\n\n\n<p class=\"has-medium-font-size\"><a href=\"http:\/\/buscatextual.cnpq.br\/buscatextual\/visualizacv.do?id=K4904848A3&amp;tokenCaptchar=03AGdBq24xnh_wIsuecZfnmvcSidLPwNRSDXCNo8WJKZ6WvSVqM8bsGJap62UZn5yzFiOUwUyVPHrpCwyBqTXiEwIhOVM5g8i7RYM5XGTU7XnpEsTBVrVYLnnypd7WUXB7CoEMkRf10zML7pONjGwPJrfJ4uinhEdzoGPPVNWv-2l4G-T2jjfXG3GmkqZGGBaDXrr08dnP_ZMgo5KQ1byVqK9gTqZNUr8qgGWyf2-h6fVOFQZzUW0ntyRd9bE5f4GYKLoatjYJg1ettCqM6S_rbA7H9S2lnS5Dm2dfaJVDBdtRzynM2LqW5Y5t9P_c5ztRcNqNBrUvmqThG1WVt8NEksRNf1GJ5vZwUEETMIWMs206-iJdhthW1BrlbTBPSamij9zzNon8BJE8nBaF8irM4XMJjeHpnQ9uY8ZIyZaGCGMwJhzXFAQJ_XBlDsPG4jkGl0iklQs4RSUmZzgKbZJVosiG5q9N4c7hOw\">Andrea Catalina Ie\u00f3n Amaya<\/a><\/p>\n\n\n\n<p class=\"has-medium-font-size\"> <a href=\"http:\/\/buscatextual.cnpq.br\/buscatextual\/visualizacv.do?id=K4465483U2&amp;tokenCaptchar=03AOLTBLT91SpkskMC4jhKJ7vZy0hdEpL2VO1BijWW_1hfnCzjTsFH1BYT3usXRsJXJeE54zT8oXyEmyvzTAm94tGNAwLSa9KFQfaxI6D3ZpTbeu3UAYjWxZrCJUw6kkuNbuoULURAFf41cM5ttWvEYekaVWJV4c103bGVzwtSoN3WLJ1VFXDLiHo7Lx1I8tPSKtp7qfSi3r9lraZCnQVAJ-vV3pzPP3wVzApDvjz6eMIw0R25BkNLjzw__ctA5EbMlQItX5zhzNIMlvJXa6xymp4A-ZJya3c66W7KNNIBwOkTZPjTlP-tVXpyak6Hndbyhu1nGQy7bRMU6VeNKv2KlqT_MEef0spCqFLmCV-PK5bfUUGo7AqsSM_R6u8hh3gNqepstwslHBjS_uRFbeMLzf8sGhvngTc2rPBZNbG5Tekb2UEHH3j6hkaMQnmuczOk3NhWz_MLn-A_P5F0nohK0jNU-6oaw7QuTtJoQC1GXrSRz24SLhIuPrzNZZlWlVBQLRLVMrnHmOcP\">Isabela Pessanha Chagas<\/a><\/p>\n\n\n\n<p class=\"has-medium-font-size\"><a href=\"http:\/\/buscatextual.cnpq.br\/buscatextual\/visualizacv.do?id=K4717551P1&amp;tokenCaptchar=03AOLTBLQQSQ2Gc18t1xiHHnr3zUhBWrXO_c1feCQktZvoSg_z8BCxS-A02wkwIp3xhBfFoAd5BiqsR-qIWmyi_pia2x_BPGjmN1GEJR9skPhqkWPuUJpc7XuWT4ER3VCUbPBiDmYsXNRsdCLIAgaqK2DWU3vlSyk72PpFFKsD8h5sDND1qHu5G26z67MH1UgLyKEveh0mWdN5Kl0TlEs--FsADepJHcqReKRmGqpqJyuJN6wnEqE2Ow3QxsgYzK3-X3taiuJGtSzDDqnEB8z5zorny8_u5wmZgVcPf9umW8is8nMTmV5wSEsri6LHBAJMYEP1TfCBm9vIxJ8TrqQ4t7dpl9XeMiR7DVVy6GLZuOYO-TdTUbxjfIcW1j3oDyT794diFqvLYeMs4xN21HQRDilCnoUIJFf5P2d-T29ufTL2hOrYec2_rxRrk5WJ3SBd0_Vo6QmejBCdJoQf6x2dhJW-TnRSFeSv2zEHQQwISJ0IC0vOg6fQeo2lb33wztCwrEAN-vp9kkFJ\">Laura Magalh\u00e3es de Andrade<\/a><\/p>\n\n\n\n<p class=\"has-medium-font-size\"><a href=\"http:\/\/buscatextual.cnpq.br\/buscatextual\/visualizacv.do?id=K4267520T3&amp;tokenCaptchar=03AOLTBLSEFws1W8loOkDOIZpr36K2OkSdn7fXR3V8Jw6oMWC-7taqnRmA1Dl_Oi6ea1UGY5xR3wqxBtltD716-LKglPHsIiGykdzH89TzTZspSPXqh4MVBdSwG1TBh907LRf1KWQj-Al7sj-uVtc8PTc8qMh8MwvE2Zv5Fbrm2JL7bsnNi1HxwxXSDSaf08WqJQbfYaMDy3CFeNZuXeJ-nxkZYMc_v839B2KZfkZOhC8pPsFbtXQ_6g5yax2Y8_ThTCgAffwsRCIit_ljdlx_8ya7lofYEorquqxVrnL7nYouK0FjWDyuLNiqMZ4Any71JuiOtOpwFwbTMaghJdaenX5G80R0lUNu-5CQ8CEI0o5XipaEgH4v__yVnm1Vw5s_dJTg5mw9z2FKSq7SF5LsoTiS0tegIzeK_fACSWxJ2ue5lqg-x2uqfO9wMxBkBofAMul-pBXqSKrsh3pgsEYHdrl1JAzRWdgToWxozOsIIKKr77dMKjvnLLVkXJsoxIawCKGT1dLaPrW5\">Leonardo Vizeu Figueiredo<\/a><\/p>\n\n\n\n<p class=\"has-medium-font-size\"><a href=\"http:\/\/buscatextual.cnpq.br\/buscatextual\/visualizacv.do?id=K4768092D1&amp;tokenCaptchar=03AOLTBLT8PMXkON3ipC62iDBk3c_rg1Mh9Moy51uREbaz03tbq8Eix8ZKUGxpKZCXoEspHASaxxLiZ1NO3u78wRbpMnpYqgoU72Ovv3GqhZQ4BvWR6s9VjK8H6ualFnY-GxI0iFSyAaYTcIoASYTDmiclJRUTILsPnLuuCMWb37k7y_Yoj6VQz9jrQfmF6DgsKv-Ie9LYDv3q3SAQv_EwjOQki1I540xmUKlEkEp57S_oviexcQdNQSA74TwUjSDHcl2pGfZdJcKykjVonOukV8_u9OBwxiFoLmhnU_XV-xDg8B5qZfGgxsNGY-2faDRLyOvBl46ySj7ObDvlQ62M6h14j6VYebcJwuEc3P0VJ9aoWGawjF25B-q7GId79CRSgZ_7N-WDJevtTHJZ9iDZ_JhxlSzOP-DkguMDfxu3MLt7nPFBzOaDFykEMyloyeaKwG1QCCBkfBoqiPVFn7JfAJLTPSZs10nNPqYEFRE4i3kZuUdBtTmr7ALswJpvL-jjP8g_ZOFyyqjc\">M\u00f4nica Gon\u00e7alves Aderne Freitas<\/a><\/p>\n\n\n\n<p class=\"has-medium-font-size\"><a href=\"http:\/\/buscatextual.cnpq.br\/buscatextual\/visualizacv.do?id=K4446762A6&amp;tokenCaptchar=03AOLTBLTAq3iMeKTOL2JzHt2ilRshNFABszyWPOjLp6TuDKQ-uweCbBfG0GoB6DdsQP3Js5-NGESxgwqQMSOwPWZ9zlqc8-Mwz0x803jgkmQftX0YtwL0IL5BhXbiZJq7ZKND5saMdbBrgYOVLbjxNLz5LOuCN17wAGviHHDqFRw9QF4x1vdDWWO7xQlw06dMn0PYW5ki5ZRIyW99FjcDIv8hSBZNEncfe7qXmOls_HzPPvvOn21WNPXUiGBUIg92PO-6x4a0ul8zgXzaAEiLtNnPcmCZbQSiSYUEKpf0XF4LSVNm_jEM3H-21p6um1zJmo6bnuKj4azXJ74yKL8oMnaU7brobPLzS-XX-R-nHqhZl_zedAO_QXMmGZ9DC4397AF1CW9-38lHggP_ukDfx0xnC09t4rc67U8fJbPT_nvYG67CEmtnHg7d7eaUImqq4huC3ZVEeemWLux9X-BDytz4grPuCaVaObGgH2kN_xK0cenraAY6jzvNkrjQQSDJxCRdgHo38UWq\">Paulo Roberto Binicheski<\/a><\/p>\n\n\n\n<p class=\"has-medium-font-size\"><a href=\"http:\/\/buscatextual.cnpq.br\/buscatextual\/visualizacv.do?id=K4267869P3&amp;tokenCaptchar=03AOLTBLRMfij2nt4C68dudBiR1zEiSEoMuuJUPJRUveuY-_hwcHw46gjlVZLNrmeaPqp7EBPiOkqopCRZBWRwBiK2uQTuIQLojqgzQB1WadJamvLqidOVYLlVsEG0IhrMoHjUGPq23VEeoE9DaJH5-8j62-FOEZtq6fbqVOcnHfC2GQWQmaTALwhNPsvzvxyDliKn5HlT6yTtIkUuDkwNgGX3F8wyjT5vjqYkXmcbeTm0_IG_Cm7RB69K5UdrJRtjz7x5vc4qAm0FBUPTLfQq9zWRVDxMUKiMq_YQhJ-CkE5t86OPYq9zIfIznYHYPzbf67uULPgqV-O1oV4Mh-nNEQ8gt__ZtIeHHKUDErmI-Y2A_ZmlMdj5bKncd15oCHMgMnrNNRCMbCs52oxs25coCvpRGNHzCb68jUaXMJ6dvFbORSlVBPb_rRk3A1KNpBROHEAPIqz1PupfubkskTrkseNeTYSCXY8sNCinGI1XSgWuz01GQ5NZl2Yn159g8shXUs64QdBB4uLW\">Renata Vieira Meda<\/a><\/p>\n\n\n\n<p class=\"has-medium-font-size\"><a href=\"http:\/\/buscatextual.cnpq.br\/buscatextual\/visualizacv.do?id=K4750412A0&amp;tokenCaptchar=03AOLTBLRluynyOWFcKIXP0d4xQrpkWCfQsXMd-mfael80JF_sM34YNdpzGPWkLriAQXxd3WY6Kn2LTQMoR8qt9bx6dNqPLdzPlZsBNv4zRt7ahR8jVIX8TbSwhgVjGQfGyHj8T8qBkjxZfFBHFu8p2ZN2wEjjI58FSRNzoLUYGLVAKa885moiqWFaIWWBFvEwCOEBqqCy80GOtckGaL6sujSvGbMn-0QT5HHAhqViUDW3NUB-n7Bkq3rzoh3da9Tn1QlF_4p__wL8mYZHGWrDkXNUgcKMUlpWWBRyF7mtUnTo8jq_4eb-Za0prMbWJB4pSojzofI-Sc2hDfU4TdI9fFygMBAWqHE75aE0MQkVYQmD-44vIOSEbPBYa56xD1nh0Ot67rV3-ighOwhkl_NJfO2OwoMS88tjkjub2POQf_y3DUegle0RoYWGu4wjrRQIyWnHRr52jLNJ3cdZRDmyJ-sps7pMxR86Iwb7qZaZ-reVRt26Aqo0mIsY7j-TIvZlBTqjvV7zkcSS\">Rodrigo da Fonseca Chauvet<\/a><\/p>\n\n\n\n<p class=\"has-medium-font-size\"><a href=\"http:\/\/buscatextual.cnpq.br\/buscatextual\/visualizacv.do?id=K4161422Y3&amp;tokenCaptchar=03AOLTBLRV0TkT00xOOUdFxfU1yUPJr3ouP8GE1AkrT9KDa657nO2kh7g0Fe-MIbPAK7Z_C9oFkl4lTsvoYG84It5x2TYOg8pR-vdmB0j4Z5MOG2yWPkFMxROqxFN9B7K3bsrMt335MZXBFe-517rAOioU0RWleDlbdOVZIy8mFbEG5ceRd8hvPVHeKRmsjox9WBArTkKN4P1ImVhKDQyq8KxgEHFzawWU0Tey4AqM3pN2xewP74e8ORZkO999MykisLoQCfsW1LqdD9Ah5F6Xfn-qCTl7b4GLy2Wi84ycJvNZnGOXtrCLxRy_Rx9vO7J2-HWer3EE57tCTZnJ4adaHEtpx85KXeAfi6fqxy7Wzqy6ON1IQRrBB0eaIRh6iqIPLWQ_z9S5nguAAopIp-r0jcUZPig2G2epZPf0BmR302_09mfA_WtncAMg312cRPy_Ptvy-8mAs7VWGuSIWrOEjMZq4wYBFjOBT6JqT3HZoWNTtOztyxcvU7edzdFNOGRdFfnsvkVQoyfJ\">Rosely Dias da Silva<\/a><\/p>\n\n\n\n<p class=\"has-medium-font-size\"><a href=\"http:\/\/buscatextual.cnpq.br\/buscatextual\/visualizacv.do?id=K4601496D1&amp;tokenCaptchar=03AOLTBLQUkW77IZhFYEynrcx_KFX3JQSws9rnzHG_wdoUWPJb-tlfM1jaa_627wRCz839y0YuD9Re0Cv4FO5KWX-JE46gtCvAdqEvDdCgq5mc82fRI-sIkcsgrhHJ1fJRCufEpj2F2u5GRNLnnxoXLrUqnqrOce2Pt0WL1MHfeJTwzoKZZD7i9oMO1vdZ11NWbtSOzMniHHLn0TIAYupe2qchIM9ZUUIgbt7H-uKUI0L41RqDJ16fO3X_D3L8lWAdo7zR3QdMYJKSEp6aYMO85vQJuPYycTy9hyP_vcacHEt1Sy0r6otkv53e9kSOLGH9C6ozxX34fyAIBbpZvhgcU2_gheYBpTfvCEyx9-fu_T0ebOw8L36DxobVCpzaQPy9FMr11uXTMzKCq7cZyP6KwG1FwABqYkT_XHzjW5KuOxf83b4x5CDg_8MhnZo98MKzNw8ANl2bWh3h7NY6xRe0sMyAnHrAyeXkAxOyoGAXnuOqnIGSSXyBEHtkNbQhouFMJyLTvA1sW0w3\">Wladimir Tadeu Baptista Soares<\/a><\/p>\n\n\n\n<hr class=\"wp-block-separator\" \/>\n\n\n\n<p style=\"font-size:30px\" class=\"has-text-color has-vivid-red-color\"><strong>Turma 2017.2<\/strong><\/p>\n\n\n\n<p class=\"has-medium-font-size\"><a href=\"http:\/\/buscatextual.cnpq.br\/buscatextual\/visualizacv.do?id=K4294289T2&amp;tokenCaptchar=03AOLTBLS68UkkSf5o7oZVCFF_pUV0aqJOVJBoOqFWB8BBeOBd7PXgFwM5HmkWXWS39xizHPKLCCp5M6WVqOenCa3x50w0s1ePgqDg7aEoDXjuDsyiJxBx33TdrBRUABM9pFSzh3C2M8MB4CgIa2KXvCGVF8NmxauUUygeZBx7ZroPt6kvv0SlRrTwy5FATsoRrk6JhEdnc-UOLdsHfTM8nB2JZSh88nHpfG6fhtGq4jRf_b5H6OQQLYdh41075wmOxbQxJXghsmwOB_r1lLigfnm2arlFaYiJjfgw6IN6R1YYfyCbgio1qzM4LmDHXWF1bAd_Yli-e0yx5QCXYxHdPZARHrT06NJnhP2A-2oGLYb0L9lwNkzsFTMUNOAHuj6P_u7cl9EkMJueIBjT-oJLkoo3rIFT3zfq_JUJODGojhJR4fMwehrJFaC32Emkay64RlarVNGfgWG4zuPrsEpbEyxXK69IdqtaQcegxHpbn3i9sPxtC1J530dBXvM8z1x3Mz5W42dpIbXn\">Denis Ribeiro dos Santos<\/a><\/p>\n\n\n\n<p class=\"has-medium-font-size\"><a href=\"http:\/\/buscatextual.cnpq.br\/buscatextual\/visualizacv.do?id=K4482215U4&amp;tokenCaptchar=03AOLTBLR7W9Wnrl6u5EqWRXaA5Wy8BcWqL8YHC0cz4BwOp8cBDMLIW4227mPbbkel_E4TUBVFGh3qQpamwMJpayWu-LIAMx12Xmta57sSIGdRzEQbhLWkZDfyXSkLWEhraX6GnHuXqQojMc_OOGA1kHSM5lLi3hR1V9jRjALC5V78a3nUlOKDbVsP6pJli_1WI9JtZjahDjUWAEzvPNLrNa-m_IgN4SwCFl2_bQMBHO7mxLkT-P7xZ0TBYaFwhTCaD_vTfuFLcBDZst-uUuC9fGUF9uEfQBEymBalYk_bTYae8VpH80q0Upoy9HfnyQWPIsl5ZksWPBRT9YS5nu_SVl887LBl4KOa8c7Zik91fVxjwU-xm2wa4EW4ZaN0BsLXQfft9yprdT8D-yQ1u3TzgPKDQjq1u1GdMuT95OVLGtUgV_swD0dHQcF_HZ-nKhM2rt-up5Qmz-F835VKU-6r-UilUegJWYs_nuTNlwVbcCwxYnVYiSaW1XgJNBeKddy6Gzaz3_RSCh7w\">Evandro Pereira Guimar\u00e3es Ferreira Gomes<\/a><\/p>\n\n\n\n<p class=\"has-medium-font-size\"><a href=\"http:\/\/buscatextual.cnpq.br\/buscatextual\/visualizacv.do?id=K4775098Y8&amp;tokenCaptchar=03AOLTBLQync_VsaXsJx-LPncCyemBPaz3eIDLGogjUSqJhCXi5m6mEU6QRcShGcrRfy78DB1sS7ZdZuVTpgB6RHljeNzWw7L7BY-y5IV-HKQHrMMMw1oZdQFSqC8j5Uwt7_EczkpRK88WhjMSjz2N2DuSs2d4T7sDIHrDmCwibk5HuLCaDZU_DB9cv7kkuwE20neOg2IsNRVEG6vcBreOwTs0vUBxpunm0bLJLPSpc3pThxe_AoYerQofjCqQjc9MCIg6F3XQKmUXCAZadajQ_OmY_n_t-wWR_19-QjddfUe72Ty5X2vSEw56MhFyWtMSqxZF2D35-yv9VH7378t-6UqdbsxjRbuwRpSFCR9IkeY-twg8JtaYWrihBfRbFbBEhDVGCqWp8U6esenA982m--1QXrEJ-nAGdKggceKrHXl3Jkf7c_X1DX6uYnm_BA156X3d8-cE7aMUNwkR2ZACIoTu0ByESCvuMXUuWitLOYVjwJ8IrXyDK1Uorprp9H0rUVCc0b9kqAar\">Jo\u00e3o Franswilliam Barbosa<\/a><\/p>\n\n\n\n<p class=\"has-medium-font-size\"><a href=\"http:\/\/buscatextual.cnpq.br\/buscatextual\/visualizacv.do?id=K4308342Y9&amp;tokenCaptchar=03AOLTBLQtcgPgI8lFBLb4c2-2A4-SnlYD-FQx0ZH8fU7rGSuu7N7Rf3bgEfP0tD08VC5n1e9jznlbaBMZ4xsxm0D6dzCEZVOWyIjUxLLT8DzLAvL8iXBNrnM9JKzlLE1K5laJ0oO4e0whgO3mzp3yAGIQWca8XXxUxQ1DGD-hzjqFsP24fqpxEqnyMWbPBBo2Msf91CR-AexD3pQOVRGtGKfxMex5J7ycTxuVOej33UPiXfwj1HIwR_rmZpIg5BaPTz42rpFSpRy3jr_6pG4GrEWpy4_zDQYnFjJ6C7VrXLMSsXA4NlMVc443VpLJ3F-pHfMSZ1gVgtzOtwlAg_d3rucjw1vnzYuKTf4249gb-IUyIKv4LCgIEI2DdjNHjrUlCqkjzVZmWjV9kVtPyJNwbPj6cmnWxdjKRHcmuUj9UhZ23pMBz6cIXCXrrNvLsKwJeKFBAttEOJz2OCwNTjNlNSn7Vr77oBeQ76MQ7UleU7twzavWs0rQJqIBbtbyEgi8RTST9i_uPi2Z\">Maria Vict\u00f3ria Braz Borja Rodrigues<\/a><\/p>\n\n\n\n<p class=\"has-medium-font-size\"><a href=\"http:\/\/buscatextual.cnpq.br\/buscatextual\/visualizacv.do?id=K8526329Z2&amp;tokenCaptchar=03AOLTBLQpbvZbWDzajMgj8s6U8mkt1qf22JUjLXY4K4ZVBfkTsBiz_Mppt3iwppvDTpmgBjPYXLITTNMMJP-EGOD6iyOhFyPFQKuAKHSMMPgKI64yla0Zm7rIzYbmCaP67oWJe7legZHm2TWlvx9uoWqKEvPSfqsVMbPeeY3hrQ_EDVr4bGLalFgxkQaNxmfRQyzbKZfsBuuzSfRoMu0U_Tmg_ZSY1vhZVeuY_CZLYrwQkKMXRUpgxzEqHD2iR3oGWwp-eXlJdKe2zmpyn-PaWrhFYvxtpZDd7zXH0gfcr3SPSNnmQHjD-sS5fkcdWy1ES09SksJZmTjgi-DjRxx8K-o00ZRWZet0UVF0pnyTTW42tJC4sgIcfs9UyXoFzyrnrOgzqbaIQtzVOyQMCKRjIyxASC7MzokyBAOF5EbzR6iBrkJl44huTJPw0Prq6leJpSieCje_xMBxC7INDSv0p35RrcLdfpcY_fT18YNl0oqJj9VKNintyvJ3FIMFZMm6ImqKvbxwgl58\">Nat\u00e1lia Caroline Soares de Oliveira<\/a><\/p>\n\n\n\n<p class=\"has-medium-font-size\"><a href=\"http:\/\/buscatextual.cnpq.br\/buscatextual\/visualizacv.do?id=K4717081U8&amp;tokenCaptchar=03AOLTBLT6eD768zQUefQvskOT9HZkNRk79EgMtIlfPuPau7wABN9_BeqV_WbBzYl-27dQ0jjUIk3EIbdU1Y9JGFDuplaQa4Vuc2ZhlvWTvFYCrSNpXHq6VVv4wROQOUrYsDa2ZCoD0qrG4dljB_JdNTvO7SdFEDEklMYOq9yu6dBR-ceuRAXY4knQv4RQfJr2UaZTbigpC40XFQ1wjdXoem2fTeYkn_DPflgc3Wug3Ln5bkrlgz4b9UFr3QPCFVn--t67j1bGDepqGz61h411sB6xUDe6ljA5uwYkhtYVP435lvFqH9w4sVREupXJSUGqTO5Lg5V_fYUUU12UR064f17fkJK2rVAFCT51c_er81Fgi2DEeCtY_gZHYeHtpu3Zb2Tbznl4UzVl4wOQ2HzUcPO1gTS54daDjpSE8Zu1LgyST1NVxyuS3Ghb8-bs23DxW4TfIA0mCr6sN83sijpGyTNvhRgcS4P4JGJnNUkitz3Y7fGrJK7W6_FN9ETy-mHsU2z-171EVLne\">Paulo Ant\u00f4nio Nevares Alves<\/a><\/p>\n","protected":false},"excerpt":{"rendered":"<p>Turma 2017.1 Andrea Catalina Ie\u00f3n Amaya Isabela Pessanha Chagas Laura Magalh\u00e3es de Andrade Leonardo Vizeu Figueiredo M\u00f4nica Gon\u00e7alves Aderne Freitas Paulo Roberto Binicheski Renata Vieira Meda Rodrigo da Fonseca Chauvet Rosely Dias da Silva Wladimir Tadeu Baptista Soares Turma 2017.2 Denis Ribeiro dos Santos Evandro Pereira Guimar\u00e3es Ferreira Gomes Jo\u00e3o Franswilliam Barbosa Maria Vict\u00f3ria Braz [&hellip;]<\/p>\n","protected":false},"author":5,"featured_media":0,"parent":0,"menu_order":0,"comment_status":"closed","ping_status":"closed","template":"","meta":{"_exactmetrics_skip_tracking":false,"_exactmetrics_sitenote_active":false,"_exactmetrics_sitenote_note":"","_exactmetrics_sitenote_category":0,"footnotes":""},"categories":[],"tags":[],"class_list":["post-2730","page","type-page","status-publish","hentry"],"_links":{"self":[{"href":"http:\/\/ppgdin.uff.br\/index.php?rest_route=\/wp\/v2\/pages\/2730","targetHints":{"allow":["GET"]}}],"collection":[{"href":"http:\/\/ppgdin.uff.br\/index.php?rest_route=\/wp\/v2\/pages"}],"about":[{"href":"http:\/\/ppgdin.uff.br\/index.php?rest_route=\/wp\/v2\/types\/page"}],"author":[{"embeddable":true,"href":"http:\/\/ppgdin.uff.br\/index.php?rest_route=\/wp\/v2\/users\/5"}],"replies":[{"embeddable":true,"href":"http:\/\/ppgdin.uff.br\/index.php?rest_route=%2Fwp%2Fv2%2Fcomments&post=2730"}],"version-history":[{"count":2,"href":"http:\/\/ppgdin.uff.br\/index.php?rest_route=\/wp\/v2\/pages\/2730\/revisions"}],"predecessor-version":[{"id":2763,"href":"http:\/\/ppgdin.uff.br\/index.php?rest_route=\/wp\/v2\/pages\/2730\/revisions\/2763"}],"wp:attachment":[{"href":"http:\/\/ppgdin.uff.br\/index.php?rest_route=%2Fwp%2Fv2%2Fmedia&parent=2730"}],"wp:term":[{"taxonomy":"category","embeddable":true,"href":"http:\/\/ppgdin.uff.br\/index.php?rest_route=%2Fwp%2Fv2%2Fcategories&post=2730"},{"taxonomy":"post_tag","embeddable":true,"href":"http:\/\/ppgdin.uff.br\/index.php?rest_route=%2Fwp%2Fv2%2Ftags&post=2730"}],"curies":[{"name":"wp","href":"https:\/\/api.w.org\/{rel}","templated":true}]}}