{"id":2728,"date":"2021-11-05T18:01:01","date_gmt":"2021-11-05T18:01:01","guid":{"rendered":"http:\/\/ppgdin.uff.br\/?page_id=2728"},"modified":"2021-11-05T18:01:01","modified_gmt":"2021-11-05T18:01:01","slug":"ano-2018","status":"publish","type":"page","link":"http:\/\/ppgdin.uff.br\/?page_id=2728","title":{"rendered":"ANO 2018"},"content":{"rendered":"\n<hr class=\"wp-block-separator\" \/>\n\n\n\n<p style=\"font-size:30px\" class=\"has-text-color has-vivid-red-color\"><strong>Turma 2018.1<\/strong><\/p>\n\n\n\n<p class=\"has-medium-font-size\"><a href=\"http:\/\/buscatextual.cnpq.br\/buscatextual\/visualizacv.do?id=K4706164Y6&amp;tokenCaptchar=03AOLTBLTFjxiqu_pYvGn04kqnDX5412yFsXLTqG7cfD8HJqZlyWIO7nalSc1ds3f0N7uYNypx3BVtBnrA_hqV0gYXD_ZUYaKi2QXvr3je1BnLw0QtFNDihcGdv1a5GMqAzlYenBnTtYnVFhXQAbKfEC-x532_Pt9PUFKOY1ABRirZw36KjPMdFjXnOgOvIG0tnv7kKN5vFGy32ILMQp1NHEyiQ2-JJZ692RHDXZiOXFl0AwpbBv8yXsxDZewzKGnsskEoLVGUwBGONmM2FcQ_ep234d1-TPeg85mvgwjQAyeKxn0Q766jQ1kSjLoy5WeJLV3MdFiR2YtBAd-4pZCR4EQMMzDT2vOCgB5eUC2ZnBddyhv4H0hz3KxNCj2uu4lrV4kaETpJKG_orjyytKFHLEGJq8D_5230ei5_quwW9lB0xcGYYesrIvduyWho_6OeSYaCFlE5KJFSGwpDuGn-6XLmHjPWKD-DrGmQKWVhQR0VpXQkx_76pyybMIPQ-9-hmFhcWPGxUheJ\">Alexander Seixas da Costa<\/a><\/p>\n\n\n\n<p class=\"has-medium-font-size\"><a href=\"http:\/\/buscatextual.cnpq.br\/buscatextual\/visualizacv.do?id=K8613464A9&amp;tokenCaptchar=03AOLTBLQOlxrdJcKl9c-S1nlodhErd76qp039D5uX4X29_pmohbzvgfg06g2tQNIwqrv_MvHGYL97xCzz1fpwdKKeYzd9h-pOV7ociCIC9hLsdhTEvpQ6mHzNB8Z6zEmRqrYNO0iZ9SywOKBlZW5V3ow88r4o0sjXw8AHwGTb9gyP_WJxyFX7NnnYOFo6sEvj1N6ew5MRDeiqVrOX0w4Z_goJlsPIG3QWVkdlK6dM68Q2Ix_PgS9GZnmdMLLjgnAUbbOmq2X2Pz1TdbmqvwXZ8cDboI4xGwyCuzwFEVvIx1i_g5nltB8rv1Z1Yt3qXKGbm0nQc33kzdoZQnnTMOfyLkLECun-4cjL1bZJJU0ZTWvqRKkpLyuoxqRDQEJlZ4XQJLiGO2laUx7PhOEVgvy-yC8tK4zky0YigWrMX3Ua13eCuF0Fg73VrYl0YGCgttwL_eX1Zvb61eZNoKH15_t73S7gfTPtLL0n6DSgpnKajL9ZWar1pICJbnuZlc9ZWDkmx3ICP6BBvoH0\">Andr\u00e9 Luis Fernandes Limeira<\/a><\/p>\n\n\n\n<p class=\"has-medium-font-size\"><a href=\"http:\/\/buscatextual.cnpq.br\/buscatextual\/visualizacv.do?id=K4775863Z1&amp;tokenCaptchar=03AOLTBLSjYuh0lqAKtCeWMc35WAZJ3wtlHIDpD7bcN3LQD6-otIf9p-XN5Pwtl2bE7KQq4vF8Y-F1WIwbhbb2EC9xYB7L1XbyY7V1hbU_AS28bVHevgmRo_OpVV8v9Xz1TGWMF7PAypQK49PmQAtPK_dCHZzvhfaAWCyikQBYEwsI_1zdgGtZwy6N46OR7z6iZfOclENLb02ZP6U-TH9cCHSaxvE7ls2FbDyJy6qBnCeF_NQRXxf_oSYWPsHdxtleoqK-IjNR2xbM04_mc72_NCuWfesRCbv_a4XwFWAcuRp0WOjZrUR8ZOybMOIY5lclMz3CP-5yfhOLJltf3xdJkO8jVm2sKnTGCmuxtKNN9EkchoY7iNhIqsw4bckuAhR61JrSJWLAl7dG8OtD2SxzkdbMs8PL5v4_XZ1Q7zI1OXAtFROAzqM6DWjUDaLGqr6TIlyHctOWQB1NivlpSBiFUSkSYxa2XtDsafIq2PORtA7_QP7e-eDx-KEq_9Cn4ORjhi-E-q7k-HX2\">Carlos Alberto Pereira de Aguiar<\/a><\/p>\n\n\n\n<p class=\"has-medium-font-size\"><a href=\"http:\/\/buscatextual.cnpq.br\/buscatextual\/visualizacv.do?id=K4326431U5&amp;tokenCaptchar=03AGdBq24jjZdLbCoU4dVaCM8d9Uq3RObG3Zh1Ktp5MHz9VG87fESHDhf17XJb_u7KAfG3e8y3ABPM5lilXDIPzmAnMJfGdI82mA8hnyaOKR4Tj-WecYeFS-C_b3bo54LtwWcY-NH4W9HT79AgVQI4bLaR9NmGd2YTMpvcSVe8KFw2U97abzndZWyBVMN-8HPHiwegOv-VwYcFx7bG2iQ1y_ZC47aZ0FWDSyvahRAcE9g423ty71xoGeesGXAmQd30WSyTcnm5ovIgtPmaBFV3B7YExYmQDbHfX2is__CzrcfA4d0TToA8h-im1wOOP29uKojx-JmtvV-fo6e72-KYxjdwbYrLjs9gKRtqo0X-_zBbXzER5q5wX1YhliXFyXh-zKMwr6RlrzZ1mKOedzcGNbmx-Pw6UhuxC_gOOzI3ZLQjHObhhWNesnOnOvbA4jtRTXh93W0wX21mZXBhRCT-9i0f7fHx2WBQbp2PSiUMHPG1my26LA_zlO1iGsTHbpz7DYXI3Esj_FyTsm3yHTac_9B_i2MTczUWIA\">Felipe Stevans Fernandes de Souza<\/a><\/p>\n\n\n\n<p class=\"has-medium-font-size\"><a href=\"http:\/\/buscatextual.cnpq.br\/buscatextual\/visualizacv.do?id=K4983336P6&amp;tokenCaptchar=03AOLTBLRSUYh6zZGY97W8TITpFau-Wp6WCYLup5RlUSY5vLNds8DHh_cA4wmy1-rViEHHF_d1Dx-e1JE9mpQtj6F5RNKkyc5_ndGSVtuHypGr2TMl_LfQ20r1BosRdeKGM92i_Vu4wJEhSewSMsfm3hhYq_R-u7QdqTshCP8HtZFHdHvLbBLj35Ixkd3JML6Zms456Gs2Fnx0DirLaL0JvjsgthxB7SOsW6Dl4IbOIKdPH3EIRPM8hvVGxHjYGjCCNju0bXG2PGJ9GblFKTyedbdNqtXSsQ5w-PgaSM4fmTk5N71M8PJ6g9qyPuP8DaehL-bBDGf7xMyiYclLOp77e8nXwYP9sVHDxGDkvPXslS9vE5k2LuFOH6oO7Zn_-T51mWIZ6g9p57MVQclXMzGQsxaHh3KIPyTWFA5o8vgdQD5NjvJurmKrk28YLHTmCQAaKFXjywd5rJV7qvLhu30gdcP_X9dGkXGjX4infXjdKT3s1kdxf_V_TElRNtHN_F7rPmprMA_Vlxhe\">Fernanda Franklin Seixas Arakaki<\/a><\/p>\n\n\n\n<p class=\"has-medium-font-size\"><a href=\"http:\/\/buscatextual.cnpq.br\/buscatextual\/visualizacv.do?id=K4976443T2&amp;tokenCaptchar=03AOLTBLT37Hhr8BGxpLDMmAF0Oy6IAuSbgH40ZimycmrFsVkV3VAVrh45PfJr89ypbCvOv9zCi-fsBt2zPL7iQmtBRcD6LJL_uRJkpHhi5b5hxgApCHXMnAkK4hSRXflPxkYj5W0OVnXojRwRzNb5j3wzO5NupS9amHUNEGNFV6TzLW-L7h5NspJt0NKwfU0EqQ-hgZyC1qDA79ka36K0RZX68I1BB2gDfbc9q5lXKbThExZDutQrQTAmbJh3-I8IWT2oTzb2Q-2rzbb67ZWKN8uj2H6jc2bEPiio8yj063SNIoxr-pKnlG31R3LSnu0yFPFpu-9a2k2Vonk0RgaOduaUZvCvW8rpYE3cFucrXhojKxUXxbEamqaQ3rBs1dPUQAlIyDnQ-YCT6Mcj6ncuG3BTfAADWP89UIVRcVPHhznnlq9SlZ1McmMXWxu9qoIfokzonJXbphf6NGf6YxduPoNNCRkDuB7DBksRH9-DIoX6nk1Qowm0aiwe1TCsYlcmetGh5kPrDZ1z\">Joyce Abreu de Lira<\/a><\/p>\n\n\n\n<p class=\"has-medium-font-size\"><a href=\"http:\/\/buscatextual.cnpq.br\/buscatextual\/visualizacv.do?id=K8282636A6&amp;tokenCaptchar=03AOLTBLTsA1g2_mv1sRV1k-1byZD53A8oDxGQJLSkls3QPdrcWrlMrjucN_SAivY_fX_tQJOtffkGIPF5vELaKFJZ1mAOc5GLIoLGx6D1Ih3g6n4bL2m75K6ULScAZPJWhLwLNvQ8FAbPQSKDEMTXLI0nIAktg0B3FaSueVbv20BGFrgIAH0ec6BZPOfvaVzcVTp6tyQFlUn9TsjMCQddRFIlSKHZLbO0YchlJIPWZ8ZqubqUwb0TN_wbWYX859cwlNhOBcPUpmf_N6sn7lcT9Z8KyLOqSqBCLJxc7bpZMpx87uWTBOMY5X0Nyriaxpkx3nDFsXJRTBz-wZhrQMIEOFAJ5eDe1i8TBuQBS81j-0dnWv_YUJKfcX15hE6yWx6lEYuZ4owUoPO-77IEKlI9iUq8U8MBNpcY8tEeEtgLx2AKg_XMRJfHrMxDbjAWBYCCKEcVf_A-FZPYqJp-SLOoWjycWOJyWlJ8Xvyt9yUEAM4SEgtHvnUWtfnh3mpBuZ-9z7t05Lft9eKvDkxeAGLly_0GNIli9DPQ-w\">Rosana Maria de Moraes e Silva Antunes<\/a><\/p>\n\n\n\n<p class=\"has-medium-font-size\"><a href=\"http:\/\/buscatextual.cnpq.br\/buscatextual\/visualizacv.do?id=K4377752Z9&amp;tokenCaptchar=03AOLTBLSd2wmy5RCK1zmV_nlm_D9QHEYVbmj2v344_hoW1IpSFBB984CCjqDVZO4Px8BN4XIKAPlMnrugYs7nB2ePAogUC-q6xo5vIGTUGQoGKIn24mrzGa_ihZWsXmihGPd9o71hO-MfwiP_ko6V6o8nc4faezWTnYP-c4X41O6vI_ZxgF2YcHi0J2RBq_qQFd7NiI1tnjZIN9MrGdbkCEWB4AAfJOc4RjmE-8bKLiflyXPd1EIpJIPQivGYOyeor58wIrPxNhxSZU48jI1ad6AIHw6ezI70zv1G5MDW9FUhH6q--Cb6hyJBqIGpMpBJmEx9wnQHtahiI-3yl0UWxkBOEQlODfW1iNg4BXBTsDruOluU6I684S0jMb437lS7xoRyUEGpUJyzqGmJBhT0rC9XHp3Srr7LQM33Au3ZXdU3bt9wJ1c5BODGaSGsmmcXMu5Yc0V6_AEVWgwi3cs9rz4QkZwtAiD6MXL-VXDAZ7AmXhzAYufHBDcPNcRgToLmzqJrBygC4fZy\">Ver\u00f4nica Batista Nascimento<\/a><\/p>\n\n\n\n<hr class=\"wp-block-separator\" \/>\n\n\n\n<p style=\"font-size:30px\" class=\"has-text-color has-vivid-red-color\"><strong>Turma 2018.2<\/strong><\/p>\n\n\n\n<p class=\"has-medium-font-size\"><a href=\"http:\/\/buscatextual.cnpq.br\/buscatextual\/visualizacv.do?id=K4718012U0&amp;tokenCaptchar=03AOLTBLQXQwMWao0elI0LoXaehuRhE2vYxiz7fAdocX369Fwu4N2jum3BiNrnNG8HCDPaKWZFBO9dxz17RtqxmMxOmnMTT-mIkunUGQp0MLVrxxqUBlbg1wElrYnxXOY_A-qlw4qhpLYBq_C0Ytv4m05gZXaYGyGWRKBjeD34PzpKaQVQdmB-SSghyxPooBTY8zaxuO3f7If2UiQ3aQDMDd2bf6NISTcZ5BBWkv9LYd60osIuQYnNr_xj5VtTQ7n_j1-AMudOuCVOuY_LP-0nWTvOoqJNuzOgwNTdP3XYGHH7WMF7KQgo8hJqU-wlhZ6SnTuZ1j6KdlQLzSJQIi4LXaDZEx1c2dDy-rwWx9uTTSuDNW4PRG8V27nburdIL_FM3mhrnxUrMrJiN_uCv6xN4OYSb1OOyULZa987uGBgCH8CdG5k03JG8aFIHAyhLFIof5Z4Q8Y3j0KyF1AoxQcR0DbVmlGyzIzRi0ta39DCimDO504IhPx1OGMz2Jxm_JTLFm2LkWALDRZj\">Alexandre Hees de Negreiros<\/a><\/p>\n\n\n\n<p class=\"has-medium-font-size\"><a href=\"http:\/\/buscatextual.cnpq.br\/buscatextual\/visualizacv.do?id=K4275497P0&amp;tokenCaptchar=03AOLTBLReAiyU6u-UuS_fX-xR0yzDhlcUQYFj-i0Gv1wl6CzKLy2aDizjI7eXosD0ohDQZRmFesQzY032yx_Fi4DkX60N4fpQe35L51uN0aUdd7i_mfJuZS9BpE992G_DjuYtSVyzh3mOF1Jx6n4cVwLVmp2QUfLaoS_54hQZuksLeSHp7VWQfXYTEp9M8eUnLbaN0vNXq8G9eLp9eliJqnX3r05cL-elWNKCpAHd8xXQpeU-xqXzOv4I4lCspLk9ieOk74ktKaz4WIhLRfx21b5n2pDiGO-SAS-FmI3ChbDtBJp-bXDojPkqTlufgLYVwxcqK6uvB7Gdk1mEDLvkgy484seGVYaR1q4qHNnZjhRuAFq8x_Qv9zxwAJQFc8ol-ZjqoiszN2TgZmrAW_k3QhwSdiOaNtZqhHve_dLpVN3FLepZ-zT84Vo_lT3LZsGgZvX-V3CnufMnwhgugboPIenr1V7wStVzQHnSfogad1_9HZli3oF2PP0vQfjoOGzsg76yf_MKyQaI\">Ari\u00edni Guimar\u00e3es Bomfim<\/a><\/p>\n\n\n\n<p class=\"has-medium-font-size\"><a href=\"http:\/\/buscatextual.cnpq.br\/buscatextual\/visualizacv.do?id=K4702973D0&amp;tokenCaptchar=03AOLTBLR2XISpHGHucHP-PJaHoN_JyADSb_mv1I6b-tSJi5yAvkyh-Xxye_wLNSJv1UpGfukkqNaf7Ub7O9hvm8YauqYBC2zis2lgq6emgaUTGvOFOTfHAqXfHmL9l8Ka1S-0WXPTPEvlLbW5BTpTPdiybsLM0tfWjZilWV8U9_lo97PPo0rMJC--qyam76oJtuCuREXlw4kjolAsOHp1Q0oW8Vy3m84991cNUgK343b3rdgsJyoFJRALWtp8dhsD_mYXYj0c3jtecJsK2x0ATQwqTiKvgswFR0PYtLuJsOEBo4wUSOu714s_8UfLV7oSr6c8pokEohxyDrKZi179AnUVVbP9GV8u-QNy79hQWnf6PEWjErlAVjSJVVnMrXHse4ZsOgt7dNq0hxGpOyfeYpyjjYEun3zN82bGXHR8trP3LBhb5upQGYeus1iyA6P1aKfZPnLAdyx3sZadzCVcoZFIRuLg1kg3gmAgqp_E1qLTjkUyglvbwZW3ydcFEFitLgyW7LUTPuH7\">Cl\u00e1udia de Carvalho Dantas<\/a><\/p>\n\n\n\n<p class=\"has-medium-font-size\"><a href=\"http:\/\/buscatextual.cnpq.br\/buscatextual\/visualizacv.do?id=K4267557P6&amp;tokenCaptchar=03AOLTBLQoBokMfGjhRBVkbZTGDPTAOdXlFMfaQmvzjkfISrQQjR_qWSKmdrZnvNJvSrmcwgCc8EyWF38ENAsUeTIadxwMzk0raAlN-STR_ZNHwI6CNf5GBQFasbCEdZFQuGt0cNmCHBIjt9ccPIlMB7EqCM132vy4APnkd4KuxTnx5hYbmts9jCUwWRqfFpup9XKa-gna8QmYL-Mwsl_YM4NQ8knpvUNYFLmhlgfh3yUwbkzv14TeyYRZejjKyYyvDi1mMEtcEX8m1-esfo2cPEMLJNfzsC34uVTAL7cG0ZvPyLRlToqHI8ivqITBrRFrIc3PyuwAxzF77xgCOhILDXEYN2j13qp5DAna6-xRMvalELOUCOVCIaqaOSpbbGdathYl77sfMuP0EuF2N8GbAj6wWiYED98yEV4Fg_iDJe9U7Q_A1pXAPIhFU22tVIyUCon-HFCG5bM8vYAT9kUxSspPaH2mZW-d90meRQs2btuwkeaiJaqd2HroCF_Ouer-luq0VMINGaWP\">Diogo Menchise Ferreira<\/a><\/p>\n\n\n\n<p class=\"has-medium-font-size\"><a href=\"http:\/\/buscatextual.cnpq.br\/buscatextual\/visualizacv.do?id=K4389483U0&amp;tokenCaptchar=03AOLTBLT-GP2ixI9spmzE_G1Ox0rbtFC3br5PIwpsGzAQmCqtKuizsL9saZdiaEIaUS6cfiY7e4v_T6bz9lRUVxGx13rdV0haNU9ozGDVebcRiVR0IahGohOq_aSjAQNAybZliYjfkpa1WciYB4AT5EekPNF_e6VAUy5dEKv-g27hz9s_cF1h3IVx1eLTXu-5zHfCAr308H6ZRjO9x2CDYxiFU14hcZklm36u5nZO20Kzn1JOXOdaeu_QUXHwYhkpt0DCADr-oTCd5mlsOf-3SOhhr0g51OMNX1vLYL7sJ6dmEAEW9YrZIpYz61v6aKg6IlmsJBABsUIRRXJH7Bey6p5Ztb6pT2jC-d1DuaDBr63GRRvr10qhHxDzw_YFe0zbpZ8Pi-A1WsiQFT5OyozX2K96tmu7EeDBpHNsRDDpSdnHI-rmALRb-Vuy-n2LtyN9spGoh9VSORfiuWroCer2Rl56Jcf6YSxfJnIPChA_hKVmeaRWEbZAtDilaVk2qnhvhMAOzazJ4WKOvWTbptCc0kDov724v2ZKMQ\">Dones Manoel de Freitas Nunes da Silva<\/a><\/p>\n\n\n\n<p class=\"has-medium-font-size\"><a href=\"http:\/\/buscatextual.cnpq.br\/buscatextual\/visualizacv.do?id=K4269385E1&amp;tokenCaptchar=03AOLTBLQBryqVPm06CXgkzE6DAkW_ynQuK0EMqIybcLGCiz5yAIDaH3ngGvM57XDYwmUnH4pwJjf-6RE2Xmyu9vvIBjN9m3H_G0ahWZ04pzustX6fbSd7VnIJRKdeFYV4TDg7QMDGT3nmubCbw0Yzys3H4smL6weUS13duJTC4DgEWFDbIwO_YoW-U5Phjs7N_9AlMAuHl33gPyZWGABFyIWZdvhJr-NAreBkzNqp3NdjU_qIm47Tq334sX-DmK_9y31f4sBcL6HAHKJA_Hr_lHSzSYDxOFUDu6xyNkGiz-YwZego2z8-X-jumhJvneslqz4Rba8vZkIDObWgXeRbLVl2lzZ6qAM7z5nCY7QFeBtkShkmq9XFSIyIittoXs5a1gey7SEKikAPI8wp1q-K8EtBv6CQFGxkakdslyhgihm7tBNHg_1tqhFcQEPCTRNgUbVxgvHKRrKOUcibJDoIxWXbq7VdXTxmI5nuTkdsd5Oe8rxEMKu4G5ytRkr5NkKWPCCWj18pspY8\">Fernanda de Carvalho Dantas<\/a><\/p>\n\n\n\n<p class=\"has-medium-font-size\"><a href=\"http:\/\/buscatextual.cnpq.br\/buscatextual\/visualizacv.do?id=K4509243A6&amp;tokenCaptchar=03AOLTBLSw2nxIEVmRtcL7iESSfSIOD74I943vfz1p8Iyddsc8Tcnf19Qzat4-vZPWQeLGMGdlcS_yn2v-SgtSH-OfyWsY3gxcjrkqUREPqgcYJczpBPobO3Rs5eo4lN91yOWr38SARRbcyEZL9d0nJh_BxbD-8RjBvxXL9Er2G0RHcX2Dts0Rsgs1ABi0QtSSJ3Yndld9_7opSbbiZThzCsyQep4JzYfrPNMveLHUWYPk72pnVWPh0puV35W_ZTDNi4K7kD19N0yeCIE-7PN7uB0DLxXrp0NfjFgBwU6LnfYTOnXoI0CratesOKKYXhtbL5trRaATk-_E9Iq-w2s_xLjqmGDpV6OVsxviRV6xIeoGnL0ijrjSj2n6SWEl8mfOj16TkI5bgsHYtHGH25d4lIbWyy8IoxCWchzxiV8I8C84W1cY_0l1fCyBYdWP2MqGWp5z0hWaCyCfNFgiG0mhnJ0RBZ2nKUg8pCyC7nu44TpTxXtQbcSsA2UQZYohZsWa3k2CQW4-V44Y\">Fl\u00e1vio de Ara\u00fajo Willeman<\/a><\/p>\n\n\n\n<p class=\"has-medium-font-size\"><a href=\"http:\/\/buscatextual.cnpq.br\/buscatextual\/visualizacv.do?id=K8215816J4&amp;tokenCaptchar=03AOLTBLRgz-thQBRvVDo9JI-RpR-khlUIQfzkGf-nF4nXD_Dw2MMb1s4nwdju3mVorN11Ii2g7jI9NBsSqRa7VnqxrufpTNSLnhxWXf40DKjO94GbmFmn4TqfuqkgQ_Lqg8nP5UNKRys1MJYglIT843dwqEJ9kG7uCPNDehU1c0isM_jRv-ONsoCHsmbytQMfgr-KfwAUSvyQwpNyIWsL2mE-A1v0P8rWaajbJizwlizL0295GqdFgM_C56x8B2tsJM44RpaY6Q8sMLoHVnyXRky-8S5sR5ZQmGX1iMumsoRvJRTMdj-lSpLjIAwwoDMfIj4WP8pGnkZeDb3sEg8FBa8H3x2ZOuttHVW4gQsztIGay1WlmhwpGbTfw1-LlEji0dIS3r5ODlgjChxSgSfLu9RnEmkq2mRb1fhzHP02lkRJj6lx_pOwljPW2hHUxv2uDsjWylVMXGv5uYUOr6niRKv_tryZIliOSrZ92IZppEBSsYLfXmqB9_jeccck5my93ewOJtEChi6C\">Francisco de Assis Macedo Barreto<\/a><\/p>\n\n\n\n<p class=\"has-medium-font-size\"><a href=\"http:\/\/buscatextual.cnpq.br\/buscatextual\/visualizacv.do?id=K4457676Z5&amp;tokenCaptchar=03AOLTBLQJyEw9QxVUQFmlFiVyvMDExV_ue-BMyAH-ePqBLm-Zy3Q8WBa82amlumsN8dEIBqh9mtFEu-WboOURHQyXUBUXRlXbQnYPT83RZTXQqzVMnsO6KUjAQFVHxYaPfglSU9jOLqKyfxYHvrk8UFOm6IY6Hzh2xtSbNeZHFp2P5lQd7DPiLcKI6ZDKlptbPC4Jr9PpwvULhjeDkREjfEC0unLYp5ApE7I89YrsiFDFfsAxFKRltlyCX4V38p7t_tctUCI2QEei2EjazzhGdOcjPOuQ9zPBjjs-ilGoEPToSV6GEvSWDJN0lG1kbkR5K47vj3ORM4f_-2mkGtAIazs6E_9ZJ_mLTAlLVvk-nTP4QvfuaMSKbzdb31_4t7o7P8b8pQwq3L1P2gkhUKn8aBP5ax8QJdS5pHT_Jo5S2v3ecDBZTgTFWXPwE30v_eagYA3U6uCYxZcUVBaSsHFe1UK5UVf3P692hp1VgSLxqglHG2GVs7uH1wFEuOHp1oVIEzTOXDX3GuPkIsvsFXV6GiQ9kz3v5kqI5g\">Ma\u00edra Ayres Torres<\/a><\/p>\n\n\n\n<p class=\"has-medium-font-size\"><a href=\"http:\/\/buscatextual.cnpq.br\/buscatextual\/visualizacv.do?id=K4205121T6&amp;tokenCaptchar=03AOLTBLSazP-_KBdBv1Z0E6XL4YNOIRsUld04gSvA3lNKzz0LxKa3IvZwxZ4CdCEY09TuX8nx5lqpzFGeXhuq9tVP9aBqDpO-_5-HYACQPKfjQBin4c74jwEYJ4_XtoduCCLFoehduLqhlC6KdqVSwprmg4GTut9Ugg_nOMYObUbz7BnjFDr2ae8FcNkqv8X8HumO2NXuV1HCuva6QjnRW9LDO7otXHU_fmoGkMHgfR45rBaB0VCFX7WO3gX-OQEdYZlgWVn4KW95t8B1-8xW5eO62hDn17ylNL5gvs6daYj2CupyLh1ycn4Lk66G3sLN5gvr8VYlOUzqtJEETRE28P3h54f4N9eq7syyWzzZdM_p2g_Pm-RfyjrwMmo4HVzdJEG6eARp8UYJ2tleUi2Rs_gJKEpOyIX-QKnyNmPey9G5WPXe5i6XDIGAlycci2vJRQ5jREZfBr1LFOdKu_AMEeF1gbD99FXxqePsjM8BC_s7MfEPyWrl32vhLQ_aSTW28cJ28Hx26MIr\">Pedro Carneiro Gasparri<\/a><\/p>\n\n\n\n<p class=\"has-medium-font-size\"><a href=\"http:\/\/buscatextual.cnpq.br\/buscatextual\/visualizacv.do?id=K4401555Y3&amp;tokenCaptchar=03AOLTBLTg71e4RVJ2AEw09bg5E173CJRFH-aoypceTyKAXFlGcYsihFbcgEjQ2R3Q6DS6U9XqjTB88E5jEKzxEpc7l0NLYP2-bvND00mKTwDahVMPWXS7XmTZ37jr_PaKH9183sw9FT4wiLQvoA2mOgbt-N8BZFz7lelLdyBHBREqwyD7X4Tfn_n73jDjbyotZzveqYvP3LO3pDW3rbbYLrWqRsyJTKD7ydmX3N5nYPcQtVWxpVEYnZXjdQJZf8tIvO1vekxsd-8Oa-YhdOOAHmusdfZ0syHv2wSuZJN_U28YJ2nS3GdVcK8F9ZWVAvpTecCa-tW-Wxb-q4y8SXilfPuuUzG1KZad76pEb_1ozgtNFvgWMKDvuekjktSQjE0xllUhAoBKsHzfBcSFt9jKw2GCNSciun03AWkVr9tB-skzO7d8REKU6O-rOVrMo_4gwJrmTrf_3gHMMLFcI3kttF2Ek6rYmTWDWCbVUGkJeHWj0CUHVzI2M9_ut-CDbKvwPOGnYK3j-71e\">Rafael Bitencourt Carvalhaes<\/a><\/p>\n\n\n\n<p class=\"has-medium-font-size\"><a href=\"http:\/\/buscatextual.cnpq.br\/buscatextual\/visualizacv.do?id=K4298714E5&amp;tokenCaptchar=03AOLTBLQaopt6PpVTHfW-t9COM5wvWapEOlmsZx2xsMyN2_zg9vI5cPDUV3aWoILKIBMUxXKVmL8oQdW4T8XdeJZbZH9265EEGDEegQpTwU0S7P4Td0SxUWAMNhJjrp-iWQ58sxkY_JapEMXJ4NahILTCjIz8sSGpg8qFiQvpHZewDCGIJm-FOD1g5XTXrirEoeYB8fHYfogY6w4gmN_VRUF-H5TpWgRO6R3JXoK5yJRRIx62DYOQ8gxrun87yq1H4eC71EyNdAaBa8mcw9Ubpr97seurFpoJbup5NZGC5u9wJ98hUw2LIDejLn_TtY71Gp3Wz4XLausSqmzbC9bGxiIH8aolr0NyiH7I-PMxc6sm2OeXB8my4VqJXXblweCZhbcAEu_5lA4WfCB-hPdDmF7-wsKI57zcQtSkd2ZL_KOq0Y4oGX8RAEkH4C_PxuqYfT29Zx-dIiBSnZ9Ib7s9BsikO0metDqmsW9E0mnpZwEdJ1LOVGRkg3dBl2z7n3UnFZ1vwCt-wg6Q\">Samantha Pelajo<\/a><\/p>\n\n\n\n<p class=\"has-medium-font-size\"><a href=\"http:\/\/buscatextual.cnpq.br\/buscatextual\/visualizacv.do?id=K4336873J8&amp;tokenCaptchar=03AOLTBLRF4Mco_35RlF_5qIN0jSURDK8SC2dFfwcP4RikrfZYyCji2DDjLAfIGxBh-kwaEUnLxwa_69bo__kvuHgqkVP4hLuZN2h2bENhAsaB4v6QAy3yCgiSNGfZFX-64zIgIimZVURwSh5CyXWQMKNbyIDO_sLs9B4v-xvfarBolr9XqNlhvKLEPY-duQQkxuSuyEGa7o4DFLnsPJhwz5ajYYoBmm7B9jxjglCAllZPpTw2QC6QVAV1RNPzXnxk_L6nX_o5KL-i0J_VsIsqUV1Pin7emjfqabRIs4Tj1a9QXd6flRjtxWZtH7gPZoMAwik3sJorbBlUz60ellXy8ZhYroaQdX88kCI09gd4YW-9AO6f5bi0YohiKawFRS3YHO3Hj_VsgxQpCxa40aQ0It6n_ya-tp3_QJjgB22l4liW6YJHjRJl_v_F1PXBFSSyoVfx-dEvo90CV62Ls1sWUChEtt7IZT7IEIIk0jh3RE9_bEiq8dOjmLJZ_IfwEYgqfycpWsWZMDxT\">Wagner da Silva Reis<\/a><\/p>\n","protected":false},"excerpt":{"rendered":"<p>Turma 2018.1 Alexander Seixas da Costa Andr\u00e9 Luis Fernandes Limeira Carlos Alberto Pereira de Aguiar Felipe Stevans Fernandes de Souza Fernanda Franklin Seixas Arakaki Joyce Abreu de Lira Rosana Maria de Moraes e Silva Antunes Ver\u00f4nica Batista Nascimento Turma 2018.2 Alexandre Hees de Negreiros Ari\u00edni Guimar\u00e3es Bomfim Cl\u00e1udia de Carvalho Dantas Diogo Menchise Ferreira Dones [&hellip;]<\/p>\n","protected":false},"author":5,"featured_media":0,"parent":0,"menu_order":0,"comment_status":"closed","ping_status":"closed","template":"","meta":{"_exactmetrics_skip_tracking":false,"_exactmetrics_sitenote_active":false,"_exactmetrics_sitenote_note":"","_exactmetrics_sitenote_category":0,"footnotes":""},"categories":[],"tags":[],"class_list":["post-2728","page","type-page","status-publish","hentry"],"_links":{"self":[{"href":"http:\/\/ppgdin.uff.br\/index.php?rest_route=\/wp\/v2\/pages\/2728","targetHints":{"allow":["GET"]}}],"collection":[{"href":"http:\/\/ppgdin.uff.br\/index.php?rest_route=\/wp\/v2\/pages"}],"about":[{"href":"http:\/\/ppgdin.uff.br\/index.php?rest_route=\/wp\/v2\/types\/page"}],"author":[{"embeddable":true,"href":"http:\/\/ppgdin.uff.br\/index.php?rest_route=\/wp\/v2\/users\/5"}],"replies":[{"embeddable":true,"href":"http:\/\/ppgdin.uff.br\/index.php?rest_route=%2Fwp%2Fv2%2Fcomments&post=2728"}],"version-history":[{"count":1,"href":"http:\/\/ppgdin.uff.br\/index.php?rest_route=\/wp\/v2\/pages\/2728\/revisions"}],"predecessor-version":[{"id":2729,"href":"http:\/\/ppgdin.uff.br\/index.php?rest_route=\/wp\/v2\/pages\/2728\/revisions\/2729"}],"wp:attachment":[{"href":"http:\/\/ppgdin.uff.br\/index.php?rest_route=%2Fwp%2Fv2%2Fmedia&parent=2728"}],"wp:term":[{"taxonomy":"category","embeddable":true,"href":"http:\/\/ppgdin.uff.br\/index.php?rest_route=%2Fwp%2Fv2%2Fcategories&post=2728"},{"taxonomy":"post_tag","embeddable":true,"href":"http:\/\/ppgdin.uff.br\/index.php?rest_route=%2Fwp%2Fv2%2Ftags&post=2728"}],"curies":[{"name":"wp","href":"https:\/\/api.w.org\/{rel}","templated":true}]}}