{"id":257,"date":"2016-02-25T14:39:14","date_gmt":"2016-02-25T14:39:14","guid":{"rendered":"http:\/\/doutoradoja.sites.uff.br\/?page_id=257"},"modified":"2023-12-14T21:24:42","modified_gmt":"2023-12-14T21:24:42","slug":"atividades-academicas-especiais","status":"publish","type":"page","link":"http:\/\/ppgdin.uff.br\/?page_id=257","title":{"rendered":"Atividades Acad\u00eamicas Especiais"},"content":{"rendered":"\n<hr class=\"wp-block-separator\" \/>\n\n\n\n<p class=\"has-very-light-gray-background-color has-background has-medium-font-size\">As disciplinas inclusas como <strong>Atividades Acad\u00eamicas Especiais<\/strong>  (<em>480 horas, 32 cr\u00e9ditos<\/em>) s\u00e3o caracterizadas como a\u00e7\u00f5es sistem\u00e1ticas, orientadas ou acompanhadas por docentes do Programa, que contribuam para a forma\u00e7\u00e3o acad\u00eamica do discente e para a qualidade do programa de doutorado.<\/p>\n\n\n\n<figure class=\"wp-block-image size-full is-resized\"><img loading=\"lazy\" decoding=\"async\" src=\"http:\/\/ppgdin.uff.br\/wp-content\/uploads\/sites\/5\/2023\/12\/simbolo-atencao.png\" alt=\"\" class=\"wp-image-4168\" width=\"27\" height=\"23\" srcset=\"http:\/\/ppgdin.uff.br\/wp-content\/uploads\/sites\/5\/2023\/12\/simbolo-atencao.png 362w, http:\/\/ppgdin.uff.br\/wp-content\/uploads\/sites\/5\/2023\/12\/simbolo-atencao-300x254.png 300w\" sizes=\"auto, (max-width: 27px) 100vw, 27px\" \/><\/figure>\n\n\n\n<p class=\"has-medium-font-size\">Para acesso a <code><strong>TABELA DE CARGA HOR\u00c1RIA<\/strong><\/code>, <strong>clique aqui<\/strong> &gt;&gt;&gt; <em><a href=\"http:\/\/ppgdin.uff.br\/?page_id=3424\"><strong>carga hor\u00e1ria de 480 horas \u2194 32 cr\u00e9ditos<\/strong><\/a><\/em><\/p>\n\n\n\n<div style=\"height:16px\" aria-hidden=\"true\" class=\"wp-block-spacer\"><\/div>\n\n\n\n<hr class=\"wp-block-separator\" \/>\n\n\n\n<p class=\"has-medium-font-size\">Dentre estas a\u00e7\u00f5es, podem ser consideradas:<\/p>\n\n\n\n<p class=\"has-medium-font-size\"><em>I \u2013 Tutorias a Grupos de Estudo e de Pesquisa;<\/em><\/p>\n\n\n\n<p class=\"has-medium-font-size\"><em>II \u2013 Participa\u00e7\u00e3o em Grupos de Pesquisa registrados no CNPq;<\/em><\/p>\n\n\n\n<p class=\"has-medium-font-size\"><em>III \u2013 Inser\u00e7\u00e3o em Projetos de Pesquisa ou de Extens\u00e3o formalmente registrados na UFF;<\/em><\/p>\n\n\n\n<p class=\"has-medium-font-size\"><em>IV \u2013 Atua\u00e7\u00e3o em Comiss\u00f5es respons\u00e1veis pela viabiliza\u00e7\u00e3o de Peri\u00f3dicos e Publica\u00e7\u00f5es;<\/em><\/p>\n\n\n\n<p class=\"has-medium-font-size\"><em>V \u2013 Participa\u00e7\u00e3o em eventos organizados pelo PPGDIN (Curso, Workshop, Semin\u00e1rio, Col\u00f3quio, etc.) com envolvimento ativo (organiza\u00e7\u00e3o, apresenta\u00e7\u00e3o de trabalhos, participa\u00e7\u00e3o em Grupos de Trabalho, publica\u00e7\u00e3o), propostos na forma de Atividades Programadas,<\/em><\/p>\n\n\n\n<p class=\"has-medium-font-size\"><em>VI \u2013 Est\u00e1gio de Doc\u00eancia desenvolvido em Cursos de Gradua\u00e7\u00e3o (ver anexos: A e B).<\/em><\/p>\n\n\n\n<p class=\"has-medium-font-size\"><em>A) <a href=\"http:\/\/ppgdin.uff.br\/?page_id=2938\">Regulamento para os discentes que optarem por se matricular na disciplina<\/a> <\/em><\/p>\n\n\n\n<p class=\"has-medium-font-size\"><em> B) <a href=\"https:\/\/drive.google.com\/file\/d\/1xEHMWS1bpuSatEXDkTJH2eJohEH2kePD\/view?usp=sharing\">Procedimentos para a realiza\u00e7\u00e3o da disciplina de <strong>est\u00e1gio doc\u00eancia<\/strong><\/a><\/em><\/p>\n","protected":false},"excerpt":{"rendered":"<p>As disciplinas inclusas como Atividades Acad\u00eamicas Especiais (480 horas, 32 cr\u00e9ditos) s\u00e3o caracterizadas como a\u00e7\u00f5es sistem\u00e1ticas, orientadas ou acompanhadas por docentes do Programa, que contribuam para a forma\u00e7\u00e3o acad\u00eamica do discente e para a qualidade do programa de doutorado. Para acesso a TABELA DE CARGA HOR\u00c1RIA, clique aqui &gt;&gt;&gt; carga hor\u00e1ria de 480 horas \u2194 [&hellip;]<\/p>\n","protected":false},"author":5,"featured_media":0,"parent":56,"menu_order":0,"comment_status":"closed","ping_status":"closed","template":"","meta":{"_exactmetrics_skip_tracking":false,"_exactmetrics_sitenote_active":false,"_exactmetrics_sitenote_note":"","_exactmetrics_sitenote_category":0,"footnotes":""},"categories":[],"tags":[],"class_list":["post-257","page","type-page","status-publish","hentry"],"_links":{"self":[{"href":"http:\/\/ppgdin.uff.br\/index.php?rest_route=\/wp\/v2\/pages\/257","targetHints":{"allow":["GET"]}}],"collection":[{"href":"http:\/\/ppgdin.uff.br\/index.php?rest_route=\/wp\/v2\/pages"}],"about":[{"href":"http:\/\/ppgdin.uff.br\/index.php?rest_route=\/wp\/v2\/types\/page"}],"author":[{"embeddable":true,"href":"http:\/\/ppgdin.uff.br\/index.php?rest_route=\/wp\/v2\/users\/5"}],"replies":[{"embeddable":true,"href":"http:\/\/ppgdin.uff.br\/index.php?rest_route=%2Fwp%2Fv2%2Fcomments&post=257"}],"version-history":[{"count":10,"href":"http:\/\/ppgdin.uff.br\/index.php?rest_route=\/wp\/v2\/pages\/257\/revisions"}],"predecessor-version":[{"id":4169,"href":"http:\/\/ppgdin.uff.br\/index.php?rest_route=\/wp\/v2\/pages\/257\/revisions\/4169"}],"up":[{"embeddable":true,"href":"http:\/\/ppgdin.uff.br\/index.php?rest_route=\/wp\/v2\/pages\/56"}],"wp:attachment":[{"href":"http:\/\/ppgdin.uff.br\/index.php?rest_route=%2Fwp%2Fv2%2Fmedia&parent=257"}],"wp:term":[{"taxonomy":"category","embeddable":true,"href":"http:\/\/ppgdin.uff.br\/index.php?rest_route=%2Fwp%2Fv2%2Fcategories&post=257"},{"taxonomy":"post_tag","embeddable":true,"href":"http:\/\/ppgdin.uff.br\/index.php?rest_route=%2Fwp%2Fv2%2Ftags&post=257"}],"curies":[{"name":"wp","href":"https:\/\/api.w.org\/{rel}","templated":true}]}}