{"id":254,"date":"2016-02-25T14:36:11","date_gmt":"2016-02-25T14:36:11","guid":{"rendered":"http:\/\/doutoradoja.sites.uff.br\/?page_id=254"},"modified":"2023-03-09T18:54:08","modified_gmt":"2023-03-09T18:54:08","slug":"linha-2-interesse-publico-e-relacoes-economicas","status":"publish","type":"page","link":"http:\/\/ppgdin.uff.br\/?page_id=254","title":{"rendered":"Linha 2 &#8211; Interesse P\u00fablico e Rela\u00e7\u00f5es Econ\u00f4micas"},"content":{"rendered":"\n<hr class=\"wp-block-separator\" \/>\n\n\n\n<div style=\"height:20px\" aria-hidden=\"true\" class=\"wp-block-spacer\"><\/div>\n\n\n\n<p class=\"has-medium-font-size\">As <strong>Disciplinas Optativas da Linha 2<\/strong> s\u00e3o voltadas para as discuss\u00f5es espec\u00edficas que envolvem as rela\u00e7\u00f5es econ\u00f4micas, especialmente aquelas atinentes \u00e0s atividades empresariais. Procura-se analisar, em amplo espectro, as tens\u00f5es advindas das rela\u00e7\u00f5es econ\u00f4micas em \u00e2mbito empresarial com o interesse coletivo, especialmente com os reflexos de tais tens\u00f5es sobre o direito, ao qual se apresenta o desafio de vislumbrar novas perspectivas de interpreta\u00e7\u00e3o e de resolu\u00e7\u00e3o dos problemas imbricados na esfera empresarial.    Tais disciplinas poder\u00e3o ser cumpridas pelo discente ao longo de todo o Curso, cabendo ao\/\u00e0 orientador(a) recomendar ao\/\u00e0 discente as disciplinas que considera pertinentes \u00e0 forma\u00e7\u00e3o do(a) mesmo(a) com vistas \u00e0 elabora\u00e7\u00e3o da Tese.<\/p>\n\n\n\n<hr class=\"wp-block-separator\" \/>\n\n\n\n<p class=\"has-very-light-gray-background-color has-background has-medium-font-size\">ESD10197 &#8211; <strong>Interesse P\u00fablico e Resolu\u00e7\u00e3o de Conflitos I<\/strong> \u2013 45 horas e 3 cr\u00e9ditos<\/p>\n\n\n\n<p style=\"font-size:17px\">Objetivo: Discutir os fundamentos filos\u00f3fico-jur\u00eddicos da resolu\u00e7\u00e3o de conflitos e a gest\u00e3o destes no \u00e2mbito do direito privado.<\/p>\n\n\n\n<hr class=\"wp-block-separator\" \/>\n\n\n\n<p class=\"has-very-light-gray-background-color has-background has-medium-font-size\">ESD10198 &#8211; <strong>Interesse P\u00fablico e Resolu\u00e7\u00e3o de Conflitos II<\/strong> \u2013 45 horas e 3 cr\u00e9ditos <\/p>\n\n\n\n<p style=\"font-size:17px\">Objetivo: Analisar a arbitragem como m\u00e9todo alternativo de solu\u00e7\u00e3o de controv\u00e9rsias no \u00e2mbito das rela\u00e7\u00f5es empresariais e suas imbrica\u00e7\u00f5es na jurisdi\u00e7\u00e3o administrativa.<\/p>\n\n\n\n<hr class=\"wp-block-separator\" \/>\n\n\n\n<p class=\"has-very-light-gray-background-color has-background has-medium-font-size\">ESD10199 &#8211; <strong>Interesse P\u00fablico e Resolu\u00e7\u00e3o de Conflitos III<\/strong>&nbsp;\u2013 45 horas e 3 cr\u00e9ditos<\/p>\n\n\n\n<p style=\"font-size:17px\">Objetivo: Desenvolver elementos cr\u00edticos sobre o fen\u00f4meno processual envolvendo a media\u00e7\u00e3o na \u00e1rea c\u00edvel, compreendendo o papel reservado ao mediador na resolu\u00e7\u00e3o de conflitos e analisando a viabilidade do instituto da media\u00e7\u00e3o dentro do Poder Judici\u00e1rio.<\/p>\n\n\n\n<hr class=\"wp-block-separator\" \/>\n\n\n\n<p class=\"has-very-light-gray-background-color has-background has-medium-font-size\">ESD10200 &#8211; <strong>Interesse P\u00fablico e Resolu\u00e7\u00e3o de Conflitos IV<\/strong>&nbsp;\u2013 45 horas e 3 cr\u00e9ditos<\/p>\n\n\n\n<p style=\"font-size:17px\">Objetivo: Debater os conflitos s\u00f3cio-ambientais urbanos e rurais a partir de pressupostos epistemol\u00f3gicos e metodol\u00f3gicos imbricados nos conceitos de justi\u00e7a ambiental, racismo ambiental e correlatos.<\/p>\n\n\n\n<hr class=\"wp-block-separator\" \/>\n\n\n\n<p class=\"has-very-light-gray-background-color has-background has-medium-font-size\">ESD10201 &#8211; <strong>Empresa, Sustentabilidade e Inova\u00e7\u00f5es Tecnol\u00f3gicas I<\/strong> \u2013 45 horas e 3 cr\u00e9ditos<\/p>\n\n\n\n<p style=\"font-size:17px\">Objetivo: Analisar os direitos e garantias exercidos pelas sociedades empres\u00e1rias numa sociedade em rede e repleta de informa\u00e7\u00f5es, especialmente no que tange \u00e0s inven\u00e7\u00f5es, patentes e aos riscos de pirataria.<\/p>\n\n\n\n<hr class=\"wp-block-separator\" \/>\n\n\n\n<p class=\"has-very-light-gray-background-color has-background has-medium-font-size\">ESD10202 &#8211; <strong>Empresa, Sustentabilidade e Inova\u00e7\u00f5es Tecnol\u00f3gicas II<\/strong> \u2013 45 horas e 3 cr\u00e9ditos<\/p>\n\n\n\n<p style=\"font-size:17px\">Objetivo: Analisar os direitos e garantias exercidos pelas sociedades empres\u00e1rias numa sociedade em rede e repleta de informa\u00e7\u00f5es, com especial foco nos contratos eletr\u00f4nicos e na certifica\u00e7\u00e3o digital.<\/p>\n\n\n\n<hr class=\"wp-block-separator\" \/>\n\n\n\n<p class=\"has-very-light-gray-background-color has-background has-medium-font-size\">ESD10203 &#8211; <strong>Interesse p\u00fablico, Empresa e Trabalho I<\/strong> \u2013 45 horas e 3 cr\u00e9ditos<\/p>\n\n\n\n<p style=\"font-size:17px\">Objetivo: Discutir as rela\u00e7\u00f5es econ\u00f4micas sob a \u00f3tica dos direitos sociais, a partir do enfoque do trabalho e do seu significado na constru\u00e7\u00e3o da cidadania.<\/p>\n\n\n\n<hr class=\"wp-block-separator\" \/>\n\n\n\n<p class=\"has-very-light-gray-background-color has-background has-medium-font-size\">ESD10204 &#8211; <strong>Interesse p\u00fablico, Empresa e Trabalho II<\/strong> \u2013 45 horas e 3 cr\u00e9ditos<\/p>\n\n\n\n<p style=\"font-size:17px\">Objetivo: Analisar o fen\u00f4meno da proceduraliza\u00e7\u00e3o das rela\u00e7\u00f5es econ\u00f4micas, no \u00e2mbito do Direito do trabalho, e seu impacto no Poder Judici\u00e1rio.<\/p>\n\n\n\n<hr class=\"wp-block-separator\" \/>\n\n\n\n<p class=\"has-very-light-gray-background-color has-background has-medium-font-size\">ESD10205 &#8211; <strong>Direito, Empresa e Sociedade I<\/strong> \u2013 45 horas e 3 cr\u00e9ditos<\/p>\n\n\n\n<p style=\"font-size:17px\">Objetivo: Debater os aspectos processuais atinentes \u00e0 legisla\u00e7\u00e3o brasileira, contextualizando os com o cen\u00e1rio mundial e aventando seus poss\u00edveis impactos nas rela\u00e7\u00f5es econ\u00f4micas e no interesse p\u00fablico.<\/p>\n\n\n\n<hr class=\"wp-block-separator\" \/>\n\n\n\n<p class=\"has-very-light-gray-background-color has-background has-medium-font-size\">ESD10206 &#8211; <strong>Direito, Empresa e Sociedade II<\/strong> \u2013 45 horas e 3 cr\u00e9ditos<\/p>\n\n\n\n<p style=\"font-size:17px\">Objetivo: Analisar o impacto no direito, nas rela\u00e7\u00f5es econ\u00f4micas e nas atividades empresariais de pol\u00edticas de desenvolvimento social, em \u00e2mbito global e local.<\/p>\n\n\n\n<hr class=\"wp-block-separator\" \/>\n\n\n\n<p class=\"has-very-light-gray-background-color has-background has-medium-font-size\">ESD10207 &#8211; <strong>Direito, Empresa e Sociedade III<\/strong> \u2013 45 horas e 3 cr\u00e9ditos<\/p>\n\n\n\n<p style=\"font-size:17px\">Objetivo: Apresentar conceitos b\u00e1sicos da microeconomia para, atrav\u00e9s das concep\u00e7\u00f5es do mercado e do bem-estar, chegar a uma percep\u00e7\u00e3o das raz\u00f5es pelas quais \u00e9 necess\u00e1ria a atua\u00e7\u00e3o do Estado na economia, possibilitando a discuss\u00e3o e maior compreens\u00e3o do interesse p\u00fablico sob perspectiva econ\u00f4mica.<\/p>\n\n\n\n<hr class=\"wp-block-separator\" \/>\n\n\n\n<p class=\"has-very-light-gray-background-color has-background has-medium-font-size\">ESD10208 &#8211; <strong>Direito, Empresa e Sociedade IV<\/strong> \u2013 45 horas e 3 cr\u00e9ditos<\/p>\n\n\n\n<p style=\"font-size:17px\">Objetivo: Entender como se d\u00e1 o papel do Estado e a rela\u00e7\u00e3o da empresa produtiva frente \u00e0s normas de interesse p\u00fablico, dentro do marco de sustentabilidade ambiental e social, privilegiando os pap\u00e9is a serem desenvolvidos pelo Estado e a repercuss\u00e3o no mercado. Interessa a organiza\u00e7\u00e3o dos servi\u00e7os b\u00e1sicos, sob a perspectiva factual, em confronto aos direitos fundamentais.<\/p>\n\n\n\n<hr class=\"wp-block-separator\" \/>\n","protected":false},"excerpt":{"rendered":"<p>As Disciplinas Optativas da Linha 2 s\u00e3o voltadas para as discuss\u00f5es espec\u00edficas que envolvem as rela\u00e7\u00f5es econ\u00f4micas, especialmente aquelas atinentes \u00e0s atividades empresariais. Procura-se analisar, em amplo espectro, as tens\u00f5es advindas das rela\u00e7\u00f5es econ\u00f4micas em \u00e2mbito empresarial com o interesse coletivo, especialmente com os reflexos de tais tens\u00f5es sobre o direito, ao qual se apresenta [&hellip;]<\/p>\n","protected":false},"author":5,"featured_media":0,"parent":56,"menu_order":0,"comment_status":"closed","ping_status":"closed","template":"","meta":{"_exactmetrics_skip_tracking":false,"_exactmetrics_sitenote_active":false,"_exactmetrics_sitenote_note":"","_exactmetrics_sitenote_category":0,"footnotes":""},"categories":[],"tags":[],"class_list":["post-254","page","type-page","status-publish","hentry"],"_links":{"self":[{"href":"http:\/\/ppgdin.uff.br\/index.php?rest_route=\/wp\/v2\/pages\/254","targetHints":{"allow":["GET"]}}],"collection":[{"href":"http:\/\/ppgdin.uff.br\/index.php?rest_route=\/wp\/v2\/pages"}],"about":[{"href":"http:\/\/ppgdin.uff.br\/index.php?rest_route=\/wp\/v2\/types\/page"}],"author":[{"embeddable":true,"href":"http:\/\/ppgdin.uff.br\/index.php?rest_route=\/wp\/v2\/users\/5"}],"replies":[{"embeddable":true,"href":"http:\/\/ppgdin.uff.br\/index.php?rest_route=%2Fwp%2Fv2%2Fcomments&post=254"}],"version-history":[{"count":5,"href":"http:\/\/ppgdin.uff.br\/index.php?rest_route=\/wp\/v2\/pages\/254\/revisions"}],"predecessor-version":[{"id":3800,"href":"http:\/\/ppgdin.uff.br\/index.php?rest_route=\/wp\/v2\/pages\/254\/revisions\/3800"}],"up":[{"embeddable":true,"href":"http:\/\/ppgdin.uff.br\/index.php?rest_route=\/wp\/v2\/pages\/56"}],"wp:attachment":[{"href":"http:\/\/ppgdin.uff.br\/index.php?rest_route=%2Fwp%2Fv2%2Fmedia&parent=254"}],"wp:term":[{"taxonomy":"category","embeddable":true,"href":"http:\/\/ppgdin.uff.br\/index.php?rest_route=%2Fwp%2Fv2%2Fcategories&post=254"},{"taxonomy":"post_tag","embeddable":true,"href":"http:\/\/ppgdin.uff.br\/index.php?rest_route=%2Fwp%2Fv2%2Ftags&post=254"}],"curies":[{"name":"wp","href":"https:\/\/api.w.org\/{rel}","templated":true}]}}