{"id":2486,"date":"2021-05-24T14:28:17","date_gmt":"2021-05-24T14:28:17","guid":{"rendered":"http:\/\/ppgdin.uff.br\/?page_id=2486"},"modified":"2022-02-07T12:36:05","modified_gmt":"2022-02-07T12:36:05","slug":"regulamentacao-de-cotutela","status":"publish","type":"page","link":"http:\/\/ppgdin.uff.br\/?page_id=2486","title":{"rendered":"REGULAMENTA\u00c7\u00c3O DE COTUTELA"},"content":{"rendered":"\n<p style=\"font-size:24px\" class=\"has-text-color has-background has-very-dark-gray-color has-luminous-vivid-amber-background-color\">A <strong>COTUTELA<\/strong> contempla dupla p\u00f3s-gradua\u00e7\u00e3o para mestrandos e doutorandos na UFF e na universidade conveniada no exterior.<\/p>\n\n\n\n<div style=\"height:20px\" aria-hidden=\"true\" class=\"wp-block-spacer\"><\/div>\n\n\n\n<ul class=\"wp-block-list\"><li><strong>Requisitos para a Cotutela<\/strong> &#8211; <\/li><li><strong>Documenta\u00e7\u00e3o Necess\u00e1ria<\/strong> &#8211; <\/li><li><strong>Defesa de Disserta\u00e7\u00e3o\/Tese<\/strong> &#8211; <\/li><li><strong>Emiss\u00e3o do Diploma<\/strong> &#8211; <\/li><li><strong>Disposi\u00e7\u00f5es Gerais para Servidores da UFF<\/strong><\/li><\/ul>\n\n\n\n<p class=\"has-medium-font-size\">*  Para saber sobre os t\u00f3picos acima, <strong><a href=\"http:\/\/international.uff.br\/language\/pt\/regulamentacao-de-cotutela\/?utm_source=uff&amp;utm_medium=link&amp;utm_campaign=referrer\">clique aqui<\/a><\/strong><\/p>\n\n\n\n<div style=\"height:20px\" aria-hidden=\"true\" class=\"wp-block-spacer\"><\/div>\n\n\n\n<p class=\"has-medium-font-size\">*  <strong>Modelos de Cotutela<\/strong> (arquivos para baixar):<\/p>\n\n\n\n<p class=\"has-medium-font-size\"><strong><a href=\"http:\/\/ppgdin.uff.br\/wp-content\/uploads\/sites\/5\/2021\/05\/cotutela-portugues.docx\">Portugu\u00eas<\/a>   &#8211;   <a href=\"http:\/\/ppgdin.uff.br\/wp-content\/uploads\/sites\/5\/2021\/05\/cotutela-espanhol.docx\">Espanhol<\/a>   &#8211;   <a href=\"http:\/\/ppgdin.uff.br\/wp-content\/uploads\/sites\/5\/2021\/05\/cotutela-frances.docx\">Franc\u00eas<\/a>   &#8211;   <a href=\"http:\/\/ppgdin.uff.br\/wp-content\/uploads\/sites\/5\/2021\/05\/cotutela-ingles.docx\">Ingl\u00eas<\/a>   &#8211;   <a href=\"http:\/\/ppgdin.uff.br\/wp-content\/uploads\/sites\/5\/2021\/05\/cotutela-italiano.docx\">Italiano<\/a><\/strong><\/p>\n\n\n\n<div style=\"height:20px\" aria-hidden=\"true\" class=\"wp-block-spacer\"><\/div>\n\n\n\n<p class=\"has-medium-font-size\">*  Para maiores orienta\u00e7\u00f5es sobre a <strong>celebra\u00e7\u00e3o de cotutelas<\/strong> <strong>durante o per\u00edodo de trabalho remoto na UFF decorrente da pandemia de COVID-19<\/strong>, favor entrar em contato atrav\u00e9s do e-mail: <strong>conveniosri@id.uff.br<\/strong><\/p>\n","protected":false},"excerpt":{"rendered":"<p>A COTUTELA contempla dupla p\u00f3s-gradua\u00e7\u00e3o para mestrandos e doutorandos na UFF e na universidade conveniada no exterior. Requisitos para a Cotutela &#8211; Documenta\u00e7\u00e3o Necess\u00e1ria &#8211; Defesa de Disserta\u00e7\u00e3o\/Tese &#8211; Emiss\u00e3o do Diploma &#8211; Disposi\u00e7\u00f5es Gerais para Servidores da UFF * Para saber sobre os t\u00f3picos acima, clique aqui * Modelos de Cotutela (arquivos para baixar): [&hellip;]<\/p>\n","protected":false},"author":5,"featured_media":0,"parent":0,"menu_order":0,"comment_status":"closed","ping_status":"closed","template":"","meta":{"_exactmetrics_skip_tracking":false,"_exactmetrics_sitenote_active":false,"_exactmetrics_sitenote_note":"","_exactmetrics_sitenote_category":0,"footnotes":""},"categories":[1],"tags":[],"class_list":["post-2486","page","type-page","status-publish","hentry","category-sem-categoria"],"_links":{"self":[{"href":"http:\/\/ppgdin.uff.br\/index.php?rest_route=\/wp\/v2\/pages\/2486","targetHints":{"allow":["GET"]}}],"collection":[{"href":"http:\/\/ppgdin.uff.br\/index.php?rest_route=\/wp\/v2\/pages"}],"about":[{"href":"http:\/\/ppgdin.uff.br\/index.php?rest_route=\/wp\/v2\/types\/page"}],"author":[{"embeddable":true,"href":"http:\/\/ppgdin.uff.br\/index.php?rest_route=\/wp\/v2\/users\/5"}],"replies":[{"embeddable":true,"href":"http:\/\/ppgdin.uff.br\/index.php?rest_route=%2Fwp%2Fv2%2Fcomments&post=2486"}],"version-history":[{"count":14,"href":"http:\/\/ppgdin.uff.br\/index.php?rest_route=\/wp\/v2\/pages\/2486\/revisions"}],"predecessor-version":[{"id":2994,"href":"http:\/\/ppgdin.uff.br\/index.php?rest_route=\/wp\/v2\/pages\/2486\/revisions\/2994"}],"wp:attachment":[{"href":"http:\/\/ppgdin.uff.br\/index.php?rest_route=%2Fwp%2Fv2%2Fmedia&parent=2486"}],"wp:term":[{"taxonomy":"category","embeddable":true,"href":"http:\/\/ppgdin.uff.br\/index.php?rest_route=%2Fwp%2Fv2%2Fcategories&post=2486"},{"taxonomy":"post_tag","embeddable":true,"href":"http:\/\/ppgdin.uff.br\/index.php?rest_route=%2Fwp%2Fv2%2Ftags&post=2486"}],"curies":[{"name":"wp","href":"https:\/\/api.w.org\/{rel}","templated":true}]}}