{"id":245,"date":"2016-02-25T14:12:59","date_gmt":"2016-02-25T14:12:59","guid":{"rendered":"http:\/\/doutoradoja.sites.uff.br\/?page_id=245"},"modified":"2023-12-07T20:19:26","modified_gmt":"2023-12-07T20:19:26","slug":"carga-horaria","status":"publish","type":"page","link":"http:\/\/ppgdin.uff.br\/?page_id=245","title":{"rendered":"Carga Hor\u00e1ria do Curso"},"content":{"rendered":"\n<hr class=\"wp-block-separator\" \/>\n\n\n\n<p class=\"has-very-light-gray-background-color has-background has-medium-font-size\">O Curso de Doutorado do PPGDIN possui a <strong>dura\u00e7\u00e3o m\u00ednima de 24 <\/strong>(vinte e quatro)<strong> e m\u00e1xima de 48 <\/strong>(quarenta e oito)<strong> meses<\/strong>.  A <strong>CARGA HOR\u00c1RIA<\/strong> total do Programa (e que implica em sua integraliza\u00e7\u00e3o) corresponde \u00e0 <strong>1485 horas <\/strong>&#8211; <strong>99 cr\u00e9ditos<\/strong>. <\/p>\n\n\n\n<hr class=\"wp-block-separator\" \/>\n\n\n\n<p class=\"has-very-light-gray-background-color has-background has-medium-font-size\">Sendo, exig\u00eancia m\u00ednima:<\/p>\n\n\n\n<p class=\"has-very-light-gray-background-color has-background has-medium-font-size\"><strong>7 disciplinas<\/strong> <strong>obrigat\u00f3rias<\/strong> \u2013 375 horas e 25 cr\u00e9ditos<\/p>\n\n\n\n<p class=\"has-very-light-gray-background-color has-background has-medium-font-size\"><strong>2 disciplinas optativas<\/strong> &nbsp;\u2013 90 horas e 6 cr\u00e9ditos<\/p>\n\n\n\n<p class=\"has-very-light-gray-background-color has-background has-medium-font-size\"><strong>Atividades Acad\u00eamicas Especiais<\/strong> \u2013 480 horas e 32 cr\u00e9ditos <a href=\"http:\/\/ppgdin.uff.br\/?page_id=3424\">(informa\u00e7\u00f5es sobre carga hor\u00e1ria das atividades &#8211; clique aqui)<\/a><\/p>\n\n\n\n<p class=\"has-very-light-gray-background-color has-background has-medium-font-size\"><strong>Prepara\u00e7\u00e3o e Qualifica\u00e7\u00e3o da Tese &nbsp;\u2013 <\/strong>90 horas e 6 cr\u00e9ditos<\/p>\n\n\n\n<p class=\"has-very-light-gray-background-color has-background has-medium-font-size\"><strong>Elabora\u00e7\u00e3o e Defesa da Tese<\/strong> \u2013 450 horas e 30 cr\u00e9ditos<\/p>\n\n\n\n<hr class=\"wp-block-separator\" \/>\n","protected":false},"excerpt":{"rendered":"<p>O Curso de Doutorado do PPGDIN possui a dura\u00e7\u00e3o m\u00ednima de 24 (vinte e quatro) e m\u00e1xima de 48 (quarenta e oito) meses. A CARGA HOR\u00c1RIA total do Programa (e que implica em sua integraliza\u00e7\u00e3o) corresponde \u00e0 1485 horas &#8211; 99 cr\u00e9ditos. Sendo, exig\u00eancia m\u00ednima: 7 disciplinas obrigat\u00f3rias \u2013 375 horas e 25 cr\u00e9ditos 2 [&hellip;]<\/p>\n","protected":false},"author":5,"featured_media":0,"parent":56,"menu_order":0,"comment_status":"closed","ping_status":"closed","template":"","meta":{"_exactmetrics_skip_tracking":false,"_exactmetrics_sitenote_active":false,"_exactmetrics_sitenote_note":"","_exactmetrics_sitenote_category":0,"footnotes":""},"categories":[],"tags":[],"class_list":["post-245","page","type-page","status-publish","hentry"],"_links":{"self":[{"href":"http:\/\/ppgdin.uff.br\/index.php?rest_route=\/wp\/v2\/pages\/245","targetHints":{"allow":["GET"]}}],"collection":[{"href":"http:\/\/ppgdin.uff.br\/index.php?rest_route=\/wp\/v2\/pages"}],"about":[{"href":"http:\/\/ppgdin.uff.br\/index.php?rest_route=\/wp\/v2\/types\/page"}],"author":[{"embeddable":true,"href":"http:\/\/ppgdin.uff.br\/index.php?rest_route=\/wp\/v2\/users\/5"}],"replies":[{"embeddable":true,"href":"http:\/\/ppgdin.uff.br\/index.php?rest_route=%2Fwp%2Fv2%2Fcomments&post=245"}],"version-history":[{"count":8,"href":"http:\/\/ppgdin.uff.br\/index.php?rest_route=\/wp\/v2\/pages\/245\/revisions"}],"predecessor-version":[{"id":4139,"href":"http:\/\/ppgdin.uff.br\/index.php?rest_route=\/wp\/v2\/pages\/245\/revisions\/4139"}],"up":[{"embeddable":true,"href":"http:\/\/ppgdin.uff.br\/index.php?rest_route=\/wp\/v2\/pages\/56"}],"wp:attachment":[{"href":"http:\/\/ppgdin.uff.br\/index.php?rest_route=%2Fwp%2Fv2%2Fmedia&parent=245"}],"wp:term":[{"taxonomy":"category","embeddable":true,"href":"http:\/\/ppgdin.uff.br\/index.php?rest_route=%2Fwp%2Fv2%2Fcategories&post=245"},{"taxonomy":"post_tag","embeddable":true,"href":"http:\/\/ppgdin.uff.br\/index.php?rest_route=%2Fwp%2Fv2%2Ftags&post=245"}],"curies":[{"name":"wp","href":"https:\/\/api.w.org\/{rel}","templated":true}]}}