{"id":225,"date":"2016-02-25T12:12:06","date_gmt":"2016-02-25T12:12:06","guid":{"rendered":"http:\/\/doutoradoja.sites.uff.br\/?page_id=225"},"modified":"2024-05-23T17:22:00","modified_gmt":"2024-05-23T17:22:00","slug":"apresentacao-2","status":"publish","type":"page","link":"http:\/\/ppgdin.uff.br\/?page_id=225","title":{"rendered":"Apresenta\u00e7\u00e3o"},"content":{"rendered":"\n<hr class=\"wp-block-separator\" \/>\n\n\n\n<p class=\"has-very-light-gray-background-color has-background has-medium-font-size\">O Curso de <strong>P\u00f3s-Gradua\u00e7\u00e3o em Direitos, Institui\u00e7\u00f5es e Neg\u00f3cios<\/strong> <strong>&#8211; PPGDIN<\/strong> foi desenvolvido pela Universidade Federal Fluminense e constitui <strong>Doutorado Acad\u00eamico em Direito<\/strong> (stricto sensu), privilegiando o trabalho integrado dos pesquisadores-docentes part\u00edcipes do Programa gerando um substrato de viv\u00eancias, experi\u00eancias, discursos, normas, regras e institui\u00e7\u00f5es que se apresentam como um rico manancial para as investiga\u00e7\u00f5es acad\u00eamicas. Estudos comparativos, solu\u00e7\u00f5es de problemas locais que sejam pass\u00edveis de universaliza\u00e7\u00e3o, experi\u00eancias de organiza\u00e7\u00f5es jur\u00eddicas, empresariais e sociais que possam ser partilhadas e refletidas coletivamente, entre o corpo docente e discente do Curso, estes s\u00e3o elementos diferenciados e fundamentais no Programa.<\/p>\n\n\n<h5><strong>Coordenador<\/strong><\/h5>\n<h5><a href=\"http:\/\/buscatextual.cnpq.br\/buscatextual\/visualizacv.do?id=K4756734P3&amp;tokenCaptchar=03AGdBq27Sl0JAE-y1nxaGE5NR4JyboFrDhdf594r_i9lhwap_M9s_mRpRhF91DqtoYB61m1K2NHT5-3mhZhraVIzY-7_HIrLvTszoCxJu8bE9-HYmwhaHp_jRIR6BIft5uZsf2Qkc7WSBDxyuW7Hvm_pAXQtNSXx9g5aYeq7xv-63ivZ_1xiJN7A3RixNoUPH97fmt6BPRBpcogHwSh862Wv2cg1uWU2qH1K48iqBl2GWVTN0nsF13QrH3FrMnfxOmTaa_dNLWlcTOz7XrjQbVA9p0tp_RUJGnmxfqF8dzFjGDysSdfYcWQ6leM3f9DoLDst3oUbLLDFiqKQaMpO_d6OjZkFodYigCwevdcQA8qFiVYmgEDKDgSYLdJL2t-j70Q52kzgOs3wKmUyww1wkRJ8nwxsVJd3g-Fn94YcBA7E2GK1h2dJKO5FWb6QYiH14EZALwOYsF4SQpR56jsQUt6HvudNHwJ8IOg\">PL\u00cdNIO LACERDA MARTINS<\/a><\/h5>\n<h5>\u00a0<\/h5>\n<h5>\u00a0<\/h5>\n<h5>\u00a0<\/h5>","protected":false},"excerpt":{"rendered":"<p>O Curso de P\u00f3s-Gradua\u00e7\u00e3o em Direitos, Institui\u00e7\u00f5es e Neg\u00f3cios &#8211; PPGDIN foi desenvolvido pela Universidade Federal Fluminense e constitui Doutorado Acad\u00eamico em Direito (stricto sensu), privilegiando o trabalho integrado dos pesquisadores-docentes part\u00edcipes do Programa gerando um substrato de viv\u00eancias, experi\u00eancias, discursos, normas, regras e institui\u00e7\u00f5es que se apresentam como um rico manancial para as investiga\u00e7\u00f5es [&hellip;]<\/p>\n","protected":false},"author":5,"featured_media":0,"parent":190,"menu_order":0,"comment_status":"closed","ping_status":"closed","template":"","meta":{"_exactmetrics_skip_tracking":false,"_exactmetrics_sitenote_active":false,"_exactmetrics_sitenote_note":"","_exactmetrics_sitenote_category":0,"footnotes":""},"categories":[],"tags":[],"class_list":["post-225","page","type-page","status-publish","hentry"],"_links":{"self":[{"href":"http:\/\/ppgdin.uff.br\/index.php?rest_route=\/wp\/v2\/pages\/225","targetHints":{"allow":["GET"]}}],"collection":[{"href":"http:\/\/ppgdin.uff.br\/index.php?rest_route=\/wp\/v2\/pages"}],"about":[{"href":"http:\/\/ppgdin.uff.br\/index.php?rest_route=\/wp\/v2\/types\/page"}],"author":[{"embeddable":true,"href":"http:\/\/ppgdin.uff.br\/index.php?rest_route=\/wp\/v2\/users\/5"}],"replies":[{"embeddable":true,"href":"http:\/\/ppgdin.uff.br\/index.php?rest_route=%2Fwp%2Fv2%2Fcomments&post=225"}],"version-history":[{"count":17,"href":"http:\/\/ppgdin.uff.br\/index.php?rest_route=\/wp\/v2\/pages\/225\/revisions"}],"predecessor-version":[{"id":4324,"href":"http:\/\/ppgdin.uff.br\/index.php?rest_route=\/wp\/v2\/pages\/225\/revisions\/4324"}],"up":[{"embeddable":true,"href":"http:\/\/ppgdin.uff.br\/index.php?rest_route=\/wp\/v2\/pages\/190"}],"wp:attachment":[{"href":"http:\/\/ppgdin.uff.br\/index.php?rest_route=%2Fwp%2Fv2%2Fmedia&parent=225"}],"wp:term":[{"taxonomy":"category","embeddable":true,"href":"http:\/\/ppgdin.uff.br\/index.php?rest_route=%2Fwp%2Fv2%2Fcategories&post=225"},{"taxonomy":"post_tag","embeddable":true,"href":"http:\/\/ppgdin.uff.br\/index.php?rest_route=%2Fwp%2Fv2%2Ftags&post=225"}],"curies":[{"name":"wp","href":"https:\/\/api.w.org\/{rel}","templated":true}]}}