{"id":1684,"date":"2019-12-12T12:16:49","date_gmt":"2019-12-12T12:16:49","guid":{"rendered":"http:\/\/ppgdin.uff.br\/?page_id=1684"},"modified":"2024-01-22T13:38:07","modified_gmt":"2024-01-22T13:38:07","slug":"noticias","status":"publish","type":"page","link":"http:\/\/ppgdin.uff.br\/?page_id=1684","title":{"rendered":"Formul\u00e1rios"},"content":{"rendered":"\n<div style=\"height:20px\" aria-hidden=\"true\" class=\"wp-block-spacer\"><\/div>\n\n\n\n<p style=\"font-size:18px\"><a href=\"http:\/\/ppgdin.uff.br\/wp-content\/uploads\/sites\/5\/2020\/12\/co\u0301digo-das-disciplinas-PPGDIN.docx\">C\u00f3digo da Disciplinas<\/a><\/p>\n\n\n\n<p class=\"has-medium-font-size\"><a href=\"http:\/\/ppgdin.uff.br\/wp-content\/uploads\/sites\/5\/2023\/11\/Formulario-Solicitacao-de-Defesa.doc\">DEFESA &#8211; Formul\u00e1rio para Solicita\u00e7\u00e3o de Defesa de Tese<\/a><\/p>\n\n\n\n<p style=\"font-size:18px\"><a href=\"http:\/\/ppgdin.uff.br\/wp-content\/uploads\/sites\/5\/2020\/10\/DIPLOMA-Ficha-de-Atualizacao-de-Registro-de-Certificados.pdf\">DIPLOMA &#8211; Ficha de Atualiza\u00e7\u00e3o de Registro de Certificados<\/a><\/p>\n\n\n\n<p style=\"font-size:18px\"><a href=\"http:\/\/ppgdin.uff.br\/wp-content\/uploads\/sites\/5\/2020\/10\/DIPLOMA-Requerimento-Escolar.pdf\">DIPLOMA &#8211; Requerimento Escolar<\/a><\/p>\n\n\n\n<p style=\"font-size:18px\"><a href=\"http:\/\/ppgdin.uff.br\/wp-content\/uploads\/sites\/5\/2020\/11\/Tutorial-para-gerar-Declara\u00e7\u00e3o-SisPos.pdf\">Gerar Declara\u00e7\u00e3o &#8211; Tutorial (SisPos)<\/a><\/p>\n\n\n\n<p style=\"font-size:18px\"><a href=\"http:\/\/ppgdin.uff.br\/wp-content\/uploads\/sites\/5\/2024\/01\/RELATO\u0301RIO-DE-ATIVIDADES-DISCENTES-NOVO-MODELO-2024.docx\">Relat\u00f3rio de Atividades Discentes<\/a> &#8211; novo modelo<\/p>\n\n\n\n<p style=\"font-size:18px\"><a href=\"http:\/\/ppgdin.uff.br\/wp-content\/uploads\/sites\/5\/2020\/01\/termo-de-encaminhamento.pdf\">Termo de Encaminhamento de Tese<\/a><\/p>\n\n\n\n<p style=\"font-size:18px\"><a href=\"http:\/\/ppgdin.uff.br\/wp-content\/uploads\/sites\/5\/2019\/12\/Requerimento-escolar-PPGDIN.pdf\">Formul\u00e1rio de Requerimento Escolar<\/a><\/p>\n\n\n\n<p style=\"font-size:18px\"><a href=\"http:\/\/ppgdin.uff.br\/wp-content\/uploads\/sites\/5\/2020\/02\/Entrega-de-doc_proj_rel_trab_etc.pdf\">Formul\u00e1rio para Entrega de Documentos ao PPGDIN<\/a><\/p>\n\n\n\n<p style=\"font-size:18px\"><a href=\"http:\/\/ppgdin.uff.br\/wp-content\/uploads\/sites\/5\/2019\/12\/EST\u00c1GIO-DOCENCIA_FICHA-DE-INSCRI\u00c7\u00c3O-DE-ATIVIDADE.doc\">Ficha de Inscri\u00e7\u00e3o de Atividades para Est\u00e1gio de Doc\u00eancia<\/a><\/p>\n\n\n\n<p style=\"font-size:18px\"><a href=\"https:\/\/docs.google.com\/document\/d\/1Vc2vTNF54T7yWPbRwyXhJVZaEArf5XbE\/edit?usp=share_link&amp;ouid=116229381906007015689&amp;rtpof=true&amp;sd=true\">(Modelo) Memorando_Est\u00e1gio_Doc\u00eancia<\/a><\/p>\n\n\n\n<p style=\"font-size:18px\"><a href=\"http:\/\/ppgdin.uff.br\/wp-content\/uploads\/sites\/5\/2020\/12\/ESTAGIO-DOCENCIA_FICHA-DE-AVALIA\u00c7\u00c3O.docx\">Formul\u00e1rio de Avalia\u00e7\u00e3o do Est\u00e1gio de Doc\u00eancia<\/a><\/p>\n\n\n\n<p style=\"font-size:18px\"><a href=\"http:\/\/ppgdin.uff.br\/wp-content\/uploads\/sites\/5\/2020\/02\/Ficha-de-acompanhamento-de-atividades-de-pesquisa.pdf\">Formul\u00e1rio de Acompanhamento de Atividades de Pesquisa<\/a><\/p>\n\n\n\n<p style=\"font-size:18px\"><a href=\"http:\/\/ppgdin.uff.br\/wp-content\/uploads\/sites\/5\/2019\/12\/Ficha-Cadastral-Edital-2020.1.pdf\">Ficha de Inscri\u00e7\u00e3o Cadastral &#8211; Edital Doutorado<\/a><\/p>\n\n\n\n<p style=\"font-size:18px\"><a href=\"http:\/\/ppgdin.uff.br\/wp-content\/uploads\/sites\/5\/2020\/11\/Modelo-declarac\u0327a\u0303o-grupo-de-pesquisa.docx\">Modelo &#8211; Declara\u00e7\u00e3o &#8211; Grupo de Pesquisa<\/a><\/p>\n","protected":false},"excerpt":{"rendered":"<p>C\u00f3digo da Disciplinas DEFESA &#8211; Formul\u00e1rio para Solicita\u00e7\u00e3o de Defesa de Tese DIPLOMA &#8211; Ficha de Atualiza\u00e7\u00e3o de Registro de Certificados DIPLOMA &#8211; Requerimento Escolar Gerar Declara\u00e7\u00e3o &#8211; Tutorial (SisPos) Relat\u00f3rio de Atividades Discentes &#8211; novo modelo Termo de Encaminhamento de Tese Formul\u00e1rio de Requerimento Escolar Formul\u00e1rio para Entrega de Documentos ao PPGDIN Ficha de [&hellip;]<\/p>\n","protected":false},"author":5,"featured_media":0,"parent":0,"menu_order":0,"comment_status":"closed","ping_status":"closed","template":"","meta":{"_exactmetrics_skip_tracking":false,"_exactmetrics_sitenote_active":false,"_exactmetrics_sitenote_note":"","_exactmetrics_sitenote_category":0,"footnotes":""},"categories":[2],"tags":[],"class_list":["post-1684","page","type-page","status-publish","hentry","category-destaques"],"_links":{"self":[{"href":"http:\/\/ppgdin.uff.br\/index.php?rest_route=\/wp\/v2\/pages\/1684","targetHints":{"allow":["GET"]}}],"collection":[{"href":"http:\/\/ppgdin.uff.br\/index.php?rest_route=\/wp\/v2\/pages"}],"about":[{"href":"http:\/\/ppgdin.uff.br\/index.php?rest_route=\/wp\/v2\/types\/page"}],"author":[{"embeddable":true,"href":"http:\/\/ppgdin.uff.br\/index.php?rest_route=\/wp\/v2\/users\/5"}],"replies":[{"embeddable":true,"href":"http:\/\/ppgdin.uff.br\/index.php?rest_route=%2Fwp%2Fv2%2Fcomments&post=1684"}],"version-history":[{"count":30,"href":"http:\/\/ppgdin.uff.br\/index.php?rest_route=\/wp\/v2\/pages\/1684\/revisions"}],"predecessor-version":[{"id":4241,"href":"http:\/\/ppgdin.uff.br\/index.php?rest_route=\/wp\/v2\/pages\/1684\/revisions\/4241"}],"wp:attachment":[{"href":"http:\/\/ppgdin.uff.br\/index.php?rest_route=%2Fwp%2Fv2%2Fmedia&parent=1684"}],"wp:term":[{"taxonomy":"category","embeddable":true,"href":"http:\/\/ppgdin.uff.br\/index.php?rest_route=%2Fwp%2Fv2%2Fcategories&post=1684"},{"taxonomy":"post_tag","embeddable":true,"href":"http:\/\/ppgdin.uff.br\/index.php?rest_route=%2Fwp%2Fv2%2Ftags&post=1684"}],"curies":[{"name":"wp","href":"https:\/\/api.w.org\/{rel}","templated":true}]}}